{"id":30266,"date":"2025-04-10T12:08:03","date_gmt":"2025-04-10T10:08:03","guid":{"rendered":"https:\/\/myspainfood.com\/producto\/gildas-de-boqueron-bokeo-5-jednotek\/"},"modified":"2025-06-24T13:34:06","modified_gmt":"2025-06-24T11:34:06","slug":"gildas-de-boqueron-bokeo-5-jednotek","status":"publish","type":"product","link":"https:\/\/myspainfood.com\/cs\/producto\/gildas-de-boqueron-bokeo-5-jednotek\/","title":{"rendered":"Gildas de Boquer\u00f3n Bokeo 5 jednotek"},"content":{"rendered":"<p>Olej (85 % slune\u010dnicov\u00fd, 15 % olivov\u00fd), olivy pln\u011bn\u00e9 <strong>an\u010dovi\u010dkami<\/strong>, <strong>an\u010dovi\u010dky<\/strong> v oct\u011b, \u010derven\u00e1 paprika, petr\u017eel a \u010desnek.<\/p>\n","protected":false},"excerpt":{"rendered":"<p>Olej (85 % slune\u010dnicov\u00fd, 15 % olivov\u00fd), olivy pln\u011bn\u00e9 an\u010dovi\u010dkami, an\u010dovi\u010dky v oct\u011b, \u010derven\u00e1 paprika, petr\u017eel a \u010desnek.<\/p>\n","protected":false},"featured_media":30272,"template":"","meta":{"_et_pb_use_builder":"","_et_pb_old_content":"","_et_gb_content_width":""},"product_brand":[1277],"product_cat":[1897,1868,1780,2371,1778,1870,1935],"product_tag":[],"class_list":{"0":"post-30266","1":"product","2":"type-product","3":"status-publish","4":"has-post-thumbnail","6":"product_brand-bokeo","7":"product_cat-ancovicky-cs-2","8":"product_cat-cold-cs","9":"product_cat-olivy-cs","10":"product_cat-peppers-cs","11":"product_cat-pickles-cs","12":"product_cat-pintxos-cs","13":"product_cat-zachovava","14":"product_shipping_class-preprava-za-studena","16":"first","17":"instock","18":"taxable","19":"shipping-taxable","20":"product-type-variable"},"_links":{"self":[{"href":"https:\/\/myspainfood.com\/cs\/wp-json\/wp\/v2\/product\/30266","targetHints":{"allow":["GET"]}}],"collection":[{"href":"https:\/\/myspainfood.com\/cs\/wp-json\/wp\/v2\/product"}],"about":[{"href":"https:\/\/myspainfood.com\/cs\/wp-json\/wp\/v2\/types\/product"}],"wp:featuredmedia":[{"embeddable":true,"href":"https:\/\/myspainfood.com\/cs\/wp-json\/wp\/v2\/media\/30272"}],"wp:attachment":[{"href":"https:\/\/myspainfood.com\/cs\/wp-json\/wp\/v2\/media?parent=30266"}],"wp:term":[{"taxonomy":"product_brand","embeddable":true,"href":"https:\/\/myspainfood.com\/cs\/wp-json\/wp\/v2\/product_brand?post=30266"},{"taxonomy":"product_cat","embeddable":true,"href":"https:\/\/myspainfood.com\/cs\/wp-json\/wp\/v2\/product_cat?post=30266"},{"taxonomy":"product_tag","embeddable":true,"href":"https:\/\/myspainfood.com\/cs\/wp-json\/wp\/v2\/product_tag?post=30266"}],"curies":[{"name":"wp","href":"https:\/\/api.w.org\/{rel}","templated":true}]}}