{"id":30617,"date":"2025-04-10T12:08:03","date_gmt":"2025-04-10T10:08:03","guid":{"rendered":"https:\/\/myspainfood.com\/producto\/cecina-a-syr-gildas-4-jednotky\/"},"modified":"2025-06-24T14:14:30","modified_gmt":"2025-06-24T12:14:30","slug":"cecina-a-syr-gildas-4-jednotky","status":"publish","type":"product","link":"https:\/\/myspainfood.com\/cs\/producto\/cecina-a-syr-gildas-4-jednotky\/","title":{"rendered":"Cecina a s\u00fdr Gildas 4 jednotky"},"content":{"rendered":"<p>Olej (85 % slune\u010dnicov\u00fd, 15 % olivov\u00fd), polotvrd\u00fd s\u00fdr a su\u0161en\u00e9 hov\u011bz\u00ed maso.<\/p>\n","protected":false},"excerpt":{"rendered":"<p>Olej (85 % slune\u010dnicov\u00fd, 15 % olivov\u00fd), polotvrd\u00fd s\u00fdr a su\u0161en\u00e9 hov\u011bz\u00ed maso.<\/p>\n","protected":false},"featured_media":30623,"template":"","meta":{"_et_pb_use_builder":"","_et_pb_old_content":"","_et_gb_content_width":""},"product_brand":[1277],"product_cat":[2063,1868,2299,2757,1778,1870,2298],"product_tag":[],"class_list":{"0":"post-30617","1":"product","2":"type-product","3":"status-publish","4":"has-post-thumbnail","6":"product_brand-bokeo","7":"product_cat-banderillas-cs","8":"product_cat-cold-cs","9":"product_cat-klobasa-cs","10":"product_cat-lecba","11":"product_cat-pickles-cs","12":"product_cat-pintxos-cs","13":"product_cat-syr-a-klobasa-cs","14":"product_shipping_class-preprava-za-studena","16":"first","17":"outofstock","18":"taxable","19":"shipping-taxable","20":"product-type-variable"},"_links":{"self":[{"href":"https:\/\/myspainfood.com\/cs\/wp-json\/wp\/v2\/product\/30617","targetHints":{"allow":["GET"]}}],"collection":[{"href":"https:\/\/myspainfood.com\/cs\/wp-json\/wp\/v2\/product"}],"about":[{"href":"https:\/\/myspainfood.com\/cs\/wp-json\/wp\/v2\/types\/product"}],"wp:featuredmedia":[{"embeddable":true,"href":"https:\/\/myspainfood.com\/cs\/wp-json\/wp\/v2\/media\/30623"}],"wp:attachment":[{"href":"https:\/\/myspainfood.com\/cs\/wp-json\/wp\/v2\/media?parent=30617"}],"wp:term":[{"taxonomy":"product_brand","embeddable":true,"href":"https:\/\/myspainfood.com\/cs\/wp-json\/wp\/v2\/product_brand?post=30617"},{"taxonomy":"product_cat","embeddable":true,"href":"https:\/\/myspainfood.com\/cs\/wp-json\/wp\/v2\/product_cat?post=30617"},{"taxonomy":"product_tag","embeddable":true,"href":"https:\/\/myspainfood.com\/cs\/wp-json\/wp\/v2\/product_tag?post=30617"}],"curies":[{"name":"wp","href":"https:\/\/api.w.org\/{rel}","templated":true}]}}