{"id":30898,"date":"2025-04-10T12:09:09","date_gmt":"2025-04-10T10:09:09","guid":{"rendered":"https:\/\/myspainfood.com\/producto\/el-gran-cardenal-kozi-a-kravsky-syr-s-paprikou\/"},"modified":"2025-06-24T14:17:08","modified_gmt":"2025-06-24T12:17:08","slug":"el-gran-cardenal-kozi-a-kravsky-syr-s-paprikou","status":"publish","type":"product","link":"https:\/\/myspainfood.com\/cs\/producto\/el-gran-cardenal-kozi-a-kravsky-syr-s-paprikou\/","title":{"rendered":"El Gran Cardenal Koz\u00ed a kravsk\u00fd s\u00fdr s paprikou"},"content":{"rendered":"<div class=\"et_pb_blurb_container\">\n<div class=\"et_pb_blurb_container\">\n<h4 class=\"et_pb_module_header\">Koz\u00ed maso s paprikou<\/h4>\n<div class=\"et_pb_blurb_description\">S\u00fdr je na povrchu pota\u017een p\u0159\u00edrodn\u00ed paprikou (z\u00edskanou su\u0161en\u00edm a mlet\u00edm \u010derven\u00e9 papriky), kter\u00e1 mu dod\u00e1v\u00e1 atraktivn\u00ed na\u010dervenalou barvu a velmi zvl\u00e1\u0161tn\u00ed v\u016fni a chu\u0165.<\/p>\n<p>Kombinace kr\u00e9movosti koz\u00edho ml\u00e9ka a chuti p\u0159\u00edrodn\u00ed papriky je jednou z nejlep\u0161\u00edch mo\u017en\u00fdch kombinac\u00ed s\u00fdr\u016f.<\/p><\/div>\n<\/div>\n<\/div>\n","protected":false},"excerpt":{"rendered":"<p>Koz\u00ed maso s paprikou S\u00fdr je na povrchu pota\u017een p\u0159\u00edrodn\u00ed paprikou (z\u00edskanou su\u0161en\u00edm a mlet\u00edm \u010derven\u00e9 papriky), kter\u00e1 mu dod\u00e1v\u00e1 atraktivn\u00ed na\u010dervenalou barvu a velmi zvl\u00e1\u0161tn\u00ed v\u016fni a chu\u0165. Kombinace kr\u00e9movosti koz\u00edho ml\u00e9ka a chuti p\u0159\u00edrodn\u00ed papriky je jednou z nejlep\u0161\u00edch mo\u017en\u00fdch kombinac\u00ed s\u00fdr\u016f.<\/p>\n","protected":false},"featured_media":30902,"template":"","meta":{"_et_pb_use_builder":"","_et_pb_old_content":"","_et_gb_content_width":""},"product_brand":[1319],"product_cat":[1868,2757,2298],"product_tag":[],"class_list":{"0":"post-30898","1":"product","2":"type-product","3":"status-publish","4":"has-post-thumbnail","6":"product_brand-el-gran-cardenal","7":"product_cat-cold-cs","8":"product_cat-lecba","9":"product_cat-syr-a-klobasa-cs","10":"product_shipping_class-preprava-za-studena","12":"first","13":"outofstock","14":"taxable","15":"shipping-taxable","16":"product-type-variable"},"_links":{"self":[{"href":"https:\/\/myspainfood.com\/cs\/wp-json\/wp\/v2\/product\/30898","targetHints":{"allow":["GET"]}}],"collection":[{"href":"https:\/\/myspainfood.com\/cs\/wp-json\/wp\/v2\/product"}],"about":[{"href":"https:\/\/myspainfood.com\/cs\/wp-json\/wp\/v2\/types\/product"}],"wp:featuredmedia":[{"embeddable":true,"href":"https:\/\/myspainfood.com\/cs\/wp-json\/wp\/v2\/media\/30902"}],"wp:attachment":[{"href":"https:\/\/myspainfood.com\/cs\/wp-json\/wp\/v2\/media?parent=30898"}],"wp:term":[{"taxonomy":"product_brand","embeddable":true,"href":"https:\/\/myspainfood.com\/cs\/wp-json\/wp\/v2\/product_brand?post=30898"},{"taxonomy":"product_cat","embeddable":true,"href":"https:\/\/myspainfood.com\/cs\/wp-json\/wp\/v2\/product_cat?post=30898"},{"taxonomy":"product_tag","embeddable":true,"href":"https:\/\/myspainfood.com\/cs\/wp-json\/wp\/v2\/product_tag?post=30898"}],"curies":[{"name":"wp","href":"https:\/\/api.w.org\/{rel}","templated":true}]}}