{"id":31055,"date":"2025-04-10T12:08:39","date_gmt":"2025-04-10T10:08:39","guid":{"rendered":"https:\/\/myspainfood.com\/producto\/kokotxas-iceland-extra-500gr\/"},"modified":"2025-07-28T13:09:19","modified_gmt":"2025-07-28T11:09:19","slug":"kokotxas-iceland-extra-500gr","status":"publish","type":"product","link":"https:\/\/myspainfood.com\/cs\/producto\/kokotxas-iceland-extra-500gr\/","title":{"rendered":"Kokotxas Iceland Extra 500gr"},"content":{"rendered":"<p>Kokotxas Islandia Extra 500gr od <a href=\"https:\/\/labarajilla.es\/bacalao\/\" target=\"_blank\" rel=\"noopener noreferrer nofollow\">La Barajilla<\/a> jsou velmi cen\u011bn\u00e9 pro svou strukturu.<\/p>\n<p>Tyto kokotxy maj\u00ed dobrou svalovou hmotu um\u00edst\u011bnou mezi ob\u011bma spodn\u00edmi \u010delistmi ryby.<\/p>\n<ul>\n<li><strong>DRUH<\/strong>: Treska obecn\u00e1 ( Gadus Morhua )<u><\/u><u><\/u><\/li>\n<li><strong>RYBOLOVN\u00c1 OBLAST<\/strong>: severoz\u00e1padn\u00ed Atlantik ( FAO 27 )<u><\/u><u><\/u><\/li>\n<li><strong>SKLADOV\u00c1N\u00cd<\/strong>: p\u0159i teplot\u011b od 0 do 5 \u00b0C.<\/li>\n<\/ul>\n<p>Z nutri\u010dn\u00edho hlediska je treska potravina bohat\u00e1 na b\u00edlkoviny s vysokou biologickou hodnotou a stravitelnost\u00ed, s n\u00edzk\u00fdm obsahem tuku a kalori\u00ed.<\/p>\n<p>Obsah vody je p\u0159ibli\u017en\u011b 80 % (u \u010derstv\u00e9 tresky).<\/p>\n<p>Tato treska je dobr\u00fdm zdrojem vitam\u00edn\u016f (p\u0159edev\u0161\u00edm skupiny B) a miner\u00e1ln\u00edch sol\u00ed nezbytn\u00fdch pro organismus.<\/p>\n<p>\u010cerstvou nebo odsolenou tresku mohou konzumovat lid\u00e9 s vysok\u00fdm krevn\u00edm tlakem, proto\u017ee m\u00e1 n\u00edzk\u00fd obsah sod\u00edku a je bohat\u00e1 na drasl\u00edk.<\/p>\n<p>&#8222;Treska obecn\u00e1 je spole\u010dn\u00fd n\u00e1zev pro n\u011bkolik druh\u016f ryb rodu Gadus, i kdy\u017e n\u011bkter\u00e9 druhy t\u00e9ho\u017e rodu mohou m\u00edt i jin\u00e1 jm\u00e9na.<\/p>\n<p>Nejb\u011b\u017en\u011bj\u0161\u00edm druhem je treska obecn\u00e1 (Gadus morhua).<\/p>\n<p>Pokud si chcete koupit Kokotxas Islandia Extra 500gr nebo jak\u00fdkoli jin\u00fd druh <a href=\"https:\/\/latiendadesami.com\/categoria-producto\/frio\/\" rel=\"noopener noreferrer nofollow\" target=\"_blank\">studen\u00e9ho<\/a> produktu, nev\u00e1hejte se pod\u00edvat do na\u0161eho online katalogu a prohl\u00e9dnout si \u0161irokou nab\u00eddku tresky, kterou m\u00e1me.<\/p>\n<p>Napi\u0161te n\u00e1m o dal\u0161\u00ed informace.<\/p>\n","protected":false},"excerpt":{"rendered":"<p>Kokotxas Islandia Extra 500gr od La Barajilla jsou velmi cen\u011bn\u00e9 pro svou strukturu. Tyto kokotxy maj\u00ed dobrou svalovou hmotu um\u00edst\u011bnou mezi ob\u011bma spodn\u00edmi \u010delistmi ryby. DRUH: Treska obecn\u00e1 ( Gadus Morhua ) RYBOLOVN\u00c1 OBLAST: severoz\u00e1padn\u00ed Atlantik ( FAO 27 ) SKLADOV\u00c1N\u00cd: p\u0159i teplot\u011b od 0 do 5 \u00b0C. Z nutri\u010dn\u00edho hlediska je treska potravina bohat\u00e1 [&hellip;]<\/p>\n","protected":false},"featured_media":31059,"template":"","meta":{"_et_pb_use_builder":"","_et_pb_old_content":"","_et_gb_content_width":""},"product_brand":[1290],"product_cat":[1868,3553],"product_tag":[],"class_list":{"0":"post-31055","1":"product","2":"type-product","3":"status-publish","4":"has-post-thumbnail","6":"product_brand-la-barajilla","7":"product_cat-cold-cs","8":"product_cat-treska-cs","9":"product_shipping_class-preprava-za-studena","11":"first","12":"outofstock","13":"taxable","14":"shipping-taxable","15":"purchasable","16":"product-type-simple"},"_links":{"self":[{"href":"https:\/\/myspainfood.com\/cs\/wp-json\/wp\/v2\/product\/31055","targetHints":{"allow":["GET"]}}],"collection":[{"href":"https:\/\/myspainfood.com\/cs\/wp-json\/wp\/v2\/product"}],"about":[{"href":"https:\/\/myspainfood.com\/cs\/wp-json\/wp\/v2\/types\/product"}],"wp:featuredmedia":[{"embeddable":true,"href":"https:\/\/myspainfood.com\/cs\/wp-json\/wp\/v2\/media\/31059"}],"wp:attachment":[{"href":"https:\/\/myspainfood.com\/cs\/wp-json\/wp\/v2\/media?parent=31055"}],"wp:term":[{"taxonomy":"product_brand","embeddable":true,"href":"https:\/\/myspainfood.com\/cs\/wp-json\/wp\/v2\/product_brand?post=31055"},{"taxonomy":"product_cat","embeddable":true,"href":"https:\/\/myspainfood.com\/cs\/wp-json\/wp\/v2\/product_cat?post=31055"},{"taxonomy":"product_tag","embeddable":true,"href":"https:\/\/myspainfood.com\/cs\/wp-json\/wp\/v2\/product_tag?post=31055"}],"curies":[{"name":"wp","href":"https:\/\/api.w.org\/{rel}","templated":true}]}}