{"id":31691,"date":"2025-04-10T12:09:08","date_gmt":"2025-04-10T10:09:08","guid":{"rendered":"https:\/\/myspainfood.com\/producto\/ovci-syr-s-rozmarynem-el-gran-cardenal\/"},"modified":"2025-06-24T14:13:19","modified_gmt":"2025-06-24T12:13:19","slug":"ovci-syr-s-rozmarynem-el-gran-cardenal","status":"publish","type":"product","link":"https:\/\/myspainfood.com\/cs\/producto\/ovci-syr-s-rozmarynem-el-gran-cardenal\/","title":{"rendered":"Ov\u010d\u00ed s\u00fdr s rozmar\u00fdnem El Gran Cardenal"},"content":{"rendered":"<div class=\"et_pb_blurb_container\">\n<div class=\"et_pb_blurb_container\">\n<h4 class=\"et_pb_module_header\">Ovce s rozmar\u00fdnem<\/h4>\n<div class=\"et_pb_blurb_description\">Rozmar\u00fdn je aromatick\u00e1 rostlina typick\u00e1 pro St\u0159edomo\u0159\u00ed. Jeho aroma impregnuje n\u00e1\u0161 s\u00fdr Castellano de Oveja a dod\u00e1v\u00e1 mu velmi jemnou v\u016fni a chu\u0165 a tak\u00e9 pom\u00e1h\u00e1 chr\u00e1nit s\u00fdr. <\/p>\n<p>V \u0159e\u010di kv\u011btin je rozmar\u00fdn symbolem dobr\u00e9 v\u016fle a otev\u0159enosti.<\/p><\/div>\n<\/div>\n<\/div>\n","protected":false},"excerpt":{"rendered":"<p>Ovce s rozmar\u00fdnem Rozmar\u00fdn je aromatick\u00e1 rostlina typick\u00e1 pro St\u0159edomo\u0159\u00ed. Jeho aroma impregnuje n\u00e1\u0161 s\u00fdr Castellano de Oveja a dod\u00e1v\u00e1 mu velmi jemnou v\u016fni a chu\u0165 a tak\u00e9 pom\u00e1h\u00e1 chr\u00e1nit s\u00fdr. V \u0159e\u010di kv\u011btin je rozmar\u00fdn symbolem dobr\u00e9 v\u016fle a otev\u0159enosti.<\/p>\n","protected":false},"featured_media":31696,"template":"","meta":{"_et_pb_use_builder":"","_et_pb_old_content":"","_et_gb_content_width":""},"product_brand":[1319],"product_cat":[1868,2757,2298],"product_tag":[],"class_list":{"0":"post-31691","1":"product","2":"type-product","3":"status-publish","4":"has-post-thumbnail","6":"product_brand-el-gran-cardenal","7":"product_cat-cold-cs","8":"product_cat-lecba","9":"product_cat-syr-a-klobasa-cs","10":"product_shipping_class-preprava-za-studena","12":"first","13":"outofstock","14":"taxable","15":"shipping-taxable","16":"purchasable","17":"product-type-variable"},"_links":{"self":[{"href":"https:\/\/myspainfood.com\/cs\/wp-json\/wp\/v2\/product\/31691","targetHints":{"allow":["GET"]}}],"collection":[{"href":"https:\/\/myspainfood.com\/cs\/wp-json\/wp\/v2\/product"}],"about":[{"href":"https:\/\/myspainfood.com\/cs\/wp-json\/wp\/v2\/types\/product"}],"wp:featuredmedia":[{"embeddable":true,"href":"https:\/\/myspainfood.com\/cs\/wp-json\/wp\/v2\/media\/31696"}],"wp:attachment":[{"href":"https:\/\/myspainfood.com\/cs\/wp-json\/wp\/v2\/media?parent=31691"}],"wp:term":[{"taxonomy":"product_brand","embeddable":true,"href":"https:\/\/myspainfood.com\/cs\/wp-json\/wp\/v2\/product_brand?post=31691"},{"taxonomy":"product_cat","embeddable":true,"href":"https:\/\/myspainfood.com\/cs\/wp-json\/wp\/v2\/product_cat?post=31691"},{"taxonomy":"product_tag","embeddable":true,"href":"https:\/\/myspainfood.com\/cs\/wp-json\/wp\/v2\/product_tag?post=31691"}],"curies":[{"name":"wp","href":"https:\/\/api.w.org\/{rel}","templated":true}]}}