{"id":31803,"date":"2025-04-10T12:09:10","date_gmt":"2025-04-10T10:09:10","guid":{"rendered":"https:\/\/myspainfood.com\/producto\/kozi-a-kravsky-syr-s-cernym-cesnekem-el-gran-cardenal\/"},"modified":"2025-06-24T16:12:55","modified_gmt":"2025-06-24T14:12:55","slug":"kozi-a-kravsky-syr-s-cernym-cesnekem-el-gran-cardenal","status":"publish","type":"product","link":"https:\/\/myspainfood.com\/cs\/producto\/kozi-a-kravsky-syr-s-cernym-cesnekem-el-gran-cardenal\/","title":{"rendered":"Koz\u00ed a kravsk\u00fd s\u00fdr s \u010dern\u00fdm \u010desnekem El Gran Cardenal"},"content":{"rendered":"<div class=\"et_pb_blurb_container\">\n<div class=\"et_pb_blurb_container\">\n<div class=\"et_pb_blurb_container\">\n<h4 class=\"et_pb_module_header\">Koz\u00ed maso s \u010dern\u00fdm \u010desnekem<\/h4>\n<div class=\"et_pb_blurb_description\">Kr\u00e9mov\u00fd s\u00fdr z koz\u00edho a kravsk\u00e9ho ml\u00e9ka s porcemi \u010dern\u00e9ho \u010desneku uvnit\u0159. Ten mu dod\u00e1v\u00e1 m\u00edrn\u011b nasl\u00e1dlou chu\u0165 a antioxida\u010dn\u00ed vlastnosti. <\/p>\n<p>P\u0159isuzuj\u00ed se mu i dal\u0161\u00ed vlastnosti, jako je sni\u017eov\u00e1n\u00ed rizika rakoviny a prodlu\u017eov\u00e1n\u00ed \u017eivota. Jist\u00e9 je, \u017ee v\u00fdsledn\u00e1 chu\u0165 koz\u00edho ml\u00e9ka spolu s \u010dern\u00fdm \u010desnekem v\u00e1s p\u0159\u00edjemn\u011b p\u0159ekvap\u00ed. <\/p><\/div>\n<\/div>\n<\/div>\n<\/div>\n","protected":false},"excerpt":{"rendered":"<p>Koz\u00ed maso s \u010dern\u00fdm \u010desnekem Kr\u00e9mov\u00fd s\u00fdr z koz\u00edho a kravsk\u00e9ho ml\u00e9ka s porcemi \u010dern\u00e9ho \u010desneku uvnit\u0159. Ten mu dod\u00e1v\u00e1 m\u00edrn\u011b nasl\u00e1dlou chu\u0165 a antioxida\u010dn\u00ed vlastnosti. P\u0159isuzuj\u00ed se mu i dal\u0161\u00ed vlastnosti, jako je sni\u017eov\u00e1n\u00ed rizika rakoviny a prodlu\u017eov\u00e1n\u00ed \u017eivota. Jist\u00e9 je, \u017ee v\u00fdsledn\u00e1 chu\u0165 koz\u00edho ml\u00e9ka spolu s \u010dern\u00fdm \u010desnekem v\u00e1s p\u0159\u00edjemn\u011b p\u0159ekvap\u00ed.<\/p>\n","protected":false},"featured_media":31806,"template":"","meta":{"_et_pb_use_builder":"","_et_pb_old_content":"","_et_gb_content_width":""},"product_brand":[1319],"product_cat":[1868,2757,2298],"product_tag":[],"class_list":{"0":"post-31803","1":"product","2":"type-product","3":"status-publish","4":"has-post-thumbnail","6":"product_brand-el-gran-cardenal","7":"product_cat-cold-cs","8":"product_cat-lecba","9":"product_cat-syr-a-klobasa-cs","10":"product_shipping_class-preprava-za-studena","12":"first","13":"outofstock","14":"taxable","15":"shipping-taxable","16":"purchasable","17":"product-type-variable"},"_links":{"self":[{"href":"https:\/\/myspainfood.com\/cs\/wp-json\/wp\/v2\/product\/31803","targetHints":{"allow":["GET"]}}],"collection":[{"href":"https:\/\/myspainfood.com\/cs\/wp-json\/wp\/v2\/product"}],"about":[{"href":"https:\/\/myspainfood.com\/cs\/wp-json\/wp\/v2\/types\/product"}],"wp:featuredmedia":[{"embeddable":true,"href":"https:\/\/myspainfood.com\/cs\/wp-json\/wp\/v2\/media\/31806"}],"wp:attachment":[{"href":"https:\/\/myspainfood.com\/cs\/wp-json\/wp\/v2\/media?parent=31803"}],"wp:term":[{"taxonomy":"product_brand","embeddable":true,"href":"https:\/\/myspainfood.com\/cs\/wp-json\/wp\/v2\/product_brand?post=31803"},{"taxonomy":"product_cat","embeddable":true,"href":"https:\/\/myspainfood.com\/cs\/wp-json\/wp\/v2\/product_cat?post=31803"},{"taxonomy":"product_tag","embeddable":true,"href":"https:\/\/myspainfood.com\/cs\/wp-json\/wp\/v2\/product_tag?post=31803"}],"curies":[{"name":"wp","href":"https:\/\/api.w.org\/{rel}","templated":true}]}}