{"id":31868,"date":"2025-04-10T12:08:54","date_gmt":"2025-04-10T10:08:54","guid":{"rendered":"https:\/\/myspainfood.com\/producto\/sanmer-black-pearl-olive-140-160-cela-5kg\/"},"modified":"2026-03-13T09:44:43","modified_gmt":"2026-03-13T08:44:43","slug":"sanmer-black-pearl-olive-140-160-cela-5kg","status":"publish","type":"product","link":"https:\/\/myspainfood.com\/cs\/producto\/sanmer-black-pearl-olive-140-160-cela-5kg\/","title":{"rendered":"Sanmer Black Pearl Olive 140\/160 cel\u00e1 5kg"},"content":{"rendered":"<p>Intenzivn\u00ed \u010dern\u00e1 barva s v\u00fdrazn\u00fdm leskem, \u0161\u0165avnatou du\u017einou a p\u0159\u00edjemnou strukturou. Skv\u011bl\u00fd dopln\u011bk k \u010derstv\u00fdm sal\u00e1t\u016fm a pizze, vynikaj\u00edc\u00ed k jak\u00e9mukoli jemn\u00e9mu pokrmu. <\/p>\n","protected":false},"excerpt":{"rendered":"<p>Intenzivn\u00ed \u010dern\u00e1 barva s v\u00fdrazn\u00fdm leskem, \u0161\u0165avnatou du\u017einou a p\u0159\u00edjemnou strukturou. Skv\u011bl\u00fd dopln\u011bk k \u010derstv\u00fdm sal\u00e1t\u016fm a pizze, vynikaj\u00edc\u00ed k jak\u00e9mukoli jemn\u00e9mu pokrmu.<\/p>\n","protected":false},"featured_media":31873,"template":"","meta":{"_et_pb_use_builder":"","_et_pb_old_content":"","_et_gb_content_width":""},"product_brand":[1069,1303],"product_cat":[1780,1778],"product_tag":[7083,2038],"class_list":{"0":"post-31868","1":"product","2":"type-product","3":"status-publish","4":"has-post-thumbnail","6":"product_brand-sangar","7":"product_brand-sanmer","8":"product_cat-olivy-cs","9":"product_cat-pickles-cs","10":"product_tag-cerna","11":"product_tag-hermanek","13":"first","14":"outofstock","15":"taxable","16":"shipping-taxable","17":"purchasable","18":"product-type-simple"},"_links":{"self":[{"href":"https:\/\/myspainfood.com\/cs\/wp-json\/wp\/v2\/product\/31868","targetHints":{"allow":["GET"]}}],"collection":[{"href":"https:\/\/myspainfood.com\/cs\/wp-json\/wp\/v2\/product"}],"about":[{"href":"https:\/\/myspainfood.com\/cs\/wp-json\/wp\/v2\/types\/product"}],"wp:featuredmedia":[{"embeddable":true,"href":"https:\/\/myspainfood.com\/cs\/wp-json\/wp\/v2\/media\/31873"}],"wp:attachment":[{"href":"https:\/\/myspainfood.com\/cs\/wp-json\/wp\/v2\/media?parent=31868"}],"wp:term":[{"taxonomy":"product_brand","embeddable":true,"href":"https:\/\/myspainfood.com\/cs\/wp-json\/wp\/v2\/product_brand?post=31868"},{"taxonomy":"product_cat","embeddable":true,"href":"https:\/\/myspainfood.com\/cs\/wp-json\/wp\/v2\/product_cat?post=31868"},{"taxonomy":"product_tag","embeddable":true,"href":"https:\/\/myspainfood.com\/cs\/wp-json\/wp\/v2\/product_tag?post=31868"}],"curies":[{"name":"wp","href":"https:\/\/api.w.org\/{rel}","templated":true}]}}