{"id":32157,"date":"2025-04-10T12:08:59","date_gmt":"2025-04-10T10:08:59","guid":{"rendered":"https:\/\/myspainfood.com\/producto\/m-jesus-de-la-hoz-monsalve-2024-verdejo\/"},"modified":"2025-04-10T12:08:59","modified_gmt":"2025-04-10T10:08:59","slug":"m-jesus-de-la-hoz-monsalve-2024-verdejo","status":"publish","type":"product","link":"https:\/\/myspainfood.com\/cs\/producto\/m-jesus-de-la-hoz-monsalve-2024-verdejo\/","title":{"rendered":"M Jesus de La Hoz Monsalve 2024 Verdejo"},"content":{"rendered":"<div class=\"cs-blog-content\">\n<p>Toto v\u00edno je pojmenov\u00e1no na po\u010dest rodinn\u00e9 tradice zakotven\u00e9 ve vina\u0159stv\u00ed. Vina\u0159sk\u00e9 za\u0159\u00edzen\u00ed je vybaveno nejmodern\u011bj\u0161\u00ed technologi\u00ed, kter\u00e1 zaji\u0161\u0165uje, \u017ee mo\u0161t neztrat\u00ed nic ze sv\u00e9ho odr\u016fdov\u00e9ho charakteru. Kva\u0161en\u00edm v nerezov\u00fdch tanc\u00edch se dosahuje absolutn\u00ed kontroly teploty, p\u0159i\u010dem\u017e se dodr\u017euje p\u0159\u00edsn\u00e1 kontrola kvality ka\u017ed\u00e9ho procesu. <\/p>\n<p><strong>Barva:<\/strong> sv\u011btle sl\u00e1mov\u00e1.<\/p>\n<p><strong>V\u016fn\u011b:<\/strong> v\u00fdrazn\u00e1, odr\u016fdov\u00e1, \u010derstv\u00e9 ovoce.<\/p>\n<p><strong>Chu\u0165:<\/strong> chutn\u00e1, ovocn\u00e1, sv\u011b\u017e\u00ed, masit\u00e1.<\/p>\n<\/div>\n<h1><span class=\"vintage\"> <\/span><\/h1>\n","protected":false},"excerpt":{"rendered":"<p>Toto v\u00edno je pojmenov\u00e1no na po\u010dest rodinn\u00e9 tradice zakotven\u00e9 ve vina\u0159stv\u00ed. Vina\u0159sk\u00e9 za\u0159\u00edzen\u00ed je vybaveno nejmodern\u011bj\u0161\u00ed technologi\u00ed, kter\u00e1 zaji\u0161\u0165uje, \u017ee mo\u0161t neztrat\u00ed nic ze sv\u00e9ho odr\u016fdov\u00e9ho charakteru. Kva\u0161en\u00edm v nerezov\u00fdch tanc\u00edch se dosahuje absolutn\u00ed kontroly teploty, p\u0159i\u010dem\u017e se dodr\u017euje p\u0159\u00edsn\u00e1 kontrola kvality ka\u017ed\u00e9ho procesu. Barva: sv\u011btle sl\u00e1mov\u00e1. V\u016fn\u011b: v\u00fdrazn\u00e1, odr\u016fdov\u00e1, \u010derstv\u00e9 ovoce. Chu\u0165: chutn\u00e1, ovocn\u00e1, [&hellip;]<\/p>\n","protected":false},"featured_media":32165,"template":"","meta":{"_et_pb_use_builder":"","_et_pb_old_content":"","_et_gb_content_width":""},"product_brand":[1140],"product_cat":[4908,5282],"product_tag":[7114,7115],"class_list":{"0":"post-32157","1":"product","2":"type-product","3":"status-publish","4":"has-post-thumbnail","6":"product_brand-ladera-de-los-obispos","7":"product_cat-napoje-cs","8":"product_cat-vino-cs-2","9":"product_tag-gothic-cs","10":"product_tag-kolo","12":"first","13":"instock","14":"featured","15":"taxable","16":"shipping-taxable","17":"purchasable","18":"product-type-variable"},"_links":{"self":[{"href":"https:\/\/myspainfood.com\/cs\/wp-json\/wp\/v2\/product\/32157","targetHints":{"allow":["GET"]}}],"collection":[{"href":"https:\/\/myspainfood.com\/cs\/wp-json\/wp\/v2\/product"}],"about":[{"href":"https:\/\/myspainfood.com\/cs\/wp-json\/wp\/v2\/types\/product"}],"wp:featuredmedia":[{"embeddable":true,"href":"https:\/\/myspainfood.com\/cs\/wp-json\/wp\/v2\/media\/32165"}],"wp:attachment":[{"href":"https:\/\/myspainfood.com\/cs\/wp-json\/wp\/v2\/media?parent=32157"}],"wp:term":[{"taxonomy":"product_brand","embeddable":true,"href":"https:\/\/myspainfood.com\/cs\/wp-json\/wp\/v2\/product_brand?post=32157"},{"taxonomy":"product_cat","embeddable":true,"href":"https:\/\/myspainfood.com\/cs\/wp-json\/wp\/v2\/product_cat?post=32157"},{"taxonomy":"product_tag","embeddable":true,"href":"https:\/\/myspainfood.com\/cs\/wp-json\/wp\/v2\/product_tag?post=32157"}],"curies":[{"name":"wp","href":"https:\/\/api.w.org\/{rel}","templated":true}]}}