{"id":32385,"date":"2025-04-10T12:09:28","date_gmt":"2025-04-10T10:09:28","guid":{"rendered":"https:\/\/myspainfood.com\/producto\/uzeny-ibersky-syr-el-gran-cardenal\/"},"modified":"2025-07-28T13:11:07","modified_gmt":"2025-07-28T11:11:07","slug":"uzeny-ibersky-syr-el-gran-cardenal","status":"publish","type":"product","link":"https:\/\/myspainfood.com\/cs\/producto\/uzeny-ibersky-syr-el-gran-cardenal\/","title":{"rendered":"Uzen\u00fd ibersk\u00fd s\u00fdr El Gran Cardenal"},"content":{"rendered":"<div class=\"et_pb_blurb_container\">\n<div class=\"et_pb_blurb_container\">\n<div class=\"et_pb_column et_pb_column_4_4 et_pb_column_1 et_pb_css_mix_blend_mode_passthrough et-last-child\">\n<div class=\"et_pb_module et_pb_text et_pb_text_1 et_pb_text_align_justified et_pb_bg_layout_light\">\n<div class=\"et_pb_text_inner\">Vyr\u00e1b\u00ed se podle rodinn\u00e9 receptury s vynikaj\u00edc\u00ed sm\u011bs\u00ed na\u0161ich ml\u00e9k, \u010d\u00edm\u017e dosahuje velk\u00e9 intenzity a perzistence v \u00fastech. S\u00fdry s r\u016fznou dobou zr\u00e1n\u00ed v na\u0161\u00ed su\u0161\u00e1rn\u011b na d\u0159evo, polosu\u0161en\u00e9 (2 a\u017e 4 m\u011bs\u00edce zr\u00e1n\u00ed) a zraj\u00edc\u00ed (4 a\u017e 6 m\u011bs\u00edc\u016f zr\u00e1n\u00ed). <\/div>\n<\/div>\n<\/div>\n<\/div>\n<\/div>\n","protected":false},"excerpt":{"rendered":"<p>Vyr\u00e1b\u00ed se podle rodinn\u00e9 receptury s vynikaj\u00edc\u00ed sm\u011bs\u00ed na\u0161ich ml\u00e9k, \u010d\u00edm\u017e dosahuje velk\u00e9 intenzity a perzistence v \u00fastech. S\u00fdry s r\u016fznou dobou zr\u00e1n\u00ed v na\u0161\u00ed su\u0161\u00e1rn\u011b na d\u0159evo, polosu\u0161en\u00e9 (2 a\u017e 4 m\u011bs\u00edce zr\u00e1n\u00ed) a zraj\u00edc\u00ed (4 a\u017e 6 m\u011bs\u00edc\u016f zr\u00e1n\u00ed).<\/p>\n","protected":false},"featured_media":32393,"template":"","meta":{"_et_pb_use_builder":"","_et_pb_old_content":"","_et_gb_content_width":""},"product_brand":[1319],"product_cat":[1868,2757,2298],"product_tag":[],"class_list":{"0":"post-32385","1":"product","2":"type-product","3":"status-publish","4":"has-post-thumbnail","6":"product_brand-el-gran-cardenal","7":"product_cat-cold-cs","8":"product_cat-lecba","9":"product_cat-syr-a-klobasa-cs","10":"product_shipping_class-preprava-za-studena","12":"first","13":"outofstock","14":"taxable","15":"shipping-taxable","16":"product-type-variable"},"_links":{"self":[{"href":"https:\/\/myspainfood.com\/cs\/wp-json\/wp\/v2\/product\/32385","targetHints":{"allow":["GET"]}}],"collection":[{"href":"https:\/\/myspainfood.com\/cs\/wp-json\/wp\/v2\/product"}],"about":[{"href":"https:\/\/myspainfood.com\/cs\/wp-json\/wp\/v2\/types\/product"}],"wp:featuredmedia":[{"embeddable":true,"href":"https:\/\/myspainfood.com\/cs\/wp-json\/wp\/v2\/media\/32393"}],"wp:attachment":[{"href":"https:\/\/myspainfood.com\/cs\/wp-json\/wp\/v2\/media?parent=32385"}],"wp:term":[{"taxonomy":"product_brand","embeddable":true,"href":"https:\/\/myspainfood.com\/cs\/wp-json\/wp\/v2\/product_brand?post=32385"},{"taxonomy":"product_cat","embeddable":true,"href":"https:\/\/myspainfood.com\/cs\/wp-json\/wp\/v2\/product_cat?post=32385"},{"taxonomy":"product_tag","embeddable":true,"href":"https:\/\/myspainfood.com\/cs\/wp-json\/wp\/v2\/product_tag?post=32385"}],"curies":[{"name":"wp","href":"https:\/\/api.w.org\/{rel}","templated":true}]}}