{"id":32639,"date":"2025-04-10T12:09:05","date_gmt":"2025-04-10T10:09:05","guid":{"rendered":"https:\/\/myspainfood.com\/producto\/extra-panensky-olivovy-olej-valdezarza-5-litru-2\/"},"modified":"2026-01-29T12:25:51","modified_gmt":"2026-01-29T11:25:51","slug":"extra-panensky-olivovy-olej-valdezarza-5-litru-2","status":"publish","type":"product","link":"https:\/\/myspainfood.com\/cs\/producto\/extra-panensky-olivovy-olej-valdezarza-5-litru-2\/","title":{"rendered":"Extra panensk\u00fd olivov\u00fd olej VALDEZARZA 5 litr\u016f"},"content":{"rendered":"<p>Extra panensk\u00fd olivov\u00fd olej Valdezarza 5l je extra panensk\u00fd olivov\u00fd olej nejvy\u0161\u0161\u00ed kategorie, z\u00edskan\u00fd p\u0159\u00edmo z oliv a pouze mechanick\u00fdmi postupy.<\/p>\n<p>Valdezarza se nach\u00e1z\u00ed v srdci poho\u0159\u00ed Montes de Toledo (\u0160pan\u011blsko) a m\u00e1 integrovan\u00fd ekosyst\u00e9m olivov\u00fdch h\u00e1j\u016f a p\u0159\u00edrody.<\/p>\n<p>Nejlep\u0161\u00ed olivov\u00e1 \u0161\u0165\u00e1va se vyr\u00e1b\u00ed z oliv: <a href=\"https:\/\/aceitesvaldezarza.com\/quienes-somos\/\" target=\"_blank\" rel=\"noopener noreferrer nofollow\">VALDEZARZA<\/a> Extra panensk\u00fd olivov\u00fd olej.<\/p>\n<p>Panstv\u00ed Valdezarza se nach\u00e1z\u00ed v obci San Mart\u00edn de Montalb\u00e1n, kter\u00e1 je geograficky za\u010dlen\u011bna do poho\u0159\u00ed Montes de Toledo.<\/p>\n<p>V\u011bt\u0161ina tohoto \u00fazem\u00ed o rozloze 700 hektar\u016f je pova\u017eov\u00e1na za chr\u00e1n\u011bn\u00fd st\u0159edomo\u0159sk\u00fd les a kontrolovan\u00fd ekosyst\u00e9m.<\/p>\n<p>Tato lokalita je sou\u010d\u00e1st\u00ed projektu reintrodukce rysa ibersk\u00e9ho a m\u016f\u017eete se zde pokochat n\u00e1dhern\u00fdmi z\u00e1b\u011bry n\u011bkolika rys\u016f odpo\u010d\u00edvaj\u00edc\u00edch pod olivovn\u00edky.<\/p>\n<p>Jejich bal\u00edrna jim umo\u017e\u0148uje lep\u0161\u00ed kontrolu nad cel\u00fdm procesem od olivovn\u00edku a\u017e po balen\u00ed.<\/p>\n<p>Krom\u011b toho m\u00e1 tato spole\u010dnost re\u00e1ln\u00e9 v\u00fdzkumn\u00e9, v\u00fdvojov\u00e9 a realiza\u010dn\u00ed projekty, jako je projekt Messor.<\/p>\n<p>Pokud si chcete koupit <a href=\"https:\/\/latiendadesami.com\/categoria-producto\/aceite\/\" rel=\"noopener noreferrer nofollow\" target=\"_blank\">olej<\/a>, nev\u00e1hejte se pod\u00edvat do na\u0161eho online katalogu a prohl\u00e9dnout si \u0161irokou nab\u00eddku produkt\u016f, jako je nap\u0159\u00edklad extra panensk\u00fd olivov\u00fd olej Valdezarza 5l.<\/p>\n<p>Napi\u0161te n\u00e1m o dal\u0161\u00ed informace o kter\u00e9koli z na\u0161ich potravin.<\/p>\n","protected":false},"excerpt":{"rendered":"<p>Extra panensk\u00fd olivov\u00fd olej Valdezarza 5l je extra panensk\u00fd olivov\u00fd olej nejvy\u0161\u0161\u00ed kategorie, z\u00edskan\u00fd p\u0159\u00edmo z oliv a pouze mechanick\u00fdmi postupy. Valdezarza se nach\u00e1z\u00ed v srdci poho\u0159\u00ed Montes de Toledo (\u0160pan\u011blsko) a m\u00e1 integrovan\u00fd ekosyst\u00e9m olivov\u00fdch h\u00e1j\u016f a p\u0159\u00edrody. Nejlep\u0161\u00ed olivov\u00e1 \u0161\u0165\u00e1va se vyr\u00e1b\u00ed z oliv: VALDEZARZA Extra panensk\u00fd olivov\u00fd olej. Panstv\u00ed Valdezarza se nach\u00e1z\u00ed [&hellip;]<\/p>\n","protected":false},"featured_media":32645,"template":"","meta":{"_et_pb_use_builder":"","_et_pb_old_content":"","_et_gb_content_width":""},"product_brand":[1221],"product_cat":[2621,2620],"product_tag":[2622],"class_list":{"0":"post-32639","1":"product","2":"type-product","3":"status-publish","4":"has-post-thumbnail","6":"product_brand-valdezarza","7":"product_cat-extra-panenske-olivy-cs","8":"product_cat-olej-cs","9":"product_tag-olej-cs","11":"first","12":"outofstock","13":"featured","14":"taxable","15":"shipping-taxable","16":"purchasable","17":"product-type-simple"},"_links":{"self":[{"href":"https:\/\/myspainfood.com\/cs\/wp-json\/wp\/v2\/product\/32639","targetHints":{"allow":["GET"]}}],"collection":[{"href":"https:\/\/myspainfood.com\/cs\/wp-json\/wp\/v2\/product"}],"about":[{"href":"https:\/\/myspainfood.com\/cs\/wp-json\/wp\/v2\/types\/product"}],"wp:featuredmedia":[{"embeddable":true,"href":"https:\/\/myspainfood.com\/cs\/wp-json\/wp\/v2\/media\/32645"}],"wp:attachment":[{"href":"https:\/\/myspainfood.com\/cs\/wp-json\/wp\/v2\/media?parent=32639"}],"wp:term":[{"taxonomy":"product_brand","embeddable":true,"href":"https:\/\/myspainfood.com\/cs\/wp-json\/wp\/v2\/product_brand?post=32639"},{"taxonomy":"product_cat","embeddable":true,"href":"https:\/\/myspainfood.com\/cs\/wp-json\/wp\/v2\/product_cat?post=32639"},{"taxonomy":"product_tag","embeddable":true,"href":"https:\/\/myspainfood.com\/cs\/wp-json\/wp\/v2\/product_tag?post=32639"}],"curies":[{"name":"wp","href":"https:\/\/api.w.org\/{rel}","templated":true}]}}