{"id":32806,"date":"2025-04-10T12:09:07","date_gmt":"2025-04-10T10:09:07","guid":{"rendered":"https:\/\/myspainfood.com\/producto\/ovci-syr-el-gran-cardenal-s-olivovym-olejem\/"},"modified":"2025-07-28T10:32:58","modified_gmt":"2025-07-28T08:32:58","slug":"ovci-syr-el-gran-cardenal-s-olivovym-olejem","status":"publish","type":"product","link":"https:\/\/myspainfood.com\/cs\/producto\/ovci-syr-el-gran-cardenal-s-olivovym-olejem\/","title":{"rendered":"Ov\u010d\u00ed s\u00fdr El Gran Cardenal s olivov\u00fdm olejem"},"content":{"rendered":"<div class=\"et_pb_blurb_container\">\n<div class=\"et_pb_blurb_container\">\n<h4 class=\"et_pb_module_header\">Ovce s olejem<\/h4>\n<div class=\"et_pb_blurb_description\">N\u00e1\u0161 kastilsk\u00fd ov\u010d\u00ed s\u00fdr, dr\u017eitel 4 mezin\u00e1rodn\u00edch zlat\u00fdch medail\u00ed, spolu s jedn\u00edm z poklad\u016f st\u0159edomo\u0159sk\u00e9 stravy, olivov\u00fdm olejem.<\/p>\n<p>K tomu pou\u017e\u00edv\u00e1me n\u00e1\u0161 vlastn\u00ed olej ze stolet\u00fdch olivovn\u00edk\u016f p\u011bstovan\u00fdch na pozemc\u00edch, kter\u00e9 obd\u011bl\u00e1val San Isidro se svou \u017eenou&#8230;<\/p><\/div>\n<\/div>\n<\/div>\n","protected":false},"excerpt":{"rendered":"<p>Ovce s olejem N\u00e1\u0161 kastilsk\u00fd ov\u010d\u00ed s\u00fdr, dr\u017eitel 4 mezin\u00e1rodn\u00edch zlat\u00fdch medail\u00ed, spolu s jedn\u00edm z poklad\u016f st\u0159edomo\u0159sk\u00e9 stravy, olivov\u00fdm olejem. K tomu pou\u017e\u00edv\u00e1me n\u00e1\u0161 vlastn\u00ed olej ze stolet\u00fdch olivovn\u00edk\u016f p\u011bstovan\u00fdch na pozemc\u00edch, kter\u00e9 obd\u011bl\u00e1val San Isidro se svou \u017eenou&#8230;<\/p>\n","protected":false},"featured_media":32812,"template":"","meta":{"_et_pb_use_builder":"","_et_pb_old_content":"","_et_gb_content_width":""},"product_brand":[1319],"product_cat":[1868,2757,2298],"product_tag":[],"class_list":{"0":"post-32806","1":"product","2":"type-product","3":"status-publish","4":"has-post-thumbnail","6":"product_brand-el-gran-cardenal","7":"product_cat-cold-cs","8":"product_cat-lecba","9":"product_cat-syr-a-klobasa-cs","10":"product_shipping_class-preprava-za-studena","12":"first","13":"outofstock","14":"taxable","15":"shipping-taxable","16":"purchasable","17":"product-type-variable"},"_links":{"self":[{"href":"https:\/\/myspainfood.com\/cs\/wp-json\/wp\/v2\/product\/32806","targetHints":{"allow":["GET"]}}],"collection":[{"href":"https:\/\/myspainfood.com\/cs\/wp-json\/wp\/v2\/product"}],"about":[{"href":"https:\/\/myspainfood.com\/cs\/wp-json\/wp\/v2\/types\/product"}],"wp:featuredmedia":[{"embeddable":true,"href":"https:\/\/myspainfood.com\/cs\/wp-json\/wp\/v2\/media\/32812"}],"wp:attachment":[{"href":"https:\/\/myspainfood.com\/cs\/wp-json\/wp\/v2\/media?parent=32806"}],"wp:term":[{"taxonomy":"product_brand","embeddable":true,"href":"https:\/\/myspainfood.com\/cs\/wp-json\/wp\/v2\/product_brand?post=32806"},{"taxonomy":"product_cat","embeddable":true,"href":"https:\/\/myspainfood.com\/cs\/wp-json\/wp\/v2\/product_cat?post=32806"},{"taxonomy":"product_tag","embeddable":true,"href":"https:\/\/myspainfood.com\/cs\/wp-json\/wp\/v2\/product_tag?post=32806"}],"curies":[{"name":"wp","href":"https:\/\/api.w.org\/{rel}","templated":true}]}}