{"id":32867,"date":"2025-04-10T12:09:28","date_gmt":"2025-04-10T10:09:28","guid":{"rendered":"https:\/\/myspainfood.com\/producto\/spanelsky-ovci-syr-ze-syroveho-mleka-el-gran-cardenal\/"},"modified":"2025-07-28T13:12:49","modified_gmt":"2025-07-28T11:12:49","slug":"spanelsky-ovci-syr-ze-syroveho-mleka-el-gran-cardenal","status":"publish","type":"product","link":"https:\/\/myspainfood.com\/cs\/producto\/spanelsky-ovci-syr-ze-syroveho-mleka-el-gran-cardenal\/","title":{"rendered":"\u0160pan\u011blsk\u00fd ov\u010d\u00ed s\u00fdr ze syrov\u00e9ho ml\u00e9ka El Gran Cardenal"},"content":{"rendered":"<div class=\"et_pb_blurb_container\">\n<div class=\"et_pb_blurb_container\">\n<div class=\"et_pb_blurb_container\">\n<p class=\"et_pb_module_header\">Syrov\u00e9 ov\u010d\u00ed ml\u00e9ko<\/p>\n<div class=\"et_pb_blurb_description\">Vyr\u00e1b\u00ed se z nejvybran\u011bj\u0161\u00edho ml\u00e9ka, kter\u00e9 se denn\u011b sb\u00edr\u00e1, aby se zajistila jeho \u010derstvost a kvalita, co\u017e zaru\u010duje lep\u0161\u00ed chu\u0165 a skv\u011bl\u00e9 aroma.<\/div>\n<\/div>\n<\/div>\n<\/div>\n","protected":false},"excerpt":{"rendered":"<p>Syrov\u00e9 ov\u010d\u00ed ml\u00e9ko Vyr\u00e1b\u00ed se z nejvybran\u011bj\u0161\u00edho ml\u00e9ka, kter\u00e9 se denn\u011b sb\u00edr\u00e1, aby se zajistila jeho \u010derstvost a kvalita, co\u017e zaru\u010duje lep\u0161\u00ed chu\u0165 a skv\u011bl\u00e9 aroma.<\/p>\n","protected":false},"featured_media":32873,"template":"","meta":{"_et_pb_use_builder":"","_et_pb_old_content":"","_et_gb_content_width":""},"product_brand":[1319],"product_cat":[1868,2757,2298],"product_tag":[],"class_list":{"0":"post-32867","1":"product","2":"type-product","3":"status-publish","4":"has-post-thumbnail","6":"product_brand-el-gran-cardenal","7":"product_cat-cold-cs","8":"product_cat-lecba","9":"product_cat-syr-a-klobasa-cs","10":"product_shipping_class-preprava-za-studena","12":"first","13":"outofstock","14":"taxable","15":"shipping-taxable","16":"purchasable","17":"product-type-variable"},"_links":{"self":[{"href":"https:\/\/myspainfood.com\/cs\/wp-json\/wp\/v2\/product\/32867","targetHints":{"allow":["GET"]}}],"collection":[{"href":"https:\/\/myspainfood.com\/cs\/wp-json\/wp\/v2\/product"}],"about":[{"href":"https:\/\/myspainfood.com\/cs\/wp-json\/wp\/v2\/types\/product"}],"wp:featuredmedia":[{"embeddable":true,"href":"https:\/\/myspainfood.com\/cs\/wp-json\/wp\/v2\/media\/32873"}],"wp:attachment":[{"href":"https:\/\/myspainfood.com\/cs\/wp-json\/wp\/v2\/media?parent=32867"}],"wp:term":[{"taxonomy":"product_brand","embeddable":true,"href":"https:\/\/myspainfood.com\/cs\/wp-json\/wp\/v2\/product_brand?post=32867"},{"taxonomy":"product_cat","embeddable":true,"href":"https:\/\/myspainfood.com\/cs\/wp-json\/wp\/v2\/product_cat?post=32867"},{"taxonomy":"product_tag","embeddable":true,"href":"https:\/\/myspainfood.com\/cs\/wp-json\/wp\/v2\/product_tag?post=32867"}],"curies":[{"name":"wp","href":"https:\/\/api.w.org\/{rel}","templated":true}]}}