{"id":32971,"date":"2025-04-10T12:09:07","date_gmt":"2025-04-10T10:09:07","guid":{"rendered":"https:\/\/myspainfood.com\/producto\/ovci-syr-s-lanyzi-el-gran-cardenal\/"},"modified":"2025-07-28T10:32:44","modified_gmt":"2025-07-28T08:32:44","slug":"ovci-syr-s-lanyzi-el-gran-cardenal","status":"publish","type":"product","link":"https:\/\/myspainfood.com\/cs\/producto\/ovci-syr-s-lanyzi-el-gran-cardenal\/","title":{"rendered":"Ov\u010d\u00ed s\u00fdr s lan\u00fd\u017ei El Gran Cardenal"},"content":{"rendered":"<div class=\"et_pb_blurb_container\">\n<h4 class=\"et_pb_module_header\">Ovce s lan\u00fd\u017ei<\/h4>\n<div class=\"et_pb_blurb_description\">\n<p>Nejexkluzivn\u011bj\u0161\u00ed z na\u0161ich s\u00fdr\u016f. V\u00edt\u011bz Super zlat\u00e9 medaile na mezin\u00e1rodn\u00ed sout\u011b\u017ei World Cheese Awards 2016-17. <\/p>\n<p>Pouze do ov\u010d\u00edho ml\u00e9ka z nejlep\u0161\u00edch st\u00e1d p\u0159id\u00e1v\u00e1me lan\u00fd\u017ee ji\u017e od po\u010d\u00e1tku v\u00fdroby, a tak spolu koexistuj\u00ed po celou dobu zr\u00e1n\u00ed a dod\u00e1vaj\u00ed nezam\u011bnitelnou v\u016fni a chu\u0165 s respektem k podstat\u011b kastilsk\u00e9ho s\u00fdra z ov\u010d\u00edho ml\u00e9ka.<\/p>\n<\/div>\n<\/div>\n","protected":false},"excerpt":{"rendered":"<p>Ovce s lan\u00fd\u017ei Nejexkluzivn\u011bj\u0161\u00ed z na\u0161ich s\u00fdr\u016f. V\u00edt\u011bz Super zlat\u00e9 medaile na mezin\u00e1rodn\u00ed sout\u011b\u017ei World Cheese Awards 2016-17. Pouze do ov\u010d\u00edho ml\u00e9ka z nejlep\u0161\u00edch st\u00e1d p\u0159id\u00e1v\u00e1me lan\u00fd\u017ee ji\u017e od po\u010d\u00e1tku v\u00fdroby, a tak spolu koexistuj\u00ed po celou dobu zr\u00e1n\u00ed a dod\u00e1vaj\u00ed nezam\u011bnitelnou v\u016fni a chu\u0165 s respektem k podstat\u011b kastilsk\u00e9ho s\u00fdra z ov\u010d\u00edho ml\u00e9ka.<\/p>\n","protected":false},"featured_media":32977,"template":"","meta":{"_et_pb_use_builder":"","_et_pb_old_content":"","_et_gb_content_width":""},"product_brand":[1319],"product_cat":[1868,2757,2298],"product_tag":[],"class_list":{"0":"post-32971","1":"product","2":"type-product","3":"status-publish","4":"has-post-thumbnail","6":"product_brand-el-gran-cardenal","7":"product_cat-cold-cs","8":"product_cat-lecba","9":"product_cat-syr-a-klobasa-cs","10":"product_shipping_class-preprava-za-studena","12":"first","13":"outofstock","14":"taxable","15":"shipping-taxable","16":"purchasable","17":"product-type-variable"},"_links":{"self":[{"href":"https:\/\/myspainfood.com\/cs\/wp-json\/wp\/v2\/product\/32971","targetHints":{"allow":["GET"]}}],"collection":[{"href":"https:\/\/myspainfood.com\/cs\/wp-json\/wp\/v2\/product"}],"about":[{"href":"https:\/\/myspainfood.com\/cs\/wp-json\/wp\/v2\/types\/product"}],"wp:featuredmedia":[{"embeddable":true,"href":"https:\/\/myspainfood.com\/cs\/wp-json\/wp\/v2\/media\/32977"}],"wp:attachment":[{"href":"https:\/\/myspainfood.com\/cs\/wp-json\/wp\/v2\/media?parent=32971"}],"wp:term":[{"taxonomy":"product_brand","embeddable":true,"href":"https:\/\/myspainfood.com\/cs\/wp-json\/wp\/v2\/product_brand?post=32971"},{"taxonomy":"product_cat","embeddable":true,"href":"https:\/\/myspainfood.com\/cs\/wp-json\/wp\/v2\/product_cat?post=32971"},{"taxonomy":"product_tag","embeddable":true,"href":"https:\/\/myspainfood.com\/cs\/wp-json\/wp\/v2\/product_tag?post=32971"}],"curies":[{"name":"wp","href":"https:\/\/api.w.org\/{rel}","templated":true}]}}