{"id":33029,"date":"2025-04-10T12:09:42","date_gmt":"2025-04-10T10:09:42","guid":{"rendered":"https:\/\/myspainfood.com\/producto\/el-gran-cardenal-stara-smes-syru\/"},"modified":"2025-07-28T13:13:03","modified_gmt":"2025-07-28T11:13:03","slug":"el-gran-cardenal-stara-smes-syru","status":"publish","type":"product","link":"https:\/\/myspainfood.com\/cs\/producto\/el-gran-cardenal-stara-smes-syru\/","title":{"rendered":"El Gran Cardenal Star\u00e1 sm\u011bs s\u00fdr\u016f"},"content":{"rendered":"<div class=\"et_pb_column et_pb_column_4_4 et_pb_column_1 et_pb_css_mix_blend_mode_passthrough et-last-child\">\n<div class=\"et_pb_module et_pb_text et_pb_text_1 et_pb_text_align_justified et_pb_bg_layout_light\">\n<div class=\"et_pb_text_inner\">\n<p>Vyr\u00e1b\u00ed se podle rodinn\u00e9 receptury z na\u0161\u00ed sm\u011bsi ov\u010d\u00edho a kravsk\u00e9ho ml\u00e9ka, kter\u00e1 d\u00edky sv\u00e9 jemnosti a kr\u00e9movitosti poskytuje v \u00fastech skv\u011blou rovnov\u00e1hu. S\u00fdry s r\u016fznou dobou zr\u00e1n\u00ed v su\u0161\u00e1rn\u011b na d\u0159evo: Tierno, Semicurado (2 a\u017e 4 m\u011bs\u00edce zr\u00e1n\u00ed), Curado (4 a\u017e 6 m\u011bs\u00edc\u016f zr\u00e1n\u00ed) a Viejo (6 a\u017e 8 m\u011bs\u00edc\u016f zr\u00e1n\u00ed). <\/p>\n<\/div>\n<\/div>\n<\/div>\n","protected":false},"excerpt":{"rendered":"<p>Vyr\u00e1b\u00ed se podle rodinn\u00e9 receptury z na\u0161\u00ed sm\u011bsi ov\u010d\u00edho a kravsk\u00e9ho ml\u00e9ka, kter\u00e1 d\u00edky sv\u00e9 jemnosti a kr\u00e9movitosti poskytuje v \u00fastech skv\u011blou rovnov\u00e1hu. S\u00fdry s r\u016fznou dobou zr\u00e1n\u00ed v su\u0161\u00e1rn\u011b na d\u0159evo: Tierno, Semicurado (2 a\u017e 4 m\u011bs\u00edce zr\u00e1n\u00ed), Curado (4 a\u017e 6 m\u011bs\u00edc\u016f zr\u00e1n\u00ed) a Viejo (6 a\u017e 8 m\u011bs\u00edc\u016f zr\u00e1n\u00ed).<\/p>\n","protected":false},"featured_media":33035,"template":"","meta":{"_et_pb_use_builder":"","_et_pb_old_content":"","_et_gb_content_width":""},"product_brand":[1319],"product_cat":[1868,2757,2298],"product_tag":[],"class_list":{"0":"post-33029","1":"product","2":"type-product","3":"status-publish","4":"has-post-thumbnail","6":"product_brand-el-gran-cardenal","7":"product_cat-cold-cs","8":"product_cat-lecba","9":"product_cat-syr-a-klobasa-cs","10":"product_shipping_class-preprava-za-studena","12":"first","13":"outofstock","14":"taxable","15":"shipping-taxable","16":"product-type-variable"},"_links":{"self":[{"href":"https:\/\/myspainfood.com\/cs\/wp-json\/wp\/v2\/product\/33029","targetHints":{"allow":["GET"]}}],"collection":[{"href":"https:\/\/myspainfood.com\/cs\/wp-json\/wp\/v2\/product"}],"about":[{"href":"https:\/\/myspainfood.com\/cs\/wp-json\/wp\/v2\/types\/product"}],"wp:featuredmedia":[{"embeddable":true,"href":"https:\/\/myspainfood.com\/cs\/wp-json\/wp\/v2\/media\/33035"}],"wp:attachment":[{"href":"https:\/\/myspainfood.com\/cs\/wp-json\/wp\/v2\/media?parent=33029"}],"wp:term":[{"taxonomy":"product_brand","embeddable":true,"href":"https:\/\/myspainfood.com\/cs\/wp-json\/wp\/v2\/product_brand?post=33029"},{"taxonomy":"product_cat","embeddable":true,"href":"https:\/\/myspainfood.com\/cs\/wp-json\/wp\/v2\/product_cat?post=33029"},{"taxonomy":"product_tag","embeddable":true,"href":"https:\/\/myspainfood.com\/cs\/wp-json\/wp\/v2\/product_tag?post=33029"}],"curies":[{"name":"wp","href":"https:\/\/api.w.org\/{rel}","templated":true}]}}