{"id":33082,"date":"2025-04-10T12:09:23","date_gmt":"2025-04-10T10:09:23","guid":{"rendered":"https:\/\/myspainfood.com\/producto\/mini-syrove-hvezdicky-130-kusu\/"},"modified":"2025-06-24T13:43:25","modified_gmt":"2025-06-24T11:43:25","slug":"mini-syrove-hvezdicky-130-kusu","status":"publish","type":"product","link":"https:\/\/myspainfood.com\/cs\/producto\/mini-syrove-hvezdicky-130-kusu\/","title":{"rendered":"Mini s\u00fdrov\u00e9 hv\u011bzdi\u010dky 130 kus\u016f"},"content":{"rendered":"<p>Olej (85 % slune\u010dnicov\u00fd, 15 % olivov\u00fd), olivy pln\u011bn\u00e9 an\u010dovi\u010dkami, sardelov\u00e9 fil\u00e9, polotvrd\u00fd s\u00fdr a \u010derven\u00e1 paprika.<\/p>\n","protected":false},"excerpt":{"rendered":"<p>Olej (85 % slune\u010dnicov\u00fd, 15 % olivov\u00fd), olivy pln\u011bn\u00e9 an\u010dovi\u010dkami, sardelov\u00e9 fil\u00e9, polotvrd\u00fd s\u00fdr a \u010derven\u00e1 paprika.<\/p>\n","protected":false},"featured_media":33086,"template":"","meta":{"_et_pb_use_builder":"","_et_pb_old_content":"","_et_gb_content_width":""},"product_brand":[1277],"product_cat":[1869,1868,1780,1778,1870,2298],"product_tag":[],"class_list":{"0":"post-33082","1":"product","2":"type-product","3":"status-publish","4":"has-post-thumbnail","6":"product_brand-bokeo","7":"product_cat-ancovicky-cs","8":"product_cat-cold-cs","9":"product_cat-olivy-cs","10":"product_cat-pickles-cs","11":"product_cat-pintxos-cs","12":"product_cat-syr-a-klobasa-cs","13":"product_shipping_class-preprava-za-studena","15":"first","16":"outofstock","17":"taxable","18":"shipping-taxable","19":"purchasable","20":"product-type-simple"},"_links":{"self":[{"href":"https:\/\/myspainfood.com\/cs\/wp-json\/wp\/v2\/product\/33082","targetHints":{"allow":["GET"]}}],"collection":[{"href":"https:\/\/myspainfood.com\/cs\/wp-json\/wp\/v2\/product"}],"about":[{"href":"https:\/\/myspainfood.com\/cs\/wp-json\/wp\/v2\/types\/product"}],"wp:featuredmedia":[{"embeddable":true,"href":"https:\/\/myspainfood.com\/cs\/wp-json\/wp\/v2\/media\/33086"}],"wp:attachment":[{"href":"https:\/\/myspainfood.com\/cs\/wp-json\/wp\/v2\/media?parent=33082"}],"wp:term":[{"taxonomy":"product_brand","embeddable":true,"href":"https:\/\/myspainfood.com\/cs\/wp-json\/wp\/v2\/product_brand?post=33082"},{"taxonomy":"product_cat","embeddable":true,"href":"https:\/\/myspainfood.com\/cs\/wp-json\/wp\/v2\/product_cat?post=33082"},{"taxonomy":"product_tag","embeddable":true,"href":"https:\/\/myspainfood.com\/cs\/wp-json\/wp\/v2\/product_tag?post=33082"}],"curies":[{"name":"wp","href":"https:\/\/api.w.org\/{rel}","templated":true}]}}