{"id":33460,"date":"2025-04-10T12:09:51","date_gmt":"2025-04-10T10:09:51","guid":{"rendered":"https:\/\/myspainfood.com\/producto\/vino-cucamonas-verdejo-de-rueda-2022-bodegas-gotica-120-lahvi\/"},"modified":"2025-04-10T12:09:51","modified_gmt":"2025-04-10T10:09:51","slug":"vino-cucamonas-verdejo-de-rueda-2022-bodegas-gotica-120-lahvi","status":"publish","type":"product","link":"https:\/\/myspainfood.com\/cs\/producto\/vino-cucamonas-verdejo-de-rueda-2022-bodegas-gotica-120-lahvi\/","title":{"rendered":"V\u00edno Cucamonas verdejo de Rueda 2022 bodegas G\u00f3tica 120 lahv\u00ed"},"content":{"rendered":"<p><strong>Verdejo - <em>100% Verdejo<\/em><\/strong><\/p>\n<p>100% hrozny Verdejo, hlavn\u00ed odr\u016fdy DO. Rueda. Vyr\u00e1b\u00ed se zde vysoce kvalitn\u00ed v\u00edna, sv\u011b\u017e\u00ed, velmi ovocn\u00e1, zeleno\u017elut\u00e9 barvy, s citrusov\u00fdm aroma, pln\u00e1 a velmi glycerinov\u00e1.  <\/p>\n<p>&nbsp;<\/p>\n","protected":false},"excerpt":{"rendered":"<p>Cucamonas Verdejo Rueda 2022<\/p>\n","protected":false},"featured_media":33461,"template":"","meta":{"_et_pb_use_builder":"","_et_pb_old_content":"","_et_gb_content_width":""},"product_brand":[1140],"product_cat":[4908,2957,4910],"product_tag":[7114,7115],"class_list":{"0":"post-33460","1":"product","2":"type-product","3":"status-publish","4":"has-post-thumbnail","6":"product_brand-ladera-de-los-obispos","7":"product_cat-napoje-cs","8":"product_cat-velkoobchod-cs","9":"product_cat-vino-cs","10":"product_tag-gothic-cs","11":"product_tag-kolo","13":"first","14":"outofstock","15":"featured","16":"taxable","17":"shipping-taxable","18":"purchasable","19":"product-type-simple"},"_links":{"self":[{"href":"https:\/\/myspainfood.com\/cs\/wp-json\/wp\/v2\/product\/33460","targetHints":{"allow":["GET"]}}],"collection":[{"href":"https:\/\/myspainfood.com\/cs\/wp-json\/wp\/v2\/product"}],"about":[{"href":"https:\/\/myspainfood.com\/cs\/wp-json\/wp\/v2\/types\/product"}],"wp:featuredmedia":[{"embeddable":true,"href":"https:\/\/myspainfood.com\/cs\/wp-json\/wp\/v2\/media\/33461"}],"wp:attachment":[{"href":"https:\/\/myspainfood.com\/cs\/wp-json\/wp\/v2\/media?parent=33460"}],"wp:term":[{"taxonomy":"product_brand","embeddable":true,"href":"https:\/\/myspainfood.com\/cs\/wp-json\/wp\/v2\/product_brand?post=33460"},{"taxonomy":"product_cat","embeddable":true,"href":"https:\/\/myspainfood.com\/cs\/wp-json\/wp\/v2\/product_cat?post=33460"},{"taxonomy":"product_tag","embeddable":true,"href":"https:\/\/myspainfood.com\/cs\/wp-json\/wp\/v2\/product_tag?post=33460"}],"curies":[{"name":"wp","href":"https:\/\/api.w.org\/{rel}","templated":true}]}}