{"id":33503,"date":"2025-04-10T12:10:14","date_gmt":"2025-04-10T10:10:14","guid":{"rendered":"https:\/\/myspainfood.com\/producto\/kohouti-prirodni-45-65-areoso\/"},"modified":"2025-04-10T12:10:14","modified_gmt":"2025-04-10T10:10:14","slug":"kohouti-prirodni-45-65-areoso","status":"publish","type":"product","link":"https:\/\/myspainfood.com\/cs\/producto\/kohouti-prirodni-45-65-areoso\/","title":{"rendered":"Kohouti p\u0159\u00edrodn\u00ed 45\/65 Areoso"},"content":{"rendered":"<p>V\u00fdrobek: kohouti 45\/65 kus\u016f.<\/p>\n<p>Slo\u017een\u00ed: Hlem\u00fd\u017e\u010f, voda a s\u016fl<\/p>\n<p>POSTUP P\u0158\u00cdPRAVY: Ml\u017ei se p\u0159ipravuj\u00ed podobn\u011b jako \u0161keble, i kdy\u017e nejsou tak jemn\u00fdm produktem jako \u0161keble. Postup je n\u00e1sleduj\u00edc\u00ed: va\u0159\u00ed se ve vod\u011b se spr\u00e1vn\u00fdmi hygienicko-sanit\u00e1rn\u00edmi vlastnostmi. Cel\u00fd proces loup\u00e1n\u00ed a t\u0159\u00edd\u011bn\u00ed je automatizovan\u00fd. Pot\u00e9 se op\u011bt omyj\u00ed v hork\u00e9 vod\u011b a n\u00e1sledn\u011b se zabal\u00ed. Pot\u00e9 se p\u0159id\u00e1 kryc\u00ed tekutina, kterou je v tomto p\u0159\u00edpad\u011b p\u0159\u00edrodn\u00ed voda. Ta se uzav\u0159e a sterilizuje s charakteristick\u00fdmi a vhodn\u00fdmi parametry pro tento v\u00fdrobek. Pot\u00e9 je p\u0159ipraven ke skladov\u00e1n\u00ed a prodeji.      <\/p>\n","protected":false},"excerpt":{"rendered":"<p>V\u00fdrobek: kohouti 45\/65 kus\u016f. Slo\u017een\u00ed: Hlem\u00fd\u017e\u010f, voda a s\u016fl POSTUP P\u0158\u00cdPRAVY: Ml\u017ei se p\u0159ipravuj\u00ed podobn\u011b jako \u0161keble, i kdy\u017e nejsou tak jemn\u00fdm produktem jako \u0161keble. Postup je n\u00e1sleduj\u00edc\u00ed: va\u0159\u00ed se ve vod\u011b se spr\u00e1vn\u00fdmi hygienicko-sanit\u00e1rn\u00edmi vlastnostmi. Cel\u00fd proces loup\u00e1n\u00ed a t\u0159\u00edd\u011bn\u00ed je automatizovan\u00fd. Pot\u00e9 se op\u011bt omyj\u00ed v hork\u00e9 vod\u011b a n\u00e1sledn\u011b se zabal\u00ed. Pot\u00e9 [&hellip;]<\/p>\n","protected":false},"featured_media":33505,"template":"","meta":{"_et_pb_use_builder":"","_et_pb_old_content":"","_et_gb_content_width":""},"product_brand":[1358,1075],"product_cat":[5680,1935],"product_tag":[],"class_list":{"0":"post-33503","1":"product","2":"type-product","3":"status-publish","4":"has-post-thumbnail","6":"product_brand-areoso","7":"product_brand-oti","8":"product_cat-kohouti","9":"product_cat-zachovava","11":"first","12":"outofstock","13":"sale","14":"taxable","15":"shipping-taxable","16":"purchasable","17":"product-type-simple"},"_links":{"self":[{"href":"https:\/\/myspainfood.com\/cs\/wp-json\/wp\/v2\/product\/33503","targetHints":{"allow":["GET"]}}],"collection":[{"href":"https:\/\/myspainfood.com\/cs\/wp-json\/wp\/v2\/product"}],"about":[{"href":"https:\/\/myspainfood.com\/cs\/wp-json\/wp\/v2\/types\/product"}],"wp:featuredmedia":[{"embeddable":true,"href":"https:\/\/myspainfood.com\/cs\/wp-json\/wp\/v2\/media\/33505"}],"wp:attachment":[{"href":"https:\/\/myspainfood.com\/cs\/wp-json\/wp\/v2\/media?parent=33503"}],"wp:term":[{"taxonomy":"product_brand","embeddable":true,"href":"https:\/\/myspainfood.com\/cs\/wp-json\/wp\/v2\/product_brand?post=33503"},{"taxonomy":"product_cat","embeddable":true,"href":"https:\/\/myspainfood.com\/cs\/wp-json\/wp\/v2\/product_cat?post=33503"},{"taxonomy":"product_tag","embeddable":true,"href":"https:\/\/myspainfood.com\/cs\/wp-json\/wp\/v2\/product_tag?post=33503"}],"curies":[{"name":"wp","href":"https:\/\/api.w.org\/{rel}","templated":true}]}}