{"id":33693,"date":"2025-04-10T12:09:55","date_gmt":"2025-04-10T10:09:55","guid":{"rendered":"https:\/\/myspainfood.com\/producto\/vermut-los-cantabros-075l-se-solerou-od-igarmi-60-jednotek\/"},"modified":"2025-04-10T12:09:55","modified_gmt":"2025-04-10T10:09:55","slug":"vermut-los-cantabros-075l-se-solerou-od-igarmi-60-jednotek","status":"publish","type":"product","link":"https:\/\/myspainfood.com\/cs\/producto\/vermut-los-cantabros-075l-se-solerou-od-igarmi-60-jednotek\/","title":{"rendered":"Vermut Los C\u00e1ntabros 0,75l se solerou od Igarmi 60 jednotek"},"content":{"rendered":"<p>Verm\u00fa los C\u00e1ntabros je poctou v\u0161em mu\u017e\u016fm a \u017een\u00e1m, kte\u0159\u00ed um\u011bli zachovat a \u0161\u00ed\u0159it na\u0161i kulturu.<\/p>\n<p>Tak\u00e9 na\u0161e ko\u0159eny a tradice, doprov\u00e1zen\u00e9 jarmarky, festivaly, hrami a gastronomi\u00ed, od mo\u0159e a\u017e po hory na\u0161\u00ed milovan\u00e9 Kant\u00e1brie.<\/p>\n<p>Tento produkt st\u00e1\u010d\u00ed spole\u010dnost <a href=\"https:\/\/bodegasigarmi.es\/mayoristas-de-bebidas-en-cantabria\/\" target=\"_blank\" rel=\"noopener noreferrer nofollow\">Bodegas Igarmi <\/a>.  <\/p>\n<p>Bodegas Igarmi je sou\u010dasnost\u00ed tradice, kter\u00e1 se od roku 1890 vyzna\u010duje kvalitou a slu\u017ebami z\u00e1kazn\u00edk\u016fm.<\/p>\n<p>Rodinn\u00fd podnik, kter\u00fd d\u00edky sv\u00e9 v\u00e1\u0161ni a oddanosti v\u00ednu st\u00e1\u010d\u00ed a prod\u00e1v\u00e1 v\u00edna s bezkonkuren\u010dn\u00edm pom\u011brem kvality a ceny, je\u017e jsou na trhu i u spot\u0159ebitel\u016f vysoce cen\u011bna.<\/p>\n<p>Bodegas Igarmi m\u00e1 ve m\u011bst\u011b Heras prostory o rozloze 3 000 m\u00b2 se skladovac\u00ed kapacitou p\u0159ibli\u017en\u011b jeden milion litr\u016f.<\/p>\n<p>Je to tak\u00e9 nejv\u011bt\u0161\u00ed vina\u0159stv\u00ed v Kant\u00e1brii.<\/p>\n<p>Tvo\u0159\u00ed skv\u011bl\u00fd t\u00fdm v\u00edce ne\u017e 30 lid\u00ed, kte\u0159\u00ed se sna\u017e\u00ed poskytovat z\u00e1kazn\u00edk\u016fm ty nejlep\u0161\u00ed produkty a slu\u017eby, kter\u00fdmi se vyzna\u010dujeme.<\/p>\n<p>&nbsp;<\/p>\n","protected":false},"excerpt":{"rendered":"<p>Verm\u00fa los C\u00e1ntabros je poctou v\u0161em mu\u017e\u016fm a \u017een\u00e1m, kte\u0159\u00ed um\u011bli zachovat a \u0161\u00ed\u0159it na\u0161i kulturu. Tak\u00e9 na\u0161e ko\u0159eny a tradice, doprov\u00e1zen\u00e9 jarmarky, festivaly, hrami a gastronomi\u00ed, od mo\u0159e a\u017e po hory na\u0161\u00ed milovan\u00e9 Kant\u00e1brie. Tento produkt st\u00e1\u010d\u00ed spole\u010dnost Bodegas Igarmi . Bodegas Igarmi je sou\u010dasnost\u00ed tradice, kter\u00e1 se od roku 1890 vyzna\u010duje kvalitou a [&hellip;]<\/p>\n","protected":false},"featured_media":27284,"template":"","meta":{"_et_pb_use_builder":"","_et_pb_old_content":"","_et_gb_content_width":""},"product_brand":[1244,1245],"product_cat":[7393,2957],"product_tag":[5793],"class_list":{"0":"post-33693","1":"product","2":"type-product","3":"status-publish","4":"has-post-thumbnail","6":"product_brand-igarmi","7":"product_brand-los-cantabros","8":"product_cat-napoje-cs-2","9":"product_cat-velkoobchod-cs","10":"product_tag-igarmi-cs","12":"first","13":"instock","14":"taxable","15":"shipping-taxable","16":"purchasable","17":"product-type-simple"},"_links":{"self":[{"href":"https:\/\/myspainfood.com\/cs\/wp-json\/wp\/v2\/product\/33693","targetHints":{"allow":["GET"]}}],"collection":[{"href":"https:\/\/myspainfood.com\/cs\/wp-json\/wp\/v2\/product"}],"about":[{"href":"https:\/\/myspainfood.com\/cs\/wp-json\/wp\/v2\/types\/product"}],"wp:featuredmedia":[{"embeddable":true,"href":"https:\/\/myspainfood.com\/cs\/wp-json\/wp\/v2\/media\/27284"}],"wp:attachment":[{"href":"https:\/\/myspainfood.com\/cs\/wp-json\/wp\/v2\/media?parent=33693"}],"wp:term":[{"taxonomy":"product_brand","embeddable":true,"href":"https:\/\/myspainfood.com\/cs\/wp-json\/wp\/v2\/product_brand?post=33693"},{"taxonomy":"product_cat","embeddable":true,"href":"https:\/\/myspainfood.com\/cs\/wp-json\/wp\/v2\/product_cat?post=33693"},{"taxonomy":"product_tag","embeddable":true,"href":"https:\/\/myspainfood.com\/cs\/wp-json\/wp\/v2\/product_tag?post=33693"}],"curies":[{"name":"wp","href":"https:\/\/api.w.org\/{rel}","templated":true}]}}