{"id":33959,"date":"2025-04-10T12:10:12","date_gmt":"2025-04-10T10:10:12","guid":{"rendered":"https:\/\/myspainfood.com\/producto\/80-ks-cusumano-coastal-fresh-bonito-18-kg\/"},"modified":"2026-01-13T13:49:36","modified_gmt":"2026-01-13T12:49:36","slug":"80-ks-cusumano-coastal-fresh-bonito-18-kg","status":"publish","type":"product","link":"https:\/\/myspainfood.com\/cs\/producto\/80-ks-cusumano-coastal-fresh-bonito-18-kg\/","title":{"rendered":"80 ks Cusumano coastal fresh bonito 1&#8217;8 kg"},"content":{"rendered":"<div id=\"product-description-short-5\" class=\"rte-content\">\n<p style=\"text-align: left;\">\u010cerstv\u00fd pob\u0159e\u017en\u00ed tu\u0148\u00e1k Cusumano je b\u00edl\u00fd tu\u0148\u00e1k, kter\u00fd se lov\u00ed po jednom kusu v Kantabersk\u00e9m mo\u0159i a <a href=\"https:\/\/es.wikipedia.org\/wiki\/Thunnus\" target=\"_blank\" rel=\"noopener noreferrer nofollow\">zpracov\u00e1v\u00e1 se<\/a> \u010cERSTV\u00dd.<\/p>\n<p>Toto j\u00eddlo m\u00e1 autentickou chu\u0165 a v\u00fdjime\u010dnou strukturu.<\/p>\n<p>Kone\u010dn\u011b m\u016f\u017eete m\u00edt na stole tradi\u010dn\u00ed zava\u0159eninu.<\/p>\n<p>Fresco de Costera.<\/p>\n<p>Vzhledem k tomu, \u017ee se jedn\u00e1 o sez\u00f3nn\u00ed rybolov, kter\u00fd prob\u00edh\u00e1 od \u010dervna do \u0159\u00edjna, spole\u010dnost Cusumano zaru\u010duje, \u017ee tento tu\u0148\u00e1k b\u00edl\u00fd nepro\u0161el od uloven\u00ed a\u017e po produkci \u017e\u00e1dn\u00fdm procesem zmrazen\u00ed.<\/p>\n<p>Tento tu\u0148\u00e1k si zachov\u00e1v\u00e1 v\u0161echny sv\u00e9 organoleptick\u00e9 vlastnosti, jako je barva, chu\u0165 a struktura.<\/p>\n<p>Conservas Cusumano m\u00e1 nov\u00e9 a modern\u00ed za\u0159\u00edzen\u00ed o rozloze t\u00e9m\u011b\u0159 6 000 m\u00b2, kter\u00e9 se nach\u00e1z\u00ed ve m\u011bst\u011b Mundaka.<\/p>\n<p>Conservas Cusumano je spole\u010dnost, kter\u00e1 ji\u017e v\u00edce ne\u017e 60 let udr\u017euje l\u00e1sku k tradici a know-how v jednom z nejstar\u0161\u00edch a nejtradi\u010dn\u011bj\u0161\u00edch \u0159emesel na sv\u011bt\u011b: lovu a konzervov\u00e1n\u00ed \u010derstv\u00fdch b\u00edl\u00fdch tu\u0148\u00e1k\u016f z pob\u0159e\u017e\u00ed.<\/p>\n<p>V nesrovnateln\u00e9 biosf\u00e9rick\u00e9 rezervaci Urdaibai, kter\u00e1 jim umo\u017e\u0148uje m\u00edt ty nej\u010derstv\u011bj\u0161\u00ed ryby d\u00edky sv\u00e9 poloze tak bl\u00edzko mo\u0159e, kter\u00e9 prostupuje na\u0161\u00ed podstatou.<\/p>\n<p>Pokud si chcete koupit \u010derstv\u00e9ho tu\u0148\u00e1ka Cusumano Coastal nebo jak\u00fdkoli jin\u00fd druh <a href=\"https:\/\/latiendadesami.com\/categoria-producto\/conservas\/\" rel=\"noopener noreferrer nofollow\" target=\"_blank\">tu\u0148\u00e1ka v konzerv\u011b<\/a>, nev\u00e1hejte si prohl\u00e9dnout cel\u00fd n\u00e1\u0161 online katalog a pod\u00edvat se na \u0161irokou nab\u00eddku <a href=\"https:\/\/latiendadesami.com\/categoria-producto\/conservas\/atun-y-bonito\/\" target=\"_blank\" rel=\"noopener noreferrer nofollow\">tu\u0148\u00e1k\u016f<\/a>.<\/p>\n<p>Napi\u0161te n\u00e1m o dal\u0161\u00ed informace.<\/p>\n<p>&nbsp;<\/p>\n<\/div>\n","protected":false},"excerpt":{"rendered":"<p>\u010cerstv\u00fd pob\u0159e\u017en\u00ed tu\u0148\u00e1k Cusumano je b\u00edl\u00fd tu\u0148\u00e1k, kter\u00fd se lov\u00ed po jednom kusu v Kantabersk\u00e9m mo\u0159i a zpracov\u00e1v\u00e1 se \u010cERSTV\u00dd. Toto j\u00eddlo m\u00e1 autentickou chu\u0165 a v\u00fdjime\u010dnou strukturu. Kone\u010dn\u011b m\u016f\u017eete m\u00edt na stole tradi\u010dn\u00ed zava\u0159eninu. Fresco de Costera. Vzhledem k tomu, \u017ee se jedn\u00e1 o sez\u00f3nn\u00ed rybolov, kter\u00fd prob\u00edh\u00e1 od \u010dervna do \u0159\u00edjna, spole\u010dnost Cusumano [&hellip;]<\/p>\n","protected":false},"featured_media":33832,"template":"","meta":{"_et_pb_use_builder":"","_et_pb_old_content":"","_et_gb_content_width":""},"product_brand":[1272],"product_cat":[4317,1935],"product_tag":[],"class_list":{"0":"post-33959","1":"product","2":"type-product","3":"status-publish","4":"has-post-thumbnail","6":"product_brand-cusumano","7":"product_cat-tunak-a-bonito","8":"product_cat-zachovava","10":"first","11":"outofstock","12":"taxable","13":"shipping-taxable","14":"purchasable","15":"product-type-simple"},"_links":{"self":[{"href":"https:\/\/myspainfood.com\/cs\/wp-json\/wp\/v2\/product\/33959","targetHints":{"allow":["GET"]}}],"collection":[{"href":"https:\/\/myspainfood.com\/cs\/wp-json\/wp\/v2\/product"}],"about":[{"href":"https:\/\/myspainfood.com\/cs\/wp-json\/wp\/v2\/types\/product"}],"wp:featuredmedia":[{"embeddable":true,"href":"https:\/\/myspainfood.com\/cs\/wp-json\/wp\/v2\/media\/33832"}],"wp:attachment":[{"href":"https:\/\/myspainfood.com\/cs\/wp-json\/wp\/v2\/media?parent=33959"}],"wp:term":[{"taxonomy":"product_brand","embeddable":true,"href":"https:\/\/myspainfood.com\/cs\/wp-json\/wp\/v2\/product_brand?post=33959"},{"taxonomy":"product_cat","embeddable":true,"href":"https:\/\/myspainfood.com\/cs\/wp-json\/wp\/v2\/product_cat?post=33959"},{"taxonomy":"product_tag","embeddable":true,"href":"https:\/\/myspainfood.com\/cs\/wp-json\/wp\/v2\/product_tag?post=33959"}],"curies":[{"name":"wp","href":"https:\/\/api.w.org\/{rel}","templated":true}]}}