{"id":33966,"date":"2025-04-10T12:10:21","date_gmt":"2025-04-10T10:10:21","guid":{"rendered":"https:\/\/myspainfood.com\/producto\/skeble-britva-v-olivovem-oleji-areoso-115-g\/"},"modified":"2025-04-10T12:10:21","modified_gmt":"2025-04-10T10:10:21","slug":"skeble-britva-v-olivovem-oleji-areoso-115-g","status":"publish","type":"product","link":"https:\/\/myspainfood.com\/cs\/producto\/skeble-britva-v-olivovem-oleji-areoso-115-g\/","title":{"rendered":"\u0160keble b\u0159itva v olivov\u00e9m oleji Areoso 115 g"},"content":{"rendered":"<p>V\u00fdrobek: \u0160keble v olivov\u00e9m oleji<\/p>\n<p>Specifikace: \u0160keble b\u0159itva (Ensis arcuatus) z galicijsk\u00fdch Rias, stejnorod\u00e9 velikosti v olivov\u00e9m oleji. O\u010di\u0161t\u011bn\u00e9 a ru\u010dn\u011b vybran\u00e9 v ka\u017ed\u00e9 plechovce. <\/p>\n<p>Slo\u017een\u00ed: Slo\u017een\u00ed: \u0161keble b\u0159itva 56,5 %, olivov\u00fd olej 43,5 % a s\u016fl.<\/p>\n<p>V\u00fdrobn\u00ed proces: \u0160keble b\u0159itva sklizen\u00e9 v galicijsk\u00fdch rias\u00e1ch proch\u00e1zej\u00ed stejn\u011b jako ostatn\u00ed m\u011bkk\u00fd\u0161i procesem \u010di\u0161t\u011bn\u00ed, jakmile se dostanou do z\u00e1vodu. Pot\u00e9 se p\u0159eva\u0159\u00ed ve vod\u011b se spr\u00e1vn\u00fdmi hygienick\u00fdmi a sanit\u00e1rn\u00edmi vlastnostmi, m\u011bkk\u00fd\u0161i se otev\u0159ou a pot\u00e9 se ru\u010dn\u011b vyloupnou, p\u0159i\u010dem\u017e se db\u00e1 na to, aby se nerozbili. Pot\u00e9 se op\u011bt promyj\u00ed v tepl\u00e9 slan\u00e9 vod\u011b a zabal\u00ed. N\u00e1sledn\u011b jsou pot\u0159eny olivov\u00fdm olejem, kter\u00fd jim dod\u00e1 jemnou strukturu a intenzivn\u00ed chu\u0165. N\u00e1doby se uzav\u0159ou a sterilizuj\u00ed s charakteristick\u00fdmi a vhodn\u00fdmi parametry pro tento produkt, \u010d\u00edm\u017e se vytvo\u0159\u00ed dokonal\u00e9 prost\u0159ed\u00ed pro dlouholet\u00e9 uchov\u00e1v\u00e1n\u00ed bez jak\u00fdchkoli konzerva\u010dn\u00edch l\u00e1tek nebo um\u011bl\u00fdch p\u0159\u00edsad. Pot\u00e9 je p\u0159ipraven ke skladov\u00e1n\u00ed a prodeji.     <\/p>\n","protected":false},"excerpt":{"rendered":"<p>V\u00fdrobek: \u0160keble v olivov\u00e9m oleji Specifikace: \u0160keble b\u0159itva (Ensis arcuatus) z galicijsk\u00fdch Rias, stejnorod\u00e9 velikosti v olivov\u00e9m oleji. O\u010di\u0161t\u011bn\u00e9 a ru\u010dn\u011b vybran\u00e9 v ka\u017ed\u00e9 plechovce. Slo\u017een\u00ed: Slo\u017een\u00ed: \u0161keble b\u0159itva 56,5 %, olivov\u00fd olej 43,5 % a s\u016fl. V\u00fdrobn\u00ed proces: \u0160keble b\u0159itva sklizen\u00e9 v galicijsk\u00fdch rias\u00e1ch proch\u00e1zej\u00ed stejn\u011b jako ostatn\u00ed m\u011bkk\u00fd\u0161i procesem \u010di\u0161t\u011bn\u00ed, jakmile se dostanou [&hellip;]<\/p>\n","protected":false},"featured_media":33971,"template":"","meta":{"_et_pb_use_builder":"","_et_pb_old_content":"","_et_gb_content_width":""},"product_brand":[1358],"product_cat":[1935,7667],"product_tag":[],"class_list":{"0":"post-33966","1":"product","2":"type-product","3":"status-publish","4":"has-post-thumbnail","6":"product_brand-areoso","7":"product_cat-zachovava","8":"product_cat-ziletky-cs","10":"first","11":"outofstock","12":"taxable","13":"shipping-taxable","14":"product-type-variable"},"_links":{"self":[{"href":"https:\/\/myspainfood.com\/cs\/wp-json\/wp\/v2\/product\/33966","targetHints":{"allow":["GET"]}}],"collection":[{"href":"https:\/\/myspainfood.com\/cs\/wp-json\/wp\/v2\/product"}],"about":[{"href":"https:\/\/myspainfood.com\/cs\/wp-json\/wp\/v2\/types\/product"}],"wp:featuredmedia":[{"embeddable":true,"href":"https:\/\/myspainfood.com\/cs\/wp-json\/wp\/v2\/media\/33971"}],"wp:attachment":[{"href":"https:\/\/myspainfood.com\/cs\/wp-json\/wp\/v2\/media?parent=33966"}],"wp:term":[{"taxonomy":"product_brand","embeddable":true,"href":"https:\/\/myspainfood.com\/cs\/wp-json\/wp\/v2\/product_brand?post=33966"},{"taxonomy":"product_cat","embeddable":true,"href":"https:\/\/myspainfood.com\/cs\/wp-json\/wp\/v2\/product_cat?post=33966"},{"taxonomy":"product_tag","embeddable":true,"href":"https:\/\/myspainfood.com\/cs\/wp-json\/wp\/v2\/product_tag?post=33966"}],"curies":[{"name":"wp","href":"https:\/\/api.w.org\/{rel}","templated":true}]}}