{"id":34116,"date":"2025-04-10T12:09:58","date_gmt":"2025-04-10T10:09:58","guid":{"rendered":"https:\/\/myspainfood.com\/producto\/banderillas-extra-pikantni-chicon-900-gramu-baleni-6-kusu\/"},"modified":"2025-04-10T12:09:58","modified_gmt":"2025-04-10T10:09:58","slug":"banderillas-extra-pikantni-chicon-900-gramu-baleni-6-kusu","status":"publish","type":"product","link":"https:\/\/myspainfood.com\/cs\/producto\/banderillas-extra-pikantni-chicon-900-gramu-baleni-6-kusu\/","title":{"rendered":"Banderillas Extra (pikantn\u00ed) Chic\u00f3n 900 gram\u016f balen\u00ed 6 kus\u016f"},"content":{"rendered":"<p>Banderillas extra picantes jsou <a href=\"https:\/\/aceitunaschiconlebron.com\/catalogo\/banderillas-picantes\/\" target=\"_blank\" rel=\"noopener noreferrer nofollow\">nakl\u00e1dan\u00e9 okurky, kter\u00e9<\/a> se v mnoha koutech na\u0161\u00ed zem\u011b konzumuj\u00ed ka\u017ed\u00fd den jako p\u0159edkrm.<\/p>\n<p>Sm\u011bs chut\u00ed, kterou poskytuj\u00ed jej\u00ed ingredience, spolu s n\u00e1dechem octa a p\u00e1livost\u00ed chilli dod\u00e1v\u00e1 chuti na\u0161ich pikantn\u00edch banderill zvl\u00e1\u0161tn\u00ed chu\u0165.<\/p>\n<p>Pikantn\u00ed banderilly se obvykle skl\u00e1daj\u00ed z okurek, chilli, cibule, oliv a paprik. Proto je sm\u011bs t\u011bchto chut\u00ed tak vynikaj\u00edc\u00ed. <\/p>\n<h3><strong>V\u00fdhody extra pikantn\u00edch Banderillas<\/strong><\/h3>\n<p>V\u011bd\u011bli jste, jak\u00e9 v\u00fdhody maj\u00ed pikantn\u00ed banderilly a nakl\u00e1dan\u00e9 okurky obecn\u011b? Zde je seznam t\u011bch nejd\u016fle\u017eit\u011bj\u0161\u00edch: <\/p>\n<ul>\n<li>Bohat\u00e9 na probiotika.<\/li>\n<li>Napom\u00e1haj\u00ed tr\u00e1ven\u00ed.<\/li>\n<li>Posiluj\u00ed imunitn\u00ed syst\u00e9m.<\/li>\n<li>Sni\u017euj\u00ed chu\u0165 na cukr.<\/li>\n<li>P\u0159\u00edzniv\u00e9 pro \u017elu\u010dn\u00edk.<\/li>\n<\/ul>\n<p>&nbsp;<\/p>\n<p>Pokud si chcete koupit olivy nebo jak\u00fdkoli jin\u00fd druh <a href=\"https:\/\/latiendadesami.com\/categoria-producto\/encurtidos\/\" rel=\"noopener noreferrer nofollow\" target=\"_blank\">nakl\u00e1dan\u00fdch potravin<\/a>, nev\u00e1hejte se pod\u00edvat do na\u0161eho online katalogu a prohl\u00e9dnout si \u0161irokou nab\u00eddku <a href=\"https:\/\/latiendadesami.com\/categoria-producto\/encurtidos\/aceitunas\/\" target=\"_blank\" rel=\"noopener noreferrer nofollow\">oliv<\/a>.<\/p>\n","protected":false},"excerpt":{"rendered":"<p>banderillas picante<\/p>\n<p>Z\u00e1le\u017e\u00ed na mno\u017estv\u00ed<\/p>\n","protected":false},"featured_media":34126,"template":"","meta":{"_et_pb_use_builder":"","_et_pb_old_content":"","_et_gb_content_width":""},"product_brand":[1036],"product_cat":[3140,2957],"product_tag":[4118,2064],"class_list":{"0":"post-34116","1":"product","2":"type-product","3":"status-publish","4":"has-post-thumbnail","6":"product_brand-chicon","7":"product_cat-pickles-cs-2","8":"product_cat-velkoobchod-cs","9":"product_tag-extra-cs","10":"product_tag-pikantni","12":"first","13":"instock","14":"taxable","15":"shipping-taxable","16":"purchasable","17":"product-type-variable"},"_links":{"self":[{"href":"https:\/\/myspainfood.com\/cs\/wp-json\/wp\/v2\/product\/34116","targetHints":{"allow":["GET"]}}],"collection":[{"href":"https:\/\/myspainfood.com\/cs\/wp-json\/wp\/v2\/product"}],"about":[{"href":"https:\/\/myspainfood.com\/cs\/wp-json\/wp\/v2\/types\/product"}],"wp:featuredmedia":[{"embeddable":true,"href":"https:\/\/myspainfood.com\/cs\/wp-json\/wp\/v2\/media\/34126"}],"wp:attachment":[{"href":"https:\/\/myspainfood.com\/cs\/wp-json\/wp\/v2\/media?parent=34116"}],"wp:term":[{"taxonomy":"product_brand","embeddable":true,"href":"https:\/\/myspainfood.com\/cs\/wp-json\/wp\/v2\/product_brand?post=34116"},{"taxonomy":"product_cat","embeddable":true,"href":"https:\/\/myspainfood.com\/cs\/wp-json\/wp\/v2\/product_cat?post=34116"},{"taxonomy":"product_tag","embeddable":true,"href":"https:\/\/myspainfood.com\/cs\/wp-json\/wp\/v2\/product_tag?post=34116"}],"curies":[{"name":"wp","href":"https:\/\/api.w.org\/{rel}","templated":true}]}}