{"id":34213,"date":"2025-04-10T12:09:58","date_gmt":"2025-04-10T10:09:58","guid":{"rendered":"https:\/\/myspainfood.com\/producto\/chicon-extra-olivy-okurky-900-gramu-baleni-6-kusu\/"},"modified":"2025-04-10T12:09:58","modified_gmt":"2025-04-10T10:09:58","slug":"chicon-extra-olivy-okurky-900-gramu-baleni-6-kusu","status":"publish","type":"product","link":"https:\/\/myspainfood.com\/cs\/producto\/chicon-extra-olivy-okurky-900-gramu-baleni-6-kusu\/","title":{"rendered":"Chic\u00f3n Extra olivy okurky 900 gram\u016f balen\u00ed 6 kus\u016f"},"content":{"rendered":"<p>Okurky <a href=\"https:\/\/aceitunaschiconlebron.com\/\" target=\"_blank\" rel=\"noopener noreferrer nofollow\">Chic\u00f3n<\/a> Extra se vyr\u00e1b\u011bj\u00ed v Antequer\u011b v Malaze.<\/p>\n<p>Jsou vyr\u00e1b\u011bny podle tradi\u010dn\u00ed receptury a \u0159emesln\u00fdm zp\u016fsobem.<\/p>\n<p>Jsou to extra mal\u00e9, jemn\u00e9 okurky s lehk\u00fdm a chutn\u00fdm octov\u00fdm n\u00e1dechem.<\/p>\n<p>Sm\u011bs chut\u00ed, kter\u00e9 ingredience poskytuj\u00ed, spolu s p\u0159\u00edm\u011bs\u00ed octa mu dod\u00e1vaj\u00ed zvl\u00e1\u0161tn\u00ed chu\u0165, kter\u00e1 je velmi p\u0159\u00edjemn\u00e1 pro chu\u0165ov\u00e9 bu\u0148ky.<\/p>\n<p>Okurky jsou sva\u010dinou, kter\u00e1 posiluje imunitn\u00ed syst\u00e9m, co\u017e znamen\u00e1, \u017ee podporuj\u00ed obranyschopnost organismu a celkov\u00e9 zdrav\u00ed.<\/p>\n<h3><strong>V\u00fdhody extra okurek<\/strong><\/h3>\n<p>V\u011bd\u011bli jste o prosp\u011b\u0161nosti nakl\u00e1dan\u00e9 zeleniny obecn\u011b? Zde je seznam t\u011bch nejd\u016fle\u017eit\u011bj\u0161\u00edch: <\/p>\n<ul>\n<li>Bohat\u00e9 na probiotika.<\/li>\n<li>Napom\u00e1haj\u00ed tr\u00e1ven\u00ed.<\/li>\n<li>Posiluj\u00ed imunitn\u00ed syst\u00e9m.<\/li>\n<li>Sni\u017euj\u00ed chu\u0165 na cukr.<\/li>\n<li>P\u0159\u00edzniv\u00e9 pro \u017elu\u010dn\u00edk.<\/li>\n<\/ul>\n<p>Pokud si chcete koupit olivy nebo jak\u00fdkoli jin\u00fd druh <a href=\"https:\/\/latiendadesami.com\/categoria-producto\/encurtidos\/\" rel=\"noopener noreferrer nofollow\" target=\"_blank\">nakl\u00e1dan\u00fdch potravin<\/a>, nev\u00e1hejte se pod\u00edvat do na\u0161eho online katalogu a prohl\u00e9dnout si \u0161irokou nab\u00eddku <a href=\"https:\/\/latiendadesami.com\/categoria-producto\/encurtidos\/pepinillos\/\" target=\"_blank\" rel=\"noopener noreferrer nofollow\">oliv<\/a>.<\/p>\n","protected":false},"excerpt":{"rendered":"<p>Okurky Chic\u00f3n Extra se vyr\u00e1b\u011bj\u00ed v Antequer\u011b v Malaze. Jsou vyr\u00e1b\u011bny podle tradi\u010dn\u00ed receptury a \u0159emesln\u00fdm zp\u016fsobem. Jsou to extra mal\u00e9, jemn\u00e9 okurky s lehk\u00fdm a chutn\u00fdm octov\u00fdm n\u00e1dechem. Sm\u011bs chut\u00ed, kter\u00e9 ingredience poskytuj\u00ed, spolu s p\u0159\u00edm\u011bs\u00ed octa mu dod\u00e1vaj\u00ed zvl\u00e1\u0161tn\u00ed chu\u0165, kter\u00e1 je velmi p\u0159\u00edjemn\u00e1 pro chu\u0165ov\u00e9 bu\u0148ky. Okurky jsou sva\u010dinou, kter\u00e1 posiluje imunitn\u00ed [&hellip;]<\/p>\n","protected":false},"featured_media":34219,"template":"","meta":{"_et_pb_use_builder":"","_et_pb_old_content":"","_et_gb_content_width":""},"product_brand":[1036],"product_cat":[3140,2957],"product_tag":[4118],"class_list":{"0":"post-34213","1":"product","2":"type-product","3":"status-publish","4":"has-post-thumbnail","6":"product_brand-chicon","7":"product_cat-pickles-cs-2","8":"product_cat-velkoobchod-cs","9":"product_tag-extra-cs","11":"first","12":"outofstock","13":"taxable","14":"shipping-taxable","15":"purchasable","16":"product-type-variable"},"_links":{"self":[{"href":"https:\/\/myspainfood.com\/cs\/wp-json\/wp\/v2\/product\/34213","targetHints":{"allow":["GET"]}}],"collection":[{"href":"https:\/\/myspainfood.com\/cs\/wp-json\/wp\/v2\/product"}],"about":[{"href":"https:\/\/myspainfood.com\/cs\/wp-json\/wp\/v2\/types\/product"}],"wp:featuredmedia":[{"embeddable":true,"href":"https:\/\/myspainfood.com\/cs\/wp-json\/wp\/v2\/media\/34219"}],"wp:attachment":[{"href":"https:\/\/myspainfood.com\/cs\/wp-json\/wp\/v2\/media?parent=34213"}],"wp:term":[{"taxonomy":"product_brand","embeddable":true,"href":"https:\/\/myspainfood.com\/cs\/wp-json\/wp\/v2\/product_brand?post=34213"},{"taxonomy":"product_cat","embeddable":true,"href":"https:\/\/myspainfood.com\/cs\/wp-json\/wp\/v2\/product_cat?post=34213"},{"taxonomy":"product_tag","embeddable":true,"href":"https:\/\/myspainfood.com\/cs\/wp-json\/wp\/v2\/product_tag?post=34213"}],"curies":[{"name":"wp","href":"https:\/\/api.w.org\/{rel}","templated":true}]}}