{"id":34617,"date":"2025-04-10T12:10:21","date_gmt":"2025-04-10T10:10:21","guid":{"rendered":"https:\/\/myspainfood.com\/producto\/kousky-bricha-tunaka-areoso-120gr\/"},"modified":"2025-04-10T12:10:21","modified_gmt":"2025-04-10T10:10:21","slug":"kousky-bricha-tunaka-areoso-120gr","status":"publish","type":"product","link":"https:\/\/myspainfood.com\/cs\/producto\/kousky-bricha-tunaka-areoso-120gr\/","title":{"rendered":"Kousky b\u0159icha tu\u0148\u00e1ka Areoso 120gr"},"content":{"rendered":"<p>Specifikace: B\u0159icho tu\u0148\u00e1ka \u017elutoploutv\u00e9ho (Thunnus albacares) ve slune\u010dnicov\u00e9m oleji.  <\/p>\n<p>Slo\u017een\u00ed: Slo\u017een\u00ed: b\u0159icho tu\u0148\u00e1ka \u017elutoploutv\u00e9ho 65,2 %, slune\u010dnicov\u00fd olej 34,8 %, s\u016fl, s\u016fl.  <\/p>\n<p>V\u00fdrobn\u00ed proces: B\u0159i\u0161n\u00ed \u010d\u00e1st tu\u0148\u00e1ka \u017elutoploutv\u00e9ho je jednou z nejoce\u0148ovan\u011bj\u0161\u00edch pro svou skv\u011blou chu\u0165 a jemnou strukturu. Kusy b\u0159i\u0161n\u00ed \u010d\u00e1sti tu\u0148\u00e1ka se do tov\u00e1rny dost\u00e1vaj\u00ed zcela tradi\u010dn\u00edm zp\u016fsobem. Po uva\u0159en\u00ed se o\u010dist\u00ed a ru\u010dn\u011b rozd\u011bl\u00ed na tenk\u00e9 pl\u00e1tky stejn\u00e9 velikosti. Bal\u00ed se do plechovek a jako kryc\u00ed tekutina se p\u0159id\u00e1v\u00e1 olivov\u00fd olej, kter\u00fd nepochybn\u011b zv\u00fdrazn\u00ed plnou chu\u0165 tohoto vysoce cen\u011bn\u00e9ho produktu. Pot\u00e9 se konzervy uzav\u0159ou a sterilizuj\u00ed, co\u017e je p\u0159\u00edsn\u011b kontrolovan\u00fd proces, kter\u00fd zaru\u010duje kvalitu a uchov\u00e1n\u00ed produktu po dlouh\u00e1 l\u00e9ta bez p\u0159id\u00e1n\u00ed um\u011bl\u00fdch konzerva\u010dn\u00edch l\u00e1tek.    <\/p>\n<p>Napi\u0161te n\u00e1m o dal\u0161\u00ed informace.<\/p>\n","protected":false},"excerpt":{"rendered":"<p>Specifikace: B\u0159icho tu\u0148\u00e1ka \u017elutoploutv\u00e9ho (Thunnus albacares) ve slune\u010dnicov\u00e9m oleji. Slo\u017een\u00ed: Slo\u017een\u00ed: b\u0159icho tu\u0148\u00e1ka \u017elutoploutv\u00e9ho 65,2 %, slune\u010dnicov\u00fd olej 34,8 %, s\u016fl, s\u016fl. V\u00fdrobn\u00ed proces: B\u0159i\u0161n\u00ed \u010d\u00e1st tu\u0148\u00e1ka \u017elutoploutv\u00e9ho je jednou z nejoce\u0148ovan\u011bj\u0161\u00edch pro svou skv\u011blou chu\u0165 a jemnou strukturu. Kusy b\u0159i\u0161n\u00ed \u010d\u00e1sti tu\u0148\u00e1ka se do tov\u00e1rny dost\u00e1vaj\u00ed zcela tradi\u010dn\u00edm zp\u016fsobem. Po uva\u0159en\u00ed se o\u010dist\u00ed a [&hellip;]<\/p>\n","protected":false},"featured_media":34626,"template":"","meta":{"_et_pb_use_builder":"","_et_pb_old_content":"","_et_gb_content_width":""},"product_brand":[1358],"product_cat":[4317,3495,1935],"product_tag":[],"class_list":{"0":"post-34617","1":"product","2":"type-product","3":"status-publish","4":"has-post-thumbnail","6":"product_brand-areoso","7":"product_cat-tunak-a-bonito","8":"product_cat-ventresca-cs","9":"product_cat-zachovava","11":"first","12":"outofstock","13":"taxable","14":"shipping-taxable","15":"product-type-variable"},"_links":{"self":[{"href":"https:\/\/myspainfood.com\/cs\/wp-json\/wp\/v2\/product\/34617","targetHints":{"allow":["GET"]}}],"collection":[{"href":"https:\/\/myspainfood.com\/cs\/wp-json\/wp\/v2\/product"}],"about":[{"href":"https:\/\/myspainfood.com\/cs\/wp-json\/wp\/v2\/types\/product"}],"wp:featuredmedia":[{"embeddable":true,"href":"https:\/\/myspainfood.com\/cs\/wp-json\/wp\/v2\/media\/34626"}],"wp:attachment":[{"href":"https:\/\/myspainfood.com\/cs\/wp-json\/wp\/v2\/media?parent=34617"}],"wp:term":[{"taxonomy":"product_brand","embeddable":true,"href":"https:\/\/myspainfood.com\/cs\/wp-json\/wp\/v2\/product_brand?post=34617"},{"taxonomy":"product_cat","embeddable":true,"href":"https:\/\/myspainfood.com\/cs\/wp-json\/wp\/v2\/product_cat?post=34617"},{"taxonomy":"product_tag","embeddable":true,"href":"https:\/\/myspainfood.com\/cs\/wp-json\/wp\/v2\/product_tag?post=34617"}],"curies":[{"name":"wp","href":"https:\/\/api.w.org\/{rel}","templated":true}]}}