{"id":34774,"date":"2025-04-10T12:10:13","date_gmt":"2025-04-10T10:10:13","guid":{"rendered":"https:\/\/myspainfood.com\/producto\/syr-flor-de-esgueva-viejo-32-kg\/"},"modified":"2025-06-24T13:45:57","modified_gmt":"2025-06-24T11:45:57","slug":"syr-flor-de-esgueva-viejo-32-kg","status":"publish","type":"product","link":"https:\/\/myspainfood.com\/cs\/producto\/syr-flor-de-esgueva-viejo-32-kg\/","title":{"rendered":"S\u00fdr Flor de Esgueva Viejo 3,2 kg"},"content":{"rendered":"<div class=\"et_pb_blurb_container\">\n<div class=\"et_pb_blurb_container\">\n<h1 class=\"vc_custom_heading\">Kv\u011btina Esgueva Viejo<\/h1>\n<p class=\"vc_custom_heading us_custom_c587e30b\">Vyr\u00e1b\u00ed se pouze ze syrov\u00e9ho ov\u010d\u00edho ml\u00e9ka a zraje v p\u0159\u00edrodn\u00ed k\u016f\u0159e minim\u00e1ln\u011b 7 m\u011bs\u00edc\u016f.<\/p>\n<div class=\"wpb_text_column us_custom_afe9a513\">\n<div class=\"wpb_wrapper\">\n<p>Je to dokonalost, pokud jde o intenzitu a strukturu. Je to velmi vhodn\u00fd s\u00fdr pro milovn\u00edky s\u00fdr\u016f, kte\u0159\u00ed maj\u00ed r\u00e1di pru\u017enou a t\u00e9m\u011b\u0159 rozpl\u00fdvavou strukturu, ale p\u0159itom neztr\u00e1cej\u00ed \u010distou ov\u010d\u00ed chu\u0165 a intenzitu v \u00fastech. M\u00e1 dlouhou a trvalou dochu\u0165, kter\u00e1 zanech\u00e1v\u00e1 p\u0159\u00edjemn\u00fd pocit je\u0161t\u011b n\u011bkolik minut.  <\/p>\n<\/div>\n<\/div>\n<\/div>\n<\/div>\n","protected":false},"excerpt":{"rendered":"<p>Kv\u011btina Esgueva Viejo Vyr\u00e1b\u00ed se pouze ze syrov\u00e9ho ov\u010d\u00edho ml\u00e9ka a zraje v p\u0159\u00edrodn\u00ed k\u016f\u0159e minim\u00e1ln\u011b 7 m\u011bs\u00edc\u016f. Je to dokonalost, pokud jde o intenzitu a strukturu. Je to velmi vhodn\u00fd s\u00fdr pro milovn\u00edky s\u00fdr\u016f, kte\u0159\u00ed maj\u00ed r\u00e1di pru\u017enou a t\u00e9m\u011b\u0159 rozpl\u00fdvavou strukturu, ale p\u0159itom neztr\u00e1cej\u00ed \u010distou ov\u010d\u00ed chu\u0165 a intenzitu v \u00fastech. M\u00e1 dlouhou [&hellip;]<\/p>\n","protected":false},"featured_media":34784,"template":"","meta":{"_et_pb_use_builder":"","_et_pb_old_content":"","_et_gb_content_width":""},"product_brand":[1367],"product_cat":[1868,2757,2298],"product_tag":[],"class_list":{"0":"post-34774","1":"product","2":"type-product","3":"status-publish","4":"has-post-thumbnail","6":"product_brand-flor-de-esgueva","7":"product_cat-cold-cs","8":"product_cat-lecba","9":"product_cat-syr-a-klobasa-cs","10":"product_shipping_class-preprava-za-studena","12":"first","13":"outofstock","14":"taxable","15":"shipping-taxable","16":"purchasable","17":"product-type-variable"},"_links":{"self":[{"href":"https:\/\/myspainfood.com\/cs\/wp-json\/wp\/v2\/product\/34774","targetHints":{"allow":["GET"]}}],"collection":[{"href":"https:\/\/myspainfood.com\/cs\/wp-json\/wp\/v2\/product"}],"about":[{"href":"https:\/\/myspainfood.com\/cs\/wp-json\/wp\/v2\/types\/product"}],"wp:featuredmedia":[{"embeddable":true,"href":"https:\/\/myspainfood.com\/cs\/wp-json\/wp\/v2\/media\/34784"}],"wp:attachment":[{"href":"https:\/\/myspainfood.com\/cs\/wp-json\/wp\/v2\/media?parent=34774"}],"wp:term":[{"taxonomy":"product_brand","embeddable":true,"href":"https:\/\/myspainfood.com\/cs\/wp-json\/wp\/v2\/product_brand?post=34774"},{"taxonomy":"product_cat","embeddable":true,"href":"https:\/\/myspainfood.com\/cs\/wp-json\/wp\/v2\/product_cat?post=34774"},{"taxonomy":"product_tag","embeddable":true,"href":"https:\/\/myspainfood.com\/cs\/wp-json\/wp\/v2\/product_tag?post=34774"}],"curies":[{"name":"wp","href":"https:\/\/api.w.org\/{rel}","templated":true}]}}