{"id":36833,"date":"2025-04-10T12:11:40","date_gmt":"2025-04-10T10:11:40","guid":{"rendered":"https:\/\/myspainfood.com\/producto\/andaluske-gazpacho-s-extra-panenskym-olivovym-olejem-arteoliva-1-litr\/"},"modified":"2026-01-29T12:34:46","modified_gmt":"2026-01-29T11:34:46","slug":"andaluske-gazpacho-s-extra-panenskym-olivovym-olejem-arteoliva-1-litr","status":"publish","type":"product","link":"https:\/\/myspainfood.com\/cs\/producto\/andaluske-gazpacho-s-extra-panenskym-olivovym-olejem-arteoliva-1-litr\/","title":{"rendered":"Andalusk\u00e9 gazpacho s extra panensk\u00fdm olivov\u00fdm olejem ARTEOLIVA 1 litr"},"content":{"rendered":"<p>Jedn\u00e1 se o produkt, kter\u00fd v\u011brn\u011b dodr\u017euje tradi\u010dn\u00ed recepturu prav\u00e9ho andalusk\u00e9ho gazpacha. Obsahuje \u010derstvou zeleninu nejvy\u0161\u0161\u00ed kvality, jako jsou raj\u010data, okurky, pep\u0159, \u010desnek, extra panensk\u00fd olivov\u00fd olej a chl\u00e9b, ocet sherry, vodu a mo\u0159skou s\u016fl. Na rozd\u00edl od jin\u00fdch v\u00fdrobk\u016f na trhu obsahuje gazpacho &#8222;ArteOliva&#8220; v\u00edce extra panensk\u00e9ho olivov\u00e9ho oleje a chleba, kter\u00fd je pova\u017eov\u00e1n za z\u00e1kladn\u00ed slo\u017eku tradi\u010dn\u00edho receptu.  <\/p>\n","protected":false},"excerpt":{"rendered":"<p>Jedn\u00e1 se o produkt, kter\u00fd v\u011brn\u011b dodr\u017euje tradi\u010dn\u00ed recepturu prav\u00e9ho andalusk\u00e9ho gazpacha. Obsahuje \u010derstvou zeleninu nejvy\u0161\u0161\u00ed kvality, jako jsou raj\u010data, okurky, pep\u0159, \u010desnek, extra panensk\u00fd olivov\u00fd olej a chl\u00e9b, ocet sherry, vodu a mo\u0159skou s\u016fl. Na rozd\u00edl od jin\u00fdch v\u00fdrobk\u016f na trhu obsahuje gazpacho &#8222;ArteOliva&#8220; v\u00edce extra panensk\u00e9ho olivov\u00e9ho oleje a chleba, kter\u00fd je pova\u017eov\u00e1n [&hellip;]<\/p>\n","protected":false},"featured_media":36835,"template":"","meta":{"_et_pb_use_builder":"","_et_pb_old_content":"","_et_gb_content_width":""},"product_brand":[1457],"product_cat":[2621,4908,1935],"product_tag":[],"class_list":{"0":"post-36833","1":"product","2":"type-product","3":"status-publish","4":"has-post-thumbnail","6":"product_brand-arteoliva","7":"product_cat-extra-panenske-olivy-cs","8":"product_cat-napoje-cs","9":"product_cat-zachovava","11":"first","12":"outofstock","13":"taxable","14":"shipping-taxable","15":"product-type-variable"},"_links":{"self":[{"href":"https:\/\/myspainfood.com\/cs\/wp-json\/wp\/v2\/product\/36833","targetHints":{"allow":["GET"]}}],"collection":[{"href":"https:\/\/myspainfood.com\/cs\/wp-json\/wp\/v2\/product"}],"about":[{"href":"https:\/\/myspainfood.com\/cs\/wp-json\/wp\/v2\/types\/product"}],"wp:featuredmedia":[{"embeddable":true,"href":"https:\/\/myspainfood.com\/cs\/wp-json\/wp\/v2\/media\/36835"}],"wp:attachment":[{"href":"https:\/\/myspainfood.com\/cs\/wp-json\/wp\/v2\/media?parent=36833"}],"wp:term":[{"taxonomy":"product_brand","embeddable":true,"href":"https:\/\/myspainfood.com\/cs\/wp-json\/wp\/v2\/product_brand?post=36833"},{"taxonomy":"product_cat","embeddable":true,"href":"https:\/\/myspainfood.com\/cs\/wp-json\/wp\/v2\/product_cat?post=36833"},{"taxonomy":"product_tag","embeddable":true,"href":"https:\/\/myspainfood.com\/cs\/wp-json\/wp\/v2\/product_tag?post=36833"}],"curies":[{"name":"wp","href":"https:\/\/api.w.org\/{rel}","templated":true}]}}