{"id":37646,"date":"2025-04-10T12:05:45","date_gmt":"2025-04-10T10:05:45","guid":{"rendered":"https:\/\/myspainfood.com\/producto\/michana-vejce-45-kg\/"},"modified":"2025-04-10T12:05:45","modified_gmt":"2025-04-10T10:05:45","slug":"michana-vejce-45-kg","status":"publish","type":"product","link":"https:\/\/myspainfood.com\/cs\/producto\/michana-vejce-45-kg\/","title":{"rendered":"M\u00edchan\u00e1 vejce 4,5 kg"},"content":{"rendered":"<p>Tato 4,5kg sm\u011bs nakl\u00e1dan\u00fdch okurek ve vod\u011b, soli a octu obsahuje olivy, cibuli a okurky.<\/p>\n<p>Tato <a href=\"https:\/\/www.google.com\/search?q=revuelto+aceitunas+s%C3%A1ngar&amp;sxsrf=APq-WBt1wkTZta0IAEDoueZPBxEuaY8Dtw:1644308614563&amp;source=lnms&amp;tbm=isch&amp;sa=X&amp;ved=2ahUKEwjouvz21u_1AhVV_rsIHacjBd0Q_AUoAXoECAEQAw&amp;biw=1577&amp;bih=780&amp;dpr=1\" target=\"_blank\" rel=\"noopener noreferrer nofollow\">kombinace<\/a> oliv a nakl\u00e1dan\u00fdch okurek umo\u017e\u0148uje vychutnat si nep\u0159ekonatelnou chu\u0165 tapas nebo p\u0159edkrm\u016f.<\/p>\n<p>Je to velmi zdrav\u00fd dopln\u011bk na\u0161\u00ed tradi\u010dn\u00ed v\u00fd\u017eivn\u00e9 st\u0159edomo\u0159sk\u00e9 stravy.<\/p>\n<p>Ve \u0160pan\u011blsku najdeme olivy, okurky, lilek almagro, mrkev, cibuli, velmi tradi\u010dn\u00ed kapary, \u010desnek nebo dokonce jejich sm\u011bs.<\/p>\n<p>\u010casto se pod\u00e1vaj\u00ed jako tapas k pivu (nikoli k v\u00ednu kv\u016fli obsahu octa).<\/p>\n<p>Nakl\u00e1dan\u00e9 okurky se z prastar\u00e9 techniky uchov\u00e1v\u00e1n\u00ed potravin na cel\u00e9m sv\u011bt\u011b staly jedn\u00edm z nejobl\u00edben\u011bj\u0161\u00edch tapas nebo p\u0159edkrm\u016f ve \u0161pan\u011blsk\u00e9 gastronomii.<\/p>\n<h3><strong>V\u00fdhody m\u00edchan\u00fdch vajec 4,5 kg<\/strong><\/h3>\n<p>V\u011bd\u011bli jste, jak\u00e9 jsou v\u00fdhody 4,5 kg m\u00edchan\u00fdch vajec a nakl\u00e1dan\u00fdch okurek obecn\u011b? Zde je seznam t\u011bch nejd\u016fle\u017eit\u011bj\u0161\u00edch: <\/p>\n<ul>\n<li>Bohat\u00e9 na probiotika.<\/li>\n<li>Napom\u00e1haj\u00ed tr\u00e1ven\u00ed.<\/li>\n<li>Posiluj\u00ed imunitn\u00ed syst\u00e9m.<\/li>\n<li>Sni\u017euj\u00ed chu\u0165 na cukr.<\/li>\n<li>P\u0159\u00edzniv\u00e9 pro \u017elu\u010dn\u00edk.<\/li>\n<\/ul>\n<p>&nbsp;<\/p>\n<p>Pokud si chcete koupit olivy nebo jak\u00fdkoli jin\u00fd druh <a href=\"https:\/\/latiendadesami.com\/categoria-producto\/encurtidos\/\" rel=\"noopener noreferrer nofollow\" target=\"_blank\">nakl\u00e1dan\u00e9 zeleniny<\/a>, nev\u00e1hejte se pod\u00edvat do na\u0161eho online katalogu a prohl\u00e9dnout si \u0161irokou nab\u00eddku <a href=\"https:\/\/latiendadesami.com\/categoria-producto\/encurtidos\/aceitunas\/\" target=\"_blank\" rel=\"noopener noreferrer nofollow\">oliv<\/a> nebo Revuelto 4,5 kg, kter\u00e9 m\u00e1me v nab\u00eddce.<\/p>\n<p>Napi\u0161te n\u00e1m o dal\u0161\u00ed informace.<\/p>\n","protected":false},"excerpt":{"rendered":"<p>Tato 4,5kg sm\u011bs nakl\u00e1dan\u00fdch okurek ve vod\u011b, soli a octu obsahuje olivy, cibuli a okurky. Tato kombinace oliv a nakl\u00e1dan\u00fdch okurek umo\u017e\u0148uje vychutnat si nep\u0159ekonatelnou chu\u0165 tapas nebo p\u0159edkrm\u016f. Je to velmi zdrav\u00fd dopln\u011bk na\u0161\u00ed tradi\u010dn\u00ed v\u00fd\u017eivn\u00e9 st\u0159edomo\u0159sk\u00e9 stravy. Ve \u0160pan\u011blsku najdeme olivy, okurky, lilek almagro, mrkev, cibuli, velmi tradi\u010dn\u00ed kapary, \u010desnek nebo dokonce jejich [&hellip;]<\/p>\n","protected":false},"featured_media":37650,"template":"","meta":{"_et_pb_use_builder":"","_et_pb_old_content":"","_et_gb_content_width":""},"product_brand":[1069],"product_cat":[1994,1780,1778],"product_tag":[8166],"class_list":{"0":"post-37646","1":"product","2":"type-product","3":"status-publish","4":"has-post-thumbnail","6":"product_brand-sangar","7":"product_cat-okurky","8":"product_cat-olivy-cs","9":"product_cat-pickles-cs","10":"product_tag-michana-vejce","12":"first","13":"outofstock","14":"taxable","15":"shipping-taxable","16":"purchasable","17":"product-type-simple"},"_links":{"self":[{"href":"https:\/\/myspainfood.com\/cs\/wp-json\/wp\/v2\/product\/37646","targetHints":{"allow":["GET"]}}],"collection":[{"href":"https:\/\/myspainfood.com\/cs\/wp-json\/wp\/v2\/product"}],"about":[{"href":"https:\/\/myspainfood.com\/cs\/wp-json\/wp\/v2\/types\/product"}],"wp:featuredmedia":[{"embeddable":true,"href":"https:\/\/myspainfood.com\/cs\/wp-json\/wp\/v2\/media\/37650"}],"wp:attachment":[{"href":"https:\/\/myspainfood.com\/cs\/wp-json\/wp\/v2\/media?parent=37646"}],"wp:term":[{"taxonomy":"product_brand","embeddable":true,"href":"https:\/\/myspainfood.com\/cs\/wp-json\/wp\/v2\/product_brand?post=37646"},{"taxonomy":"product_cat","embeddable":true,"href":"https:\/\/myspainfood.com\/cs\/wp-json\/wp\/v2\/product_cat?post=37646"},{"taxonomy":"product_tag","embeddable":true,"href":"https:\/\/myspainfood.com\/cs\/wp-json\/wp\/v2\/product_tag?post=37646"}],"curies":[{"name":"wp","href":"https:\/\/api.w.org\/{rel}","templated":true}]}}