{"id":37679,"date":"2025-04-10T12:05:09","date_gmt":"2025-04-10T10:05:09","guid":{"rendered":"https:\/\/myspainfood.com\/producto\/obregonova-strana\/"},"modified":"2025-04-10T12:05:09","modified_gmt":"2025-04-10T10:05:09","slug":"obregonova-strana","status":"publish","type":"product","link":"https:\/\/myspainfood.com\/cs\/producto\/obregonova-strana\/","title":{"rendered":"Obreg\u00f3nova strana"},"content":{"rendered":"<p>Olivy Chic\u00f3n Lebr\u00f3n se vyr\u00e1b\u011bj\u00ed, ochucuj\u00ed a bal\u00ed v Antequer\u011b (Malaga), jsou skl\u00edzeny ru\u010dn\u011b a jsou proslul\u00e9 svou kvalitou a jedine\u010dnou chut\u00ed.<\/p>\n","protected":false},"excerpt":{"rendered":"<p>olivy obregon split<\/p>\n","protected":false},"featured_media":37682,"template":"","meta":{"_et_pb_use_builder":"","_et_pb_old_content":"","_et_gb_content_width":""},"product_brand":[1036],"product_cat":[1780,1778],"product_tag":[8173,8174],"class_list":{"0":"post-37679","1":"product","2":"type-product","3":"status-publish","4":"has-post-thumbnail","6":"product_brand-chicon","7":"product_cat-olivy-cs","8":"product_cat-pickles-cs","9":"product_tag-obregon-cs","10":"product_tag-strana-cs","12":"first","13":"outofstock","14":"taxable","15":"shipping-taxable","16":"product-type-variable"},"_links":{"self":[{"href":"https:\/\/myspainfood.com\/cs\/wp-json\/wp\/v2\/product\/37679","targetHints":{"allow":["GET"]}}],"collection":[{"href":"https:\/\/myspainfood.com\/cs\/wp-json\/wp\/v2\/product"}],"about":[{"href":"https:\/\/myspainfood.com\/cs\/wp-json\/wp\/v2\/types\/product"}],"wp:featuredmedia":[{"embeddable":true,"href":"https:\/\/myspainfood.com\/cs\/wp-json\/wp\/v2\/media\/37682"}],"wp:attachment":[{"href":"https:\/\/myspainfood.com\/cs\/wp-json\/wp\/v2\/media?parent=37679"}],"wp:term":[{"taxonomy":"product_brand","embeddable":true,"href":"https:\/\/myspainfood.com\/cs\/wp-json\/wp\/v2\/product_brand?post=37679"},{"taxonomy":"product_cat","embeddable":true,"href":"https:\/\/myspainfood.com\/cs\/wp-json\/wp\/v2\/product_cat?post=37679"},{"taxonomy":"product_tag","embeddable":true,"href":"https:\/\/myspainfood.com\/cs\/wp-json\/wp\/v2\/product_tag?post=37679"}],"curies":[{"name":"wp","href":"https:\/\/api.w.org\/{rel}","templated":true}]}}