{"id":37704,"date":"2025-04-10T12:05:09","date_gmt":"2025-04-10T10:05:09","guid":{"rendered":"https:\/\/myspainfood.com\/producto\/bily-cesnek-900-gr-chicon\/"},"modified":"2025-04-10T12:05:09","modified_gmt":"2025-04-10T10:05:09","slug":"bily-cesnek-900-gr-chicon","status":"publish","type":"product","link":"https:\/\/myspainfood.com\/cs\/producto\/bily-cesnek-900-gr-chicon\/","title":{"rendered":"B\u00edl\u00fd \u010desnek 900 gr Chic\u00f3n"},"content":{"rendered":"<p><strong>B\u00edl\u00fd \u010desnek v oleji<\/strong>, oloupan\u00fd, zpracovan\u00fd a nalo\u017een\u00fd tak, aby se zjemnila jeho p\u0159irozen\u00e1 chu\u0165 a z\u00e1rove\u0148 se zachovaly jeho p\u016fvodn\u00ed vlastnosti.<\/p>\n<p>\u010cesnek v oleji je lah\u016fdkou pro chu\u0165ov\u00e9 bu\u0148ky, a\u0165 u\u017e jako p\u0159edkrm, nebo jako p\u0159\u00edloha k nejlep\u0161\u00edm pokrm\u016fm.<\/p>\n<h3><strong>V\u00fdhody <a href=\"https:\/\/aceitunaschiconlebron.com\/catalogo\/ajos-en-aceite\/\" target=\"_blank\" rel=\"noopener noreferrer nofollow\">oleje z<\/a> b\u00edl\u00e9ho \u010desneku<\/strong><\/h3>\n<p>V\u00edte, jak\u00e9 jsou hlavn\u00ed v\u00fdhody \u010desneku v oleji jako nakl\u00e1dan\u00e9 zeleniny? Krom\u011b mnoha jin\u00fdch vlastnost\u00ed jsou bohat\u00e9 na probiotika, posiluj\u00ed imunitn\u00ed syst\u00e9m a dokonce napom\u00e1haj\u00ed tr\u00e1ven\u00ed. <\/p>\n<p>Nakl\u00e1dan\u00e9 okurky se z prastar\u00e9 techniky uchov\u00e1v\u00e1n\u00ed potravin na cel\u00e9m sv\u011bt\u011b staly jedn\u00edm z nejoce\u0148ovan\u011bj\u0161\u00edch tapas nebo p\u0159edkrm\u016f ve \u0161pan\u011blsk\u00e9 gastronomii. Krom\u011b na\u0161eho lahodn\u00e9ho <strong>\u010desneku v oleji<\/strong> najdete v na\u0161em online katalogu i dal\u0161\u00ed druhy nakl\u00e1dan\u00e9 zeleniny, jako jsou kapary, sladk\u00e9 banderilly nebo pikantn\u00ed banderilly. <\/p>\n<h3><strong>Vlastnosti Nakl\u00e1dan\u00fd \u010desnek<\/strong><\/h3>\n<p>M\u00e1 <strong>antibiotick\u00e9 \u00fa\u010dinky<\/strong>. \u010cesnekov\u00fd olej ni\u010d\u00ed celou \u0159adu mikrob\u016f, jako jsou viry, bakterie, pl\u00edsn\u011b a paraziti. <\/p>\n<p>M\u00e1 <strong>dekongestivn\u00ed \u00fa\u010dinky,<\/strong> je zdrojem vitaminu C, enzym\u016f a miner\u00e1l\u016f, kter\u00e9 pom\u00e1haj\u00ed posilovat obranyschopnost a imunitu organismu.<\/p>\n<p><strong>\u010cesnek v oleji chr\u00e1n\u00ed na\u0161e srdce<\/strong> p\u0159ed kardiovaskul\u00e1rn\u00edmi srde\u010dn\u00edmi probl\u00e9my, jako je infarkt a ateroskler\u00f3za.<\/p>\n<p>Dal\u0161\u00ed <strong>vlastnost\u00ed nakl\u00e1dan\u00e9ho \u010desneku<\/strong> je, \u017ee sni\u017euje hladinu cholesterolu, proto\u017ee m\u00e1 schopnost m\u00edrn\u011b sni\u017eovat hladinu triglycerid\u016f a celkov\u00e9ho cholesterolu v krvi, co\u017e m\u016f\u017ee sni\u017eovat tvorbu arteri\u00e1ln\u00edho plaku.<\/p>\n<p>Stru\u010dn\u011b \u0159e\u010deno, \u010desnek v oleji nebo <a href=\"https:\/\/latiendadesami.com\/categoria-producto\/encurtidos\/\" target=\"_blank\" rel=\"noopener noreferrer nofollow\">nakl\u00e1dan\u00fd<\/a> \u010desnek m\u00e1 mnohostrann\u00e9 vlastnosti a p\u0159\u00ednosy pro lidsk\u00e9 zdrav\u00ed.<\/p>\n","protected":false},"excerpt":{"rendered":"<p>B\u00edl\u00fd \u010desnek v oleji, oloupan\u00fd, zpracovan\u00fd a nalo\u017een\u00fd tak, aby se zjemnila jeho p\u0159irozen\u00e1 chu\u0165 a z\u00e1rove\u0148 se zachovaly jeho p\u016fvodn\u00ed vlastnosti. \u010cesnek v oleji je lah\u016fdkou pro chu\u0165ov\u00e9 bu\u0148ky, a\u0165 u\u017e jako p\u0159edkrm, nebo jako p\u0159\u00edloha k nejlep\u0161\u00edm pokrm\u016fm. V\u00fdhody oleje z b\u00edl\u00e9ho \u010desneku V\u00edte, jak\u00e9 jsou hlavn\u00ed v\u00fdhody \u010desneku v oleji jako nakl\u00e1dan\u00e9 [&hellip;]<\/p>\n","protected":false},"featured_media":37713,"template":"","meta":{"_et_pb_use_builder":"","_et_pb_old_content":"","_et_gb_content_width":""},"product_brand":[1036],"product_cat":[3937,1778],"product_tag":[4194,3938],"class_list":{"0":"post-37704","1":"product","2":"type-product","3":"status-publish","4":"has-post-thumbnail","6":"product_brand-chicon","7":"product_cat-cesnek","8":"product_cat-pickles-cs","9":"product_tag-bila","10":"product_tag-cesnek","12":"first","13":"instock","14":"taxable","15":"shipping-taxable","16":"purchasable","17":"product-type-variable"},"_links":{"self":[{"href":"https:\/\/myspainfood.com\/cs\/wp-json\/wp\/v2\/product\/37704","targetHints":{"allow":["GET"]}}],"collection":[{"href":"https:\/\/myspainfood.com\/cs\/wp-json\/wp\/v2\/product"}],"about":[{"href":"https:\/\/myspainfood.com\/cs\/wp-json\/wp\/v2\/types\/product"}],"wp:featuredmedia":[{"embeddable":true,"href":"https:\/\/myspainfood.com\/cs\/wp-json\/wp\/v2\/media\/37713"}],"wp:attachment":[{"href":"https:\/\/myspainfood.com\/cs\/wp-json\/wp\/v2\/media?parent=37704"}],"wp:term":[{"taxonomy":"product_brand","embeddable":true,"href":"https:\/\/myspainfood.com\/cs\/wp-json\/wp\/v2\/product_brand?post=37704"},{"taxonomy":"product_cat","embeddable":true,"href":"https:\/\/myspainfood.com\/cs\/wp-json\/wp\/v2\/product_cat?post=37704"},{"taxonomy":"product_tag","embeddable":true,"href":"https:\/\/myspainfood.com\/cs\/wp-json\/wp\/v2\/product_tag?post=37704"}],"curies":[{"name":"wp","href":"https:\/\/api.w.org\/{rel}","templated":true}]}}