{"id":38341,"date":"2025-04-10T12:14:40","date_gmt":"2025-04-10T10:14:40","guid":{"rendered":"https:\/\/myspainfood.com\/producto\/musle-chile-escabeche-10-15-kusu-marevento\/"},"modified":"2026-01-30T14:31:33","modified_gmt":"2026-01-30T13:31:33","slug":"musle-chile-escabeche-10-15-kusu-marevento","status":"publish","type":"product","link":"https:\/\/myspainfood.com\/cs\/producto\/musle-chile-escabeche-10-15-kusu-marevento\/","title":{"rendered":"Mu\u0161le Chile escabeche 10-15 kus\u016f Marevento"},"content":{"rendered":"<p>Va\u0159en\u00e9 a sma\u017een\u00e9 ve slune\u010dnicov\u00e9m oleji. Byssus se vynd\u00e1v\u00e1 ru\u010dn\u011b a bal\u00ed se jeden po druh\u00e9m. Doprov\u00e1z\u00ed je jedine\u010dn\u00e1 marin\u00e1da ze zcela p\u0159\u00edrodn\u00edch surovin. Slo\u017een\u00ed: (slune\u010dnicov\u00fd olej, \u010derven\u00fd vinn\u00fd ocet, voda, p\u0159\u00edrodn\u00ed aromata, ko\u0159en\u00ed a s\u016fl).<\/p>\n","protected":false},"excerpt":{"rendered":"<p>Va\u0159en\u00e9 a sma\u017een\u00e9 ve slune\u010dnicov\u00e9m oleji. Byssus se vynd\u00e1v\u00e1 ru\u010dn\u011b a bal\u00ed se jeden po druh\u00e9m. Doprov\u00e1z\u00ed je jedine\u010dn\u00e1 marin\u00e1da ze zcela p\u0159\u00edrodn\u00edch surovin. Slo\u017een\u00ed: (slune\u010dnicov\u00fd olej, \u010derven\u00fd vinn\u00fd ocet, voda, p\u0159\u00edrodn\u00ed aromata, ko\u0159en\u00ed a s\u016fl).<\/p>\n","protected":false},"featured_media":38343,"template":"","meta":{"_et_pb_use_builder":"","_et_pb_old_content":"","_et_gb_content_width":""},"product_brand":[1428],"product_cat":[4071,1935],"product_tag":[],"class_list":{"0":"post-38341","1":"product","2":"type-product","3":"status-publish","4":"has-post-thumbnail","6":"product_brand-portonovo","7":"product_cat-musle-cs-2","8":"product_cat-zachovava","10":"first","11":"instock","12":"taxable","13":"shipping-taxable","14":"purchasable","15":"product-type-variable"},"_links":{"self":[{"href":"https:\/\/myspainfood.com\/cs\/wp-json\/wp\/v2\/product\/38341","targetHints":{"allow":["GET"]}}],"collection":[{"href":"https:\/\/myspainfood.com\/cs\/wp-json\/wp\/v2\/product"}],"about":[{"href":"https:\/\/myspainfood.com\/cs\/wp-json\/wp\/v2\/types\/product"}],"wp:featuredmedia":[{"embeddable":true,"href":"https:\/\/myspainfood.com\/cs\/wp-json\/wp\/v2\/media\/38343"}],"wp:attachment":[{"href":"https:\/\/myspainfood.com\/cs\/wp-json\/wp\/v2\/media?parent=38341"}],"wp:term":[{"taxonomy":"product_brand","embeddable":true,"href":"https:\/\/myspainfood.com\/cs\/wp-json\/wp\/v2\/product_brand?post=38341"},{"taxonomy":"product_cat","embeddable":true,"href":"https:\/\/myspainfood.com\/cs\/wp-json\/wp\/v2\/product_cat?post=38341"},{"taxonomy":"product_tag","embeddable":true,"href":"https:\/\/myspainfood.com\/cs\/wp-json\/wp\/v2\/product_tag?post=38341"}],"curies":[{"name":"wp","href":"https:\/\/api.w.org\/{rel}","templated":true}]}}