{"id":38405,"date":"2025-04-10T12:14:40","date_gmt":"2025-04-10T10:14:40","guid":{"rendered":"https:\/\/myspainfood.com\/producto\/novozelandske-musle-v-nakladane-omacce-4-6-kusu-giant-portonovo-115-gr\/"},"modified":"2026-01-30T14:32:52","modified_gmt":"2026-01-30T13:32:52","slug":"novozelandske-musle-v-nakladane-omacce-4-6-kusu-giant-portonovo-115-gr","status":"publish","type":"product","link":"https:\/\/myspainfood.com\/cs\/producto\/novozelandske-musle-v-nakladane-omacce-4-6-kusu-giant-portonovo-115-gr\/","title":{"rendered":"Novoz\u00e9landsk\u00e9 mu\u0161le v nakl\u00e1dan\u00e9 om\u00e1\u010dce 4-6 kus\u016f Giant Portonovo - 115 Gr"},"content":{"rendered":"<p>Objevte intenzitu chuti a kvalitu <strong>novoz\u00e9landsk\u00fdch mu\u0161l\u00ed v nakl\u00e1dan\u00e9 om\u00e1\u010dce<\/strong> od <strong>spole\u010dnosti Gigante Portonovo<\/strong>. Tento pr\u00e9miov\u00fd v\u00fdrobek obsahuje 4 a\u017e 6 vybran\u00fdch kus\u016f velk\u00fdch mu\u0161l\u00ed o hmotnosti 115 gram\u016f, kter\u00e9 jsou ide\u00e1ln\u00ed k p\u0159\u00edprav\u011b tapas, sal\u00e1t\u016f nebo jako gurm\u00e1nsk\u00fd p\u0159edkrm. <\/p>\n<p>Tyto mu\u0161le, odchovan\u00e9 v k\u0159i\u0161\u0165\u00e1lov\u011b \u010dist\u00fdch vod\u00e1ch Nov\u00e9ho Z\u00e9landu, vynikaj\u00ed masitou strukturou a bezkonkuren\u010dn\u00ed chut\u00ed, kterou umoc\u0148uje jemn\u00e1 marin\u00e1da, je\u017e podtrhuje jejich \u010derstvost a kvalitu. Jsou tak\u00e9 bohat\u00e9 na b\u00edlkoviny, omega-3 a d\u016fle\u017eit\u00e9 miner\u00e1ly, tak\u017ee jsou zdravou a chutnou volbou pro ka\u017edou stravu. <\/p>\n<p>Dal\u0161\u00ed mo\u0159sk\u00e9 plody najdete v na\u0161\u00ed <a href=\"https:\/\/latiendadesami.com\/categoria-producto\/conservas\/\" target=\"_new\" rel=\"noopener noreferrer nofollow\" target=\"_blank\">sekci konzervovan\u00fdch potravin, kde<\/a> se dozv\u00edte, jak jsou <strong>nakl\u00e1dan\u00e9 novoz\u00e9landsk\u00e9 mu\u0161le<\/strong> prosp\u011b\u0161n\u00e9 pro vyv\u00e1\u017eenou stravu. Ochutnejte kvalitu a autenticitu, kterou m\u016f\u017ee nab\u00eddnout pouze Portonovo!<\/p>\n","protected":false},"excerpt":{"rendered":"<p>Objevte intenzitu chuti a kvalitu novoz\u00e9landsk\u00fdch mu\u0161l\u00ed v nakl\u00e1dan\u00e9 om\u00e1\u010dce od spole\u010dnosti Gigante Portonovo. Tento pr\u00e9miov\u00fd v\u00fdrobek obsahuje 4 a\u017e 6 vybran\u00fdch kus\u016f velk\u00fdch mu\u0161l\u00ed o hmotnosti 115 gram\u016f, kter\u00e9 jsou ide\u00e1ln\u00ed k p\u0159\u00edprav\u011b tapas, sal\u00e1t\u016f nebo jako gurm\u00e1nsk\u00fd p\u0159edkrm. Tyto mu\u0161le, odchovan\u00e9 v k\u0159i\u0161\u0165\u00e1lov\u011b \u010dist\u00fdch vod\u00e1ch Nov\u00e9ho Z\u00e9landu, vynikaj\u00ed masitou strukturou a bezkonkuren\u010dn\u00ed chut\u00ed, [&hellip;]<\/p>\n","protected":false},"featured_media":38406,"template":"","meta":{"_et_pb_use_builder":"","_et_pb_old_content":"","_et_gb_content_width":""},"product_brand":[1428],"product_cat":[4071,1935],"product_tag":[],"class_list":{"0":"post-38405","1":"product","2":"type-product","3":"status-publish","4":"has-post-thumbnail","6":"product_brand-portonovo","7":"product_cat-musle-cs-2","8":"product_cat-zachovava","10":"first","11":"outofstock","12":"taxable","13":"shipping-taxable","14":"product-type-variable"},"_links":{"self":[{"href":"https:\/\/myspainfood.com\/cs\/wp-json\/wp\/v2\/product\/38405","targetHints":{"allow":["GET"]}}],"collection":[{"href":"https:\/\/myspainfood.com\/cs\/wp-json\/wp\/v2\/product"}],"about":[{"href":"https:\/\/myspainfood.com\/cs\/wp-json\/wp\/v2\/types\/product"}],"wp:featuredmedia":[{"embeddable":true,"href":"https:\/\/myspainfood.com\/cs\/wp-json\/wp\/v2\/media\/38406"}],"wp:attachment":[{"href":"https:\/\/myspainfood.com\/cs\/wp-json\/wp\/v2\/media?parent=38405"}],"wp:term":[{"taxonomy":"product_brand","embeddable":true,"href":"https:\/\/myspainfood.com\/cs\/wp-json\/wp\/v2\/product_brand?post=38405"},{"taxonomy":"product_cat","embeddable":true,"href":"https:\/\/myspainfood.com\/cs\/wp-json\/wp\/v2\/product_cat?post=38405"},{"taxonomy":"product_tag","embeddable":true,"href":"https:\/\/myspainfood.com\/cs\/wp-json\/wp\/v2\/product_tag?post=38405"}],"curies":[{"name":"wp","href":"https:\/\/api.w.org\/{rel}","templated":true}]}}