{"id":38805,"date":"2025-04-10T12:09:16","date_gmt":"2025-04-10T10:09:16","guid":{"rendered":"https:\/\/myspainfood.com\/producto\/ancovicky-z-kantaberskeho-more-platinove-rady-v-olivovem-oleji\/"},"modified":"2025-06-24T13:40:39","modified_gmt":"2025-06-24T11:40:39","slug":"ancovicky-z-kantaberskeho-more-platinove-rady-v-olivovem-oleji","status":"publish","type":"product","link":"https:\/\/myspainfood.com\/cs\/producto\/ancovicky-z-kantaberskeho-more-platinove-rady-v-olivovem-oleji\/","title":{"rendered":"An\u010dovi\u010dky z Kantabersk\u00e9ho mo\u0159e platinov\u00e9 \u0159ady v olivov\u00e9m oleji"},"content":{"rendered":"<p><a href=\"https:\/\/conservasarlequin.com\/serie-oro\/\" target=\"_blank\" rel=\"noopener noreferrer nofollow\">Arlequin<\/a> Platinum Series Anchovy v olivov\u00e9m oleji je \u0159emesln\u011b vyr\u00e1b\u011bn\u00e1 konzerva.<\/p>\n<p><strong>E. A. N.:<\/strong> 8421993910985<\/p>\n<p><strong>K\u00f3d:<\/strong> 10010044<\/p>\n<p><strong>\u010cist\u00e1 hmotnost: <\/strong>110 g \/ 70 g<\/p>\n<p><strong>Po\u010det filet\u016f\/po\u010det kus\u016f:<\/strong> 12<\/p>\n<p>Posl\u00e1n\u00edm spole\u010dnosti Conservas <a href=\"https:\/\/latiendadesami.com\/marca\/arlequin\/\" target=\"_blank\" rel=\"noopener noreferrer nofollow\">Arlequ\u00edn<\/a> je nab\u00edzet skv\u011bl\u00fd produkt, nejlep\u0161\u00ed slu\u017eby a \u0161irok\u00fd sortiment ryb\u00edch konzerv za nejlep\u0161\u00ed cenu.<\/p>\n<p>Specializuj\u00ed se tak\u00e9 na an\u010dovi\u010dky, Anchoa Arlequin Serie Oro 00, Serie Platinum v olivov\u00e9m oleji, an\u010dovi\u010dky, bonito, tu\u0148\u00e1ka \u017elutoploutv\u00e9ho, mu\u0161le, makrely a sardinky.<\/p>\n<p>Nap\u0159\u00edklad Comidista v den\u00edku El Pa\u00eds o ventresce napsal: &#8222;Je tak jemn\u00e1, t\u00e9m\u011b\u0159 kr\u00e9mov\u00e1, \u017ee m\u00e1 \u010dlov\u011bk chu\u0165 se s n\u00ed o\u017eenit a \u017e\u00edt \u0161\u0165astn\u011b, dokud si ji P\u00e1nb\u016fh nevezme.&#8220;<\/p>\n<h4>Hlavn\u00ed v\u00fdhody konzervovan\u00fdch potravin<\/h4>\n<ol>\n<li>Zachov\u00e1vaj\u00ed v\u0161echny v\u00fd\u017eivov\u00e9 vlastnosti samotn\u00e9 potraviny. Potraviny si zachov\u00e1vaj\u00ed svou \u010derstvost. <\/li>\n<li>Pou\u017eit\u00e9 potraviny jsou zdrav\u00e9 a d\u00edky vysok\u00e9mu obsahu vitam\u00edn\u016f a b\u00edlkovin vhodn\u00e9 pro optim\u00e1ln\u00ed stravu.<\/li>\n<li>Tyto v\u00fdrobky maj\u00ed del\u0161\u00ed \u017eivotnost (obvykle 2-5 let).<\/li>\n<li>Konzervy se velmi snadno skladuj\u00ed, proto\u017ee jejich obal se snadno nan\u00e1\u0161\u00ed.<\/li>\n<\/ol>\n<p>Pokud si chcete koupit tu\u0148\u00e1ka nebo jak\u00fdkoli jin\u00fd druh <a href=\"https:\/\/latiendadesami.com\/categoria-producto\/conservas\/\" rel=\"noopener noreferrer nofollow\" target=\"_blank\">konzervy<\/a>, nev\u00e1hejte se pod\u00edvat do na\u0161eho online katalogu a prohl\u00e9dnout si \u0161irokou nab\u00eddku <a href=\"https:\/\/latiendadesami.com\/categoria-producto\/conservas\/atun-y-bonito\/\" target=\"_blank\" rel=\"noopener noreferrer nofollow\">tu\u0148\u00e1k\u016f<\/a>.<\/p>\n<p>Napi\u0161te n\u00e1m o dal\u0161\u00ed informace.<\/p>\n","protected":false},"excerpt":{"rendered":"<p>Arlequin Platinum Series Anchovy v olivov\u00e9m oleji je \u0159emesln\u011b vyr\u00e1b\u011bn\u00e1 konzerva. E. A. N.: 8421993910985 K\u00f3d: 10010044 \u010cist\u00e1 hmotnost: 110 g \/ 70 g Po\u010det filet\u016f\/po\u010det kus\u016f: 12 Posl\u00e1n\u00edm spole\u010dnosti Conservas Arlequ\u00edn je nab\u00edzet skv\u011bl\u00fd produkt, nejlep\u0161\u00ed slu\u017eby a \u0161irok\u00fd sortiment ryb\u00edch konzerv za nejlep\u0161\u00ed cenu. Specializuj\u00ed se tak\u00e9 na an\u010dovi\u010dky, Anchoa Arlequin Serie Oro [&hellip;]<\/p>\n","protected":false},"featured_media":38807,"template":"","meta":{"_et_pb_use_builder":"","_et_pb_old_content":"","_et_gb_content_width":""},"product_brand":[1162],"product_cat":[5239,1868],"product_tag":[8230],"class_list":{"0":"post-38805","1":"product","2":"type-product","3":"status-publish","4":"has-post-thumbnail","6":"product_brand-arlequin","7":"product_cat-ancovicky-cs-4","8":"product_cat-cold-cs","9":"product_tag-platinova-rada","10":"product_shipping_class-preprava-za-studena","12":"first","13":"outofstock","14":"sale","15":"taxable","16":"shipping-taxable","17":"purchasable","18":"product-type-simple"},"_links":{"self":[{"href":"https:\/\/myspainfood.com\/cs\/wp-json\/wp\/v2\/product\/38805","targetHints":{"allow":["GET"]}}],"collection":[{"href":"https:\/\/myspainfood.com\/cs\/wp-json\/wp\/v2\/product"}],"about":[{"href":"https:\/\/myspainfood.com\/cs\/wp-json\/wp\/v2\/types\/product"}],"wp:featuredmedia":[{"embeddable":true,"href":"https:\/\/myspainfood.com\/cs\/wp-json\/wp\/v2\/media\/38807"}],"wp:attachment":[{"href":"https:\/\/myspainfood.com\/cs\/wp-json\/wp\/v2\/media?parent=38805"}],"wp:term":[{"taxonomy":"product_brand","embeddable":true,"href":"https:\/\/myspainfood.com\/cs\/wp-json\/wp\/v2\/product_brand?post=38805"},{"taxonomy":"product_cat","embeddable":true,"href":"https:\/\/myspainfood.com\/cs\/wp-json\/wp\/v2\/product_cat?post=38805"},{"taxonomy":"product_tag","embeddable":true,"href":"https:\/\/myspainfood.com\/cs\/wp-json\/wp\/v2\/product_tag?post=38805"}],"curies":[{"name":"wp","href":"https:\/\/api.w.org\/{rel}","templated":true}]}}