{"id":39286,"date":"2025-04-10T12:09:43","date_gmt":"2025-04-10T10:09:43","guid":{"rendered":"https:\/\/myspainfood.com\/producto\/el-gran-cardenal-polotvrdy-syr-san-isidro\/"},"modified":"2025-07-28T13:14:00","modified_gmt":"2025-07-28T11:14:00","slug":"el-gran-cardenal-polotvrdy-syr-san-isidro","status":"publish","type":"product","link":"https:\/\/myspainfood.com\/cs\/producto\/el-gran-cardenal-polotvrdy-syr-san-isidro\/","title":{"rendered":"El Gran Cardenal Polotvrd\u00fd s\u00fdr San Isidro"},"content":{"rendered":"<p>Nejjemn\u011bj\u0161\u00ed ze s\u00fdr\u016f, d\u00edky vy\u0161\u0161\u00edmu obsahu kravsk\u00e9ho ml\u00e9ka a s minim\u00e1ln\u00edm pod\u00edlem ov\u010d\u00edho ml\u00e9ka 10 %.<\/p>\n<p>. Vyskytuje se ve dvou druz\u00edch v z\u00e1vislosti na zr\u00e1n\u00ed, polozraj\u00edc\u00ed (2 a\u017e 4 m\u011bs\u00edce zr\u00e1n\u00ed) a zraj\u00edc\u00ed (4 a\u017e 6 m\u011bs\u00edc\u016f zr\u00e1n\u00ed).<\/p>\n","protected":false},"excerpt":{"rendered":"<p>Nejjemn\u011bj\u0161\u00ed ze s\u00fdr\u016f, d\u00edky vy\u0161\u0161\u00edmu obsahu kravsk\u00e9ho ml\u00e9ka a s minim\u00e1ln\u00edm pod\u00edlem ov\u010d\u00edho ml\u00e9ka 10 %. . Vyskytuje se ve dvou druz\u00edch v z\u00e1vislosti na zr\u00e1n\u00ed, polozraj\u00edc\u00ed (2 a\u017e 4 m\u011bs\u00edce zr\u00e1n\u00ed) a zraj\u00edc\u00ed (4 a\u017e 6 m\u011bs\u00edc\u016f zr\u00e1n\u00ed).<\/p>\n","protected":false},"featured_media":39295,"template":"","meta":{"_et_pb_use_builder":"","_et_pb_old_content":"","_et_gb_content_width":""},"product_brand":[1319],"product_cat":[1868,2757,2298],"product_tag":[],"class_list":{"0":"post-39286","1":"product","2":"type-product","3":"status-publish","4":"has-post-thumbnail","6":"product_brand-el-gran-cardenal","7":"product_cat-cold-cs","8":"product_cat-lecba","9":"product_cat-syr-a-klobasa-cs","10":"product_shipping_class-preprava-za-studena","12":"first","13":"outofstock","14":"taxable","15":"shipping-taxable","16":"product-type-variable"},"_links":{"self":[{"href":"https:\/\/myspainfood.com\/cs\/wp-json\/wp\/v2\/product\/39286","targetHints":{"allow":["GET"]}}],"collection":[{"href":"https:\/\/myspainfood.com\/cs\/wp-json\/wp\/v2\/product"}],"about":[{"href":"https:\/\/myspainfood.com\/cs\/wp-json\/wp\/v2\/types\/product"}],"wp:featuredmedia":[{"embeddable":true,"href":"https:\/\/myspainfood.com\/cs\/wp-json\/wp\/v2\/media\/39295"}],"wp:attachment":[{"href":"https:\/\/myspainfood.com\/cs\/wp-json\/wp\/v2\/media?parent=39286"}],"wp:term":[{"taxonomy":"product_brand","embeddable":true,"href":"https:\/\/myspainfood.com\/cs\/wp-json\/wp\/v2\/product_brand?post=39286"},{"taxonomy":"product_cat","embeddable":true,"href":"https:\/\/myspainfood.com\/cs\/wp-json\/wp\/v2\/product_cat?post=39286"},{"taxonomy":"product_tag","embeddable":true,"href":"https:\/\/myspainfood.com\/cs\/wp-json\/wp\/v2\/product_tag?post=39286"}],"curies":[{"name":"wp","href":"https:\/\/api.w.org\/{rel}","templated":true}]}}