{"id":39381,"date":"2025-04-10T12:09:47","date_gmt":"2025-04-10T10:09:47","guid":{"rendered":"https:\/\/myspainfood.com\/producto\/chrest-4-6-oti\/"},"modified":"2025-04-10T12:09:47","modified_gmt":"2025-04-10T10:09:47","slug":"chrest-4-6-oti","status":"publish","type":"product","link":"https:\/\/myspainfood.com\/cs\/producto\/chrest-4-6-oti\/","title":{"rendered":"Ch\u0159est 4\/6 OTI"},"content":{"rendered":"<p>Ch\u0159est 4\/6 OTI je p\u0159\u00edrodn\u00ed produkt vyroben\u00fd <a href=\"http:\/\/www.conservasoti.es\/paginas\/historia.html\" target=\"_blank\" rel=\"noopener noreferrer nofollow\">tradi\u010dn\u00edm zp\u016fsobem<\/a>.<\/p>\n<p>Stejn\u011b jako v\u011bt\u0161ina zeleniny je ch\u0159est bohat\u00fd na vl\u00e1kninu a d\u00edky n\u00edzk\u00e9mu obsahu sacharid\u016f a skute\u010dnosti, \u017ee prakticky neobsahuje tuk, m\u00e1 tak\u00e9 n\u00edzk\u00fd obsah kalori\u00ed - pouze 23 Kcal na 100 g.<\/p>\n<p>Conservas Oti je spole\u010dnost s rodinnou tradic\u00ed, jej\u00ed\u017e dobr\u00e1 pr\u00e1ce se d\u011bd\u00ed z generace na generaci.<\/p>\n<p>Tvrd\u00e1 pr\u00e1ce a \u00fasil\u00ed rodiny umo\u017enily <span class=\"negrita\">Conservas Oti<\/span> r\u016fst a roz\u0161i\u0159ovat se.<\/p>\n<p>Hlavn\u00edmi oblastmi podnik\u00e1n\u00ed jsou From the Sea, From the Land a From the Farm.<\/p>\n<p>Z mo\u0159e: Mu\u0161le, Ventresca, Sardinillas, Melva&#8230; Bonito del norte Costera OTI 415 g <\/p>\n<p>Mezi m\u00edstn\u00ed produkty pat\u0159\u00ed: cizrna ml\u00e9\u010dn\u00e1, b\u00edl\u00e9 fazole, fazole pinto, \u010do\u010dka pardina&#8230;<\/p>\n<p>Z farmy: s\u00fdr PUro de Oveja, ibersk\u00e1 \u0161unka z \u017ealud\u016f, salchich\u00f3n z \u017ealud\u016f, chorizo z ibersk\u00fdch \u017ealud\u016f&#8230;<\/p>\n<h4>Hlavn\u00ed v\u00fdhody konzervovan\u00fdch potravin<\/h4>\n<ol>\n<li>Zachov\u00e1vaj\u00ed v\u0161echny v\u00fd\u017eivov\u00e9 vlastnosti samotn\u00e9 potraviny. Potraviny si zachov\u00e1vaj\u00ed svou \u010derstvost. <\/li>\n<li>Pou\u017eit\u00e9 potraviny jsou zdrav\u00e9 a d\u00edky vysok\u00e9mu obsahu vitam\u00edn\u016f a b\u00edlkovin vhodn\u00e9 pro optim\u00e1ln\u00ed stravu.<\/li>\n<li>Tyto v\u00fdrobky maj\u00ed del\u0161\u00ed \u017eivotnost (obvykle 2-5 let).<\/li>\n<li>Konzervy se velmi snadno skladuj\u00ed, proto\u017ee jejich obal se snadno nan\u00e1\u0161\u00ed.<\/li>\n<\/ol>\n<p>Pokud si chcete koupit tu\u0148\u00e1ka nebo jak\u00fdkoli jin\u00fd druh <a href=\"https:\/\/latiendadesami.com\/categoria-producto\/conservas\/\" rel=\"noopener noreferrer nofollow\" target=\"_blank\">konzervy<\/a>, nev\u00e1hejte se pod\u00edvat do na\u0161eho online katalogu a prohl\u00e9dnout si \u0161irokou nab\u00eddku <a href=\"https:\/\/latiendadesami.com\/categoria-producto\/conservas\/atun-y-bonito\/\" target=\"_blank\" rel=\"noopener noreferrer nofollow\">tu\u0148\u00e1k\u016f<\/a>.<\/p>\n<p>Napi\u0161te n\u00e1m o dal\u0161\u00ed informace.<\/p>\n","protected":false},"excerpt":{"rendered":"<p>Ch\u0159est 4\/6 OTI je p\u0159\u00edrodn\u00ed produkt vyroben\u00fd tradi\u010dn\u00edm zp\u016fsobem. Stejn\u011b jako v\u011bt\u0161ina zeleniny je ch\u0159est bohat\u00fd na vl\u00e1kninu a d\u00edky n\u00edzk\u00e9mu obsahu sacharid\u016f a skute\u010dnosti, \u017ee prakticky neobsahuje tuk, m\u00e1 tak\u00e9 n\u00edzk\u00fd obsah kalori\u00ed - pouze 23 Kcal na 100 g. Conservas Oti je spole\u010dnost s rodinnou tradic\u00ed, jej\u00ed\u017e dobr\u00e1 pr\u00e1ce se d\u011bd\u00ed z generace [&hellip;]<\/p>\n","protected":false},"featured_media":39387,"template":"","meta":{"_et_pb_use_builder":"","_et_pb_old_content":"","_et_gb_content_width":""},"product_brand":[1075],"product_cat":[2957,2960],"product_tag":[],"class_list":{"0":"post-39381","1":"product","2":"type-product","3":"status-publish","4":"has-post-thumbnail","6":"product_brand-oti","7":"product_cat-velkoobchod-cs","8":"product_cat-zachovava-cs","10":"first","11":"outofstock","12":"taxable","13":"shipping-taxable","14":"product-type-variable"},"_links":{"self":[{"href":"https:\/\/myspainfood.com\/cs\/wp-json\/wp\/v2\/product\/39381","targetHints":{"allow":["GET"]}}],"collection":[{"href":"https:\/\/myspainfood.com\/cs\/wp-json\/wp\/v2\/product"}],"about":[{"href":"https:\/\/myspainfood.com\/cs\/wp-json\/wp\/v2\/types\/product"}],"wp:featuredmedia":[{"embeddable":true,"href":"https:\/\/myspainfood.com\/cs\/wp-json\/wp\/v2\/media\/39387"}],"wp:attachment":[{"href":"https:\/\/myspainfood.com\/cs\/wp-json\/wp\/v2\/media?parent=39381"}],"wp:term":[{"taxonomy":"product_brand","embeddable":true,"href":"https:\/\/myspainfood.com\/cs\/wp-json\/wp\/v2\/product_brand?post=39381"},{"taxonomy":"product_cat","embeddable":true,"href":"https:\/\/myspainfood.com\/cs\/wp-json\/wp\/v2\/product_cat?post=39381"},{"taxonomy":"product_tag","embeddable":true,"href":"https:\/\/myspainfood.com\/cs\/wp-json\/wp\/v2\/product_tag?post=39381"}],"curies":[{"name":"wp","href":"https:\/\/api.w.org\/{rel}","templated":true}]}}