{"id":39730,"date":"2025-04-10T12:12:57","date_gmt":"2025-04-10T10:12:57","guid":{"rendered":"https:\/\/myspainfood.com\/producto\/la-vieja-fabrica-jahodovy-dzem-diet-280-g\/"},"modified":"2025-04-10T12:12:57","modified_gmt":"2025-04-10T10:12:57","slug":"la-vieja-fabrica-jahodovy-dzem-diet-280-g","status":"publish","type":"product","link":"https:\/\/myspainfood.com\/cs\/producto\/la-vieja-fabrica-jahodovy-dzem-diet-280-g\/","title":{"rendered":"La Vieja F\u00e1brica Jahodov\u00fd d\u017eem DIET 280 g"},"content":{"rendered":"<p>Dietn\u00ed jahodov\u00fd d\u017eem La Vieja F\u00e1brica je lahodnou a zdravou variantou pro ty, kte\u0159\u00ed si cht\u011bj\u00ed vychutnat pravou chu\u0165 jahod bez p\u0159id\u00e1n\u00ed rafinovan\u00fdch cukr\u016f. Tento dietn\u00ed d\u017eem je vyroben z p\u0159\u00edrodn\u00edch ingredienc\u00ed a n\u00edzkokalorick\u00fdch sladidel a nab\u00edz\u00ed ide\u00e1ln\u00ed alternativu pro ty, kte\u0159\u00ed si hl\u00eddaj\u00ed p\u0159\u00edjem kalori\u00ed a glyk\u00e9mie. <\/p>\n<p><span class=\"info-key \"><strong>N\u00e1zev potraviny<\/strong>:<\/span> Dietn\u00ed jahodov\u00fd d\u017eem<\/p>\n<p><span class=\"info-key \"><strong>N\u00e1zev provozovatele<\/strong><\/span>: \u00c1ngel Camacho Alimentaci\u00f3n, S.L.<\/p>\n<p><span class=\"info-key \"><strong>Adresa provozovatele:<\/strong><\/span> Avda. del Pilar, 6 - 41530 Mor\u00f3n de la Frontera (Sevilla)<\/p>\n<p><strong><span class=\"info-key \">M\u00edsto p\u016fvodu potraviny:<\/span><\/strong> V\u00fdrobek ze \u0160pan\u011blska<\/p>\n<p><strong><span class=\"info-key \">\u010cist\u00e9 mno\u017estv\u00ed:<\/span><\/strong> 280 g<\/p>\n<p><strong><span class=\"info-key \">Dal\u0161\u00ed povinn\u00e9 informace na etiket\u011b:<\/span><\/strong> Vhodn\u00e9 pro diabetiky. Vyrobeno z 55 g jahod na 100 g. <\/p>\n<p><strong>Celkov\u00fd obsah cukru<\/strong> 42 g na 100 g.<\/p>\n","protected":false},"excerpt":{"rendered":"<p>Dietn\u00ed jahodov\u00fd d\u017eem La Vieja F\u00e1brica je lahodnou a zdravou variantou pro ty, kte\u0159\u00ed si cht\u011bj\u00ed vychutnat pravou chu\u0165 jahod bez p\u0159id\u00e1n\u00ed rafinovan\u00fdch cukr\u016f. Tento dietn\u00ed d\u017eem je vyroben z p\u0159\u00edrodn\u00edch ingredienc\u00ed a n\u00edzkokalorick\u00fdch sladidel a nab\u00edz\u00ed ide\u00e1ln\u00ed alternativu pro ty, kte\u0159\u00ed si hl\u00eddaj\u00ed p\u0159\u00edjem kalori\u00ed a glyk\u00e9mie. N\u00e1zev potraviny: Dietn\u00ed jahodov\u00fd d\u017eem N\u00e1zev provozovatele: [&hellip;]<\/p>\n","protected":false},"featured_media":39736,"template":"","meta":{"_et_pb_use_builder":"","_et_pb_old_content":"","_et_gb_content_width":""},"product_brand":[1460],"product_cat":[1935],"product_tag":[],"class_list":{"0":"post-39730","1":"product","2":"type-product","3":"status-publish","4":"has-post-thumbnail","6":"product_brand-la-vieja-fabrica","7":"product_cat-zachovava","9":"first","10":"outofstock","11":"taxable","12":"shipping-taxable","13":"product-type-variable"},"_links":{"self":[{"href":"https:\/\/myspainfood.com\/cs\/wp-json\/wp\/v2\/product\/39730","targetHints":{"allow":["GET"]}}],"collection":[{"href":"https:\/\/myspainfood.com\/cs\/wp-json\/wp\/v2\/product"}],"about":[{"href":"https:\/\/myspainfood.com\/cs\/wp-json\/wp\/v2\/types\/product"}],"wp:featuredmedia":[{"embeddable":true,"href":"https:\/\/myspainfood.com\/cs\/wp-json\/wp\/v2\/media\/39736"}],"wp:attachment":[{"href":"https:\/\/myspainfood.com\/cs\/wp-json\/wp\/v2\/media?parent=39730"}],"wp:term":[{"taxonomy":"product_brand","embeddable":true,"href":"https:\/\/myspainfood.com\/cs\/wp-json\/wp\/v2\/product_brand?post=39730"},{"taxonomy":"product_cat","embeddable":true,"href":"https:\/\/myspainfood.com\/cs\/wp-json\/wp\/v2\/product_cat?post=39730"},{"taxonomy":"product_tag","embeddable":true,"href":"https:\/\/myspainfood.com\/cs\/wp-json\/wp\/v2\/product_tag?post=39730"}],"curies":[{"name":"wp","href":"https:\/\/api.w.org\/{rel}","templated":true}]}}