{"id":39883,"date":"2025-04-10T12:13:20","date_gmt":"2025-04-10T10:13:20","guid":{"rendered":"https:\/\/myspainfood.com\/producto\/vino-mataromera-ribera-del-duero-crianza-2019-oznaceni-puvodu-75-cl\/"},"modified":"2026-01-29T12:53:52","modified_gmt":"2026-01-29T11:53:52","slug":"vino-mataromera-ribera-del-duero-crianza-2019-oznaceni-puvodu-75-cl","status":"publish","type":"product","link":"https:\/\/myspainfood.com\/cs\/producto\/vino-mataromera-ribera-del-duero-crianza-2019-oznaceni-puvodu-75-cl\/","title":{"rendered":"V\u00edno Mataromera Ribera del Duero Crianza 2019 Ozna\u010den\u00ed p\u016fvodu 75 cl"},"content":{"rendered":"<p>Mataromera je renomovan\u00e9 vina\u0159stv\u00ed v Ribera del Duero, kter\u00e9 je zn\u00e1m\u00e9 svou oddanost\u00ed dokonalosti a pou\u017e\u00edv\u00e1n\u00edm vinohradnick\u00fdch a vina\u0159sk\u00fdch technik, kter\u00e9 respektuj\u00ed tradici i inovace. Toto v\u00edno odr\u00e1\u017e\u00ed jedine\u010dn\u00fd charakter vinic nach\u00e1zej\u00edc\u00edch se na svaz\u00edch \u00fadol\u00ed Duero, kde extr\u00e9mn\u00ed kontinent\u00e1ln\u00ed klima a j\u00edlovito-v\u00e1pencov\u00e9 p\u016fdy poskytuj\u00ed ide\u00e1ln\u00ed podm\u00ednky pro p\u011bstov\u00e1n\u00ed odr\u016fdy Tempranillo. <\/p>\n<p>&nbsp;<\/p>\n<p>Toto v\u00edno je autentick\u00fdm projevem Ribera del Duero a nab\u00edz\u00ed bohat\u00fd a nezapomenuteln\u00fd smyslov\u00fd z\u00e1\u017eitek. Skv\u011ble se hod\u00ed na v\u00fdjime\u010dn\u00e9 oslavy nebo na kultivovan\u00e9 ve\u010de\u0159e. <\/p>\n<p>&nbsp;<\/p>\n<p>Zr\u00e1n\u00ed ve francouzsk\u00fdch a americk\u00fdch dubov\u00fdch sudech po dobu p\u0159ibli\u017en\u011b 14 m\u011bs\u00edc\u016f, n\u00e1sledovan\u00e9 dal\u0161\u00edm zu\u0161lech\u0165ov\u00e1n\u00edm v l\u00e1hvi.<\/p>\n","protected":false},"excerpt":{"rendered":"<p>Mataromera je renomovan\u00e9 vina\u0159stv\u00ed v Ribera del Duero, kter\u00e9 je zn\u00e1m\u00e9 svou oddanost\u00ed dokonalosti a pou\u017e\u00edv\u00e1n\u00edm vinohradnick\u00fdch a vina\u0159sk\u00fdch technik, kter\u00e9 respektuj\u00ed tradici i inovace. Toto v\u00edno odr\u00e1\u017e\u00ed jedine\u010dn\u00fd charakter vinic nach\u00e1zej\u00edc\u00edch se na svaz\u00edch \u00fadol\u00ed Duero, kde extr\u00e9mn\u00ed kontinent\u00e1ln\u00ed klima a j\u00edlovito-v\u00e1pencov\u00e9 p\u016fdy poskytuj\u00ed ide\u00e1ln\u00ed podm\u00ednky pro p\u011bstov\u00e1n\u00ed odr\u016fdy Tempranillo. &nbsp; Toto v\u00edno je [&hellip;]<\/p>\n","protected":false},"featured_media":39888,"template":"","meta":{"_et_pb_use_builder":"","_et_pb_old_content":"","_et_gb_content_width":""},"product_brand":[1462],"product_cat":[4908,6313],"product_tag":[],"class_list":{"0":"post-39883","1":"product","2":"type-product","3":"status-publish","4":"has-post-thumbnail","6":"product_brand-matarromera","7":"product_cat-napoje-cs","8":"product_cat-vino-cs-3","10":"first","11":"outofstock","12":"taxable","13":"shipping-taxable","14":"product-type-variable"},"_links":{"self":[{"href":"https:\/\/myspainfood.com\/cs\/wp-json\/wp\/v2\/product\/39883","targetHints":{"allow":["GET"]}}],"collection":[{"href":"https:\/\/myspainfood.com\/cs\/wp-json\/wp\/v2\/product"}],"about":[{"href":"https:\/\/myspainfood.com\/cs\/wp-json\/wp\/v2\/types\/product"}],"wp:featuredmedia":[{"embeddable":true,"href":"https:\/\/myspainfood.com\/cs\/wp-json\/wp\/v2\/media\/39888"}],"wp:attachment":[{"href":"https:\/\/myspainfood.com\/cs\/wp-json\/wp\/v2\/media?parent=39883"}],"wp:term":[{"taxonomy":"product_brand","embeddable":true,"href":"https:\/\/myspainfood.com\/cs\/wp-json\/wp\/v2\/product_brand?post=39883"},{"taxonomy":"product_cat","embeddable":true,"href":"https:\/\/myspainfood.com\/cs\/wp-json\/wp\/v2\/product_cat?post=39883"},{"taxonomy":"product_tag","embeddable":true,"href":"https:\/\/myspainfood.com\/cs\/wp-json\/wp\/v2\/product_tag?post=39883"}],"curies":[{"name":"wp","href":"https:\/\/api.w.org\/{rel}","templated":true}]}}