{"id":39919,"date":"2025-04-10T12:13:45","date_gmt":"2025-04-10T10:13:45","guid":{"rendered":"https:\/\/myspainfood.com\/producto\/kozi-syr-sierra-zarza-gourmet-750-gramu\/"},"modified":"2025-04-10T12:13:45","modified_gmt":"2025-04-10T10:13:45","slug":"kozi-syr-sierra-zarza-gourmet-750-gramu","status":"publish","type":"product","link":"https:\/\/myspainfood.com\/cs\/producto\/kozi-syr-sierra-zarza-gourmet-750-gramu\/","title":{"rendered":"Koz\u00ed s\u00fdr Sierra Zarza Gourmet 750 gram\u016f"},"content":{"rendered":"<p>Objevte autentickou podstatu venkova s na\u0161\u00edm vynikaj\u00edc\u00edm koz\u00edm s\u00fdrem Sierra Zarza, \u0159emesln\u00fdm pot\u011b\u0161en\u00edm, kter\u00e9 zt\u011bles\u0148uje tradici a kvalitu nej\u010dist\u0161\u00edho koz\u00edho ml\u00e9ka. Tento s\u00fdr poch\u00e1z\u00ed z vybran\u00fdch st\u00e1d, kter\u00e1 se voln\u011b pasou na svaz\u00edch poho\u0159\u00ed Sierra Zarza, a nab\u00edz\u00ed jedine\u010dn\u00fd gastronomick\u00fd z\u00e1\u017eitek. <\/p>\n<p>Koz\u00ed s\u00fdr Sierra Zarza se dod\u00e1v\u00e1 v elegantn\u00edm balen\u00ed, kter\u00e9 je ide\u00e1ln\u00ed pro zvl\u00e1\u0161tn\u00ed p\u0159\u00edle\u017eitosti i ka\u017edodenn\u00ed pou\u017eit\u00ed. Skv\u011ble se hod\u00ed k b\u00edl\u00fdm a r\u016f\u017eov\u00fdm v\u00edn\u016fm a je tak\u00e9 vynikaj\u00edc\u00edm dopl\u0148kem sal\u00e1t\u016f, tapas a gurm\u00e1nsk\u00fdch dezert\u016f. Jeho v\u0161estrannost v kuchyni z n\u011bj \u010din\u00ed z\u00e1kladn\u00ed ingredienci pro milovn\u00edky dobr\u00e9ho j\u00eddla.  <\/p>\n<p>Objevte autentickou podstatu venkova s na\u0161\u00edm vynikaj\u00edc\u00edm koz\u00edm s\u00fdrem Sierra Zarza, \u0159emesln\u00fdm pot\u011b\u0161en\u00edm, kter\u00e9 zt\u011bles\u0148uje tradici a kvalitu nej\u010dist\u0161\u00edho koz\u00edho ml\u00e9ka. Tento s\u00fdr poch\u00e1z\u00ed z vybran\u00fdch st\u00e1d, kter\u00e1 se voln\u011b pasou na svaz\u00edch poho\u0159\u00ed Sierra Zarza, a nab\u00edz\u00ed jedine\u010dn\u00fd gastronomick\u00fd z\u00e1\u017eitek. <\/p>\n<p>&nbsp;<\/p>\n<p>Koz\u00ed s\u00fdr Sierra Zarza se dod\u00e1v\u00e1 v elegantn\u00edm balen\u00ed, kter\u00e9 je ide\u00e1ln\u00ed pro zvl\u00e1\u0161tn\u00ed p\u0159\u00edle\u017eitosti i ka\u017edodenn\u00ed pou\u017eit\u00ed. Skv\u011ble se hod\u00ed k b\u00edl\u00fdm a r\u016f\u017eov\u00fdm v\u00edn\u016fm a je tak\u00e9 vynikaj\u00edc\u00edm dopl\u0148kem sal\u00e1t\u016f, tapas a gurm\u00e1nsk\u00fdch dezert\u016f. Jeho v\u0161estrannost v kuchyni z n\u011bj \u010din\u00ed z\u00e1kladn\u00ed ingredienci pro milovn\u00edky dobr\u00e9ho j\u00eddla.  <\/p>\n","protected":false},"excerpt":{"rendered":"<p>Objevte autentickou podstatu venkova s na\u0161\u00edm vynikaj\u00edc\u00edm koz\u00edm s\u00fdrem Sierra Zarza, \u0159emesln\u00fdm pot\u011b\u0161en\u00edm, kter\u00e9 zt\u011bles\u0148uje tradici a kvalitu nej\u010dist\u0161\u00edho koz\u00edho ml\u00e9ka. Tento s\u00fdr poch\u00e1z\u00ed z vybran\u00fdch st\u00e1d, kter\u00e1 se voln\u011b pasou na svaz\u00edch poho\u0159\u00ed Sierra Zarza, a nab\u00edz\u00ed jedine\u010dn\u00fd gastronomick\u00fd z\u00e1\u017eitek. Koz\u00ed s\u00fdr Sierra Zarza se dod\u00e1v\u00e1 v elegantn\u00edm balen\u00ed, kter\u00e9 je ide\u00e1ln\u00ed pro zvl\u00e1\u0161tn\u00ed [&hellip;]<\/p>\n","protected":false},"featured_media":39924,"template":"","meta":{"_et_pb_use_builder":"","_et_pb_old_content":"","_et_gb_content_width":""},"product_brand":[1465],"product_cat":[2757,2298],"product_tag":[],"class_list":{"0":"post-39919","1":"product","2":"type-product","3":"status-publish","4":"has-post-thumbnail","6":"product_brand-sierra-zarza","7":"product_cat-lecba","8":"product_cat-syr-a-klobasa-cs","10":"first","11":"outofstock","12":"taxable","13":"shipping-taxable","14":"purchasable","15":"product-type-variable"},"_links":{"self":[{"href":"https:\/\/myspainfood.com\/cs\/wp-json\/wp\/v2\/product\/39919","targetHints":{"allow":["GET"]}}],"collection":[{"href":"https:\/\/myspainfood.com\/cs\/wp-json\/wp\/v2\/product"}],"about":[{"href":"https:\/\/myspainfood.com\/cs\/wp-json\/wp\/v2\/types\/product"}],"wp:featuredmedia":[{"embeddable":true,"href":"https:\/\/myspainfood.com\/cs\/wp-json\/wp\/v2\/media\/39924"}],"wp:attachment":[{"href":"https:\/\/myspainfood.com\/cs\/wp-json\/wp\/v2\/media?parent=39919"}],"wp:term":[{"taxonomy":"product_brand","embeddable":true,"href":"https:\/\/myspainfood.com\/cs\/wp-json\/wp\/v2\/product_brand?post=39919"},{"taxonomy":"product_cat","embeddable":true,"href":"https:\/\/myspainfood.com\/cs\/wp-json\/wp\/v2\/product_cat?post=39919"},{"taxonomy":"product_tag","embeddable":true,"href":"https:\/\/myspainfood.com\/cs\/wp-json\/wp\/v2\/product_tag?post=39919"}],"curies":[{"name":"wp","href":"https:\/\/api.w.org\/{rel}","templated":true}]}}