{"id":40175,"date":"2025-04-10T12:14:06","date_gmt":"2025-04-10T10:14:06","guid":{"rendered":"https:\/\/myspainfood.com\/producto\/cusumano-nakladana-pastika-z-tunaka-delicious-gourmet-170-gr\/"},"modified":"2025-04-10T12:14:06","modified_gmt":"2025-04-10T10:14:06","slug":"cusumano-nakladana-pastika-z-tunaka-delicious-gourmet-170-gr","status":"publish","type":"product","link":"https:\/\/myspainfood.com\/cs\/producto\/cusumano-nakladana-pastika-z-tunaka-delicious-gourmet-170-gr\/","title":{"rendered":"Cusumano nakl\u00e1dan\u00e1 pa\u0161tika z tu\u0148\u00e1ka - Delicious &amp; Gourmet - 170 gr"},"content":{"rendered":"<p>Pa\u0161tika z tu\u0148\u00e1ka Cusumano je gurm\u00e1nsk\u00e1 pochoutka vyroben\u00e1 z vysoce kvalitn\u00edho tu\u0148\u00e1ka, pe\u010dliv\u011b vybran\u00e9ho a zpracovan\u00e9ho tak, aby m\u011bl nesrovnatelnou chu\u0165 a jemnou strukturu. Tato pa\u0161tika je ide\u00e1ln\u00ed pro milovn\u00edky dobr\u00e9ho j\u00eddla a spojuje to nejlep\u0161\u00ed z mo\u0159e s p\u0159\u00edrodn\u00edmi ingrediencemi a n\u00e1dechem rafinovanosti. <\/p>\n<ul>\n<li><strong>Zna\u010dka:<\/strong> Cusumano<\/li>\n<li><strong>Typ v\u00fdrobku:<\/strong> Pa\u0161tika z tu\u0148\u00e1ka<\/li>\n<li><strong>Prezentace:<\/strong> Plechovka nebo sklen\u011bn\u00e1 n\u00e1doba<\/li>\n<li><strong>\u010cist\u00e1 hmotnost:<\/strong> (uve\u010fte p\u0159esnou hmotnost, nap\u0159. 100g, 200g)<\/li>\n<li><strong>Slo\u017een\u00ed:<\/strong> Tu\u0148\u00e1k, olivov\u00fd olej, p\u0159\u00edrodn\u00ed ko\u0159en\u00ed, s\u016fl (a dal\u0161\u00ed p\u0159\u00edrodn\u00ed ingredience, pokud jsou k dispozici).<\/li>\n<li><strong>Skladov\u00e1n\u00ed<\/strong>: Skladujte na chladn\u00e9m a such\u00e9m m\u00edst\u011b. Po otev\u0159en\u00ed uchov\u00e1vejte v chladu a spot\u0159ebujte do (uve\u010fte dobu, nap\u0159. 3 dny). <\/li>\n<\/ul>\n<p>Pa\u0161tika z tu\u0148\u00e1ka Cusumano se vyzna\u010duje jemnou a vyt\u0159\u00edbenou chut\u00ed s dokonalou rovnov\u00e1hou mezi chut\u00ed tu\u0148\u00e1ka a jemn\u00fdmi t\u00f3ny p\u0159\u00edrodn\u00edho ko\u0159en\u00ed. Jej\u00ed textura je kr\u00e9mov\u00e1 a snadno se rozt\u00edr\u00e1, co\u017e z n\u00ed \u010din\u00ed ide\u00e1ln\u00ed volbu jak pro zvl\u00e1\u0161tn\u00ed p\u0159\u00edle\u017eitosti, tak pro ka\u017edodenn\u00ed po\u017eitek. <\/p>\n","protected":false},"excerpt":{"rendered":"<p>Pa\u0161tika z tu\u0148\u00e1ka Cusumano je gurm\u00e1nsk\u00e1 pochoutka vyroben\u00e1 z vysoce kvalitn\u00edho tu\u0148\u00e1ka, pe\u010dliv\u011b vybran\u00e9ho a zpracovan\u00e9ho tak, aby m\u011bl nesrovnatelnou chu\u0165 a jemnou strukturu. Tato pa\u0161tika je ide\u00e1ln\u00ed pro milovn\u00edky dobr\u00e9ho j\u00eddla a spojuje to nejlep\u0161\u00ed z mo\u0159e s p\u0159\u00edrodn\u00edmi ingrediencemi a n\u00e1dechem rafinovanosti. Zna\u010dka: Cusumano Typ v\u00fdrobku: Pa\u0161tika z tu\u0148\u00e1ka Prezentace: Plechovka nebo sklen\u011bn\u00e1 [&hellip;]<\/p>\n","protected":false},"featured_media":40184,"template":"","meta":{"_et_pb_use_builder":"","_et_pb_old_content":"","_et_gb_content_width":""},"product_brand":[1272],"product_cat":[3752],"product_tag":[],"class_list":{"0":"post-40175","1":"product","2":"type-product","3":"status-publish","4":"has-post-thumbnail","6":"product_brand-cusumano","7":"product_cat-zachovava-cs-3","9":"first","10":"instock","11":"taxable","12":"shipping-taxable","13":"product-type-variable"},"_links":{"self":[{"href":"https:\/\/myspainfood.com\/cs\/wp-json\/wp\/v2\/product\/40175","targetHints":{"allow":["GET"]}}],"collection":[{"href":"https:\/\/myspainfood.com\/cs\/wp-json\/wp\/v2\/product"}],"about":[{"href":"https:\/\/myspainfood.com\/cs\/wp-json\/wp\/v2\/types\/product"}],"wp:featuredmedia":[{"embeddable":true,"href":"https:\/\/myspainfood.com\/cs\/wp-json\/wp\/v2\/media\/40184"}],"wp:attachment":[{"href":"https:\/\/myspainfood.com\/cs\/wp-json\/wp\/v2\/media?parent=40175"}],"wp:term":[{"taxonomy":"product_brand","embeddable":true,"href":"https:\/\/myspainfood.com\/cs\/wp-json\/wp\/v2\/product_brand?post=40175"},{"taxonomy":"product_cat","embeddable":true,"href":"https:\/\/myspainfood.com\/cs\/wp-json\/wp\/v2\/product_cat?post=40175"},{"taxonomy":"product_tag","embeddable":true,"href":"https:\/\/myspainfood.com\/cs\/wp-json\/wp\/v2\/product_tag?post=40175"}],"curies":[{"name":"wp","href":"https:\/\/api.w.org\/{rel}","templated":true}]}}