{"id":40186,"date":"2025-04-10T12:14:06","date_gmt":"2025-04-10T10:14:06","guid":{"rendered":"https:\/\/myspainfood.com\/producto\/pochas-blancas-de-navarra-a-inigo-autenticka-tradicni-chut-660-gr\/"},"modified":"2025-04-10T12:14:06","modified_gmt":"2025-04-10T10:14:06","slug":"pochas-blancas-de-navarra-a-inigo-autenticka-tradicni-chut-660-gr","status":"publish","type":"product","link":"https:\/\/myspainfood.com\/cs\/producto\/pochas-blancas-de-navarra-a-inigo-autenticka-tradicni-chut-660-gr\/","title":{"rendered":"Pochas Blancas de Navarra A. I\u00f1igo - autentick\u00e1 tradi\u010dn\u00ed chu\u0165 660 gr"},"content":{"rendered":"<p>Pochas Blancas od spole\u010dnosti A. I\u00f1igo jsou tradi\u010dn\u00ed pochoutkou z oblasti Navarry, kter\u00e1 je zn\u00e1m\u00e1 svou v\u00fdjime\u010dnou kvalitou a chut\u00ed. Tyto \u010derstv\u00e9 fazole se skl\u00edzej\u00ed v optim\u00e1ln\u00ed dob\u011b zralosti a pe\u010dliv\u011b se bal\u00ed, aby si zachovaly ve\u0161kerou \u010derstvost a \u017eiviny. <\/p>\n<ul>\n<li><strong>P\u016fvod:<\/strong> Navarra, \u0160pan\u011blsko<\/li>\n<li><strong>Druh fazol\u00ed:<\/strong> B\u00edl\u00e9 fazole<\/li>\n<li><strong>Prezentace:<\/strong> Sklen\u011bn\u00e1 n\u00e1doba<\/li>\n<li><strong>Slo\u017een\u00ed:<\/strong> B\u00edl\u00e9 fazole, voda, s\u016fl, s\u016fl.<\/li>\n<li><strong>Skladov\u00e1n\u00ed<\/strong>: Skladujte na chladn\u00e9m a such\u00e9m m\u00edst\u011b.<\/li>\n<li><strong>Doporu\u010den\u00e9 pou\u017eit\u00ed:<\/strong> Ide\u00e1ln\u00ed do du\u0161en\u00fdch pokrm\u016f, sal\u00e1t\u016f a tradi\u010dn\u00edch navarsk\u00fdch a st\u0159edomo\u0159sk\u00fdch j\u00eddel.<\/li>\n<\/ul>\n<p>B\u00edl\u00e9 fazole A. I\u00f1igo se vyzna\u010duj\u00ed m\u011bkkost\u00ed a jemnou chut\u00ed, kter\u00e1 se skv\u011ble dopl\u0148uje s ostatn\u00edmi ingrediencemi v pol\u00e9vk\u00e1ch, du\u0161en\u00fdch pokrmech a sal\u00e1tech. D\u00edky jejich jemn\u00e9 struktu\u0159e a tenk\u00e9 slupce je ocen\u00ed zejm\u00e9na gurm\u00e1ni a milovn\u00edci tradi\u010dn\u00ed kuchyn\u011b. <\/p>\n","protected":false},"excerpt":{"rendered":"<p>Pochas Blancas od spole\u010dnosti A. I\u00f1igo jsou tradi\u010dn\u00ed pochoutkou z oblasti Navarry, kter\u00e1 je zn\u00e1m\u00e1 svou v\u00fdjime\u010dnou kvalitou a chut\u00ed. Tyto \u010derstv\u00e9 fazole se skl\u00edzej\u00ed v optim\u00e1ln\u00ed dob\u011b zralosti a pe\u010dliv\u011b se bal\u00ed, aby si zachovaly ve\u0161kerou \u010derstvost a \u017eiviny. P\u016fvod: Navarra, \u0160pan\u011blsko Druh fazol\u00ed: B\u00edl\u00e9 fazole Prezentace: Sklen\u011bn\u00e1 n\u00e1doba Slo\u017een\u00ed: B\u00edl\u00e9 fazole, voda, s\u016fl, [&hellip;]<\/p>\n","protected":false},"featured_media":40192,"template":"","meta":{"_et_pb_use_builder":"","_et_pb_old_content":"","_et_gb_content_width":""},"product_brand":[1461],"product_cat":[3752],"product_tag":[],"class_list":{"0":"post-40186","1":"product","2":"type-product","3":"status-publish","4":"has-post-thumbnail","6":"product_brand-a-inigo","7":"product_cat-zachovava-cs-3","9":"first","10":"outofstock","11":"taxable","12":"shipping-taxable","13":"purchasable","14":"product-type-variable"},"_links":{"self":[{"href":"https:\/\/myspainfood.com\/cs\/wp-json\/wp\/v2\/product\/40186","targetHints":{"allow":["GET"]}}],"collection":[{"href":"https:\/\/myspainfood.com\/cs\/wp-json\/wp\/v2\/product"}],"about":[{"href":"https:\/\/myspainfood.com\/cs\/wp-json\/wp\/v2\/types\/product"}],"wp:featuredmedia":[{"embeddable":true,"href":"https:\/\/myspainfood.com\/cs\/wp-json\/wp\/v2\/media\/40192"}],"wp:attachment":[{"href":"https:\/\/myspainfood.com\/cs\/wp-json\/wp\/v2\/media?parent=40186"}],"wp:term":[{"taxonomy":"product_brand","embeddable":true,"href":"https:\/\/myspainfood.com\/cs\/wp-json\/wp\/v2\/product_brand?post=40186"},{"taxonomy":"product_cat","embeddable":true,"href":"https:\/\/myspainfood.com\/cs\/wp-json\/wp\/v2\/product_cat?post=40186"},{"taxonomy":"product_tag","embeddable":true,"href":"https:\/\/myspainfood.com\/cs\/wp-json\/wp\/v2\/product_tag?post=40186"}],"curies":[{"name":"wp","href":"https:\/\/api.w.org\/{rel}","templated":true}]}}