{"id":40236,"date":"2025-04-10T12:14:28","date_gmt":"2025-04-10T10:14:28","guid":{"rendered":"https:\/\/myspainfood.com\/producto\/la-encajera-ochucene-cele-lilky-560-gramu\/"},"modified":"2025-09-02T10:54:19","modified_gmt":"2025-09-02T08:54:19","slug":"la-encajera-ochucene-cele-lilky-560-gramu","status":"publish","type":"product","link":"https:\/\/myspainfood.com\/cs\/producto\/la-encajera-ochucene-cele-lilky-560-gramu\/","title":{"rendered":"La Encajera Ochucen\u00e9 cel\u00e9 lilky 560 gram\u016f"},"content":{"rendered":"<p>Cel\u00fd lilek s dresinkem je ide\u00e1ln\u00edm <a href=\"https:\/\/www.laencajera.es\/berenjenas-de-almagro\" target=\"_blank\" rel=\"noopener noreferrer nofollow\">p\u0159edkrmem<\/a>.<\/p>\n<p>Pou\u017e\u00edv\u00e1 se tak\u00e9 jako p\u0159\u00edloha k sal\u00e1t\u016fm.<\/p>\n<p>Dochucuj\u00ed se vodou, vinn\u00fdm octem, olivov\u00fdm olejem, paprikou, sol\u00ed, km\u00ednem a \u010desnekem.<\/p>\n<p>Lilek s lilkov\u00fdm dresinkem poch\u00e1z\u00ed ze \u0161pan\u011blsk\u00e9 Kastilie la Mancha.<\/p>\n<p>Slo\u017een\u00ed: S: lilek &#8222;De Almagro&#8220;, voda, s\u016fl, vinn\u00fd ocet, p\u0159\u00edrodn\u00ed ko\u0159en\u00ed (\u010desnek, km\u00edn, paprika, olivov\u00fd olej), l\u00e1tka zv\u00fdraz\u0148uj\u00edc\u00ed chu\u0165 a v\u016fni (E-621), regul\u00e1tory kyselosti (E-330), konzervanty (E-270, E-211, E-202E-223), antioxidant (E-300) a p\u0159\u00edrodn\u00ed aromata.<\/p>\n<p>Uchov\u00e1vejte na chladn\u00e9m a such\u00e9m m\u00edst\u011b p\u0159i teplot\u011b od 3 do 10 \u00b0C. Uchov\u00e1vejte mimo dosah slune\u010dn\u00edho sv\u011btla a siln\u00fdch pach\u016f. <\/p>\n<p>Po otev\u0159en\u00ed uchov\u00e1vejte v chladu a spot\u0159ebujte do 30 dn\u016f.<\/p>\n<p>Pokud si chcete koupit olivy nebo jak\u00fdkoli jin\u00fd druh <a href=\"https:\/\/latiendadesami.com\/categoria-producto\/encurtidos\/\" rel=\"noopener noreferrer nofollow\" target=\"_blank\">nakl\u00e1dan\u00e9 zeleniny<\/a>, nev\u00e1hejte se pod\u00edvat do na\u0161eho online katalogu a prohl\u00e9dnout si \u0161irokou nab\u00eddku <a href=\"https:\/\/latiendadesami.com\/categoria-producto\/encurtidos\/berenjenas\/\" target=\"_blank\" rel=\"noopener noreferrer nofollow\">lilk\u016f<\/a>.<\/p>\n<p>Zna\u010dka La Encajonera je rodinn\u00fd podnik zalo\u017een\u00fd v roce 1990, kter\u00fd se nach\u00e1z\u00ed v srdci regionu La Mancha, ve m\u011bst\u011b ALMAGRO v provincii Ciudad Real.<\/p>\n<p>V\u00fdrobn\u00ed proces jej\u00edch produkt\u016f za\u010d\u00edn\u00e1 ve stejn\u00e9 p\u011bstitelsk\u00e9 oblasti, kde se vyb\u00edr\u00e1 ten nejkvalitn\u011bj\u0161\u00ed produkt.<\/p>\n<p>Tov\u00e1rna je vybavena nejmodern\u011bj\u0161\u00edmi technologiemi a z\u00e1rove\u0148 si zachov\u00e1v\u00e1 tradici a know-how sv\u00fdch \u0159emesln\u00edk\u016f.<\/p>\n","protected":false},"excerpt":{"rendered":"<p>Cel\u00fd lilek s dresinkem je ide\u00e1ln\u00edm p\u0159edkrmem. Pou\u017e\u00edv\u00e1 se tak\u00e9 jako p\u0159\u00edloha k sal\u00e1t\u016fm. Dochucuj\u00ed se vodou, vinn\u00fdm octem, olivov\u00fdm olejem, paprikou, sol\u00ed, km\u00ednem a \u010desnekem. Lilek s lilkov\u00fdm dresinkem poch\u00e1z\u00ed ze \u0161pan\u011blsk\u00e9 Kastilie la Mancha. Slo\u017een\u00ed: S: lilek &#8222;De Almagro&#8220;, voda, s\u016fl, vinn\u00fd ocet, p\u0159\u00edrodn\u00ed ko\u0159en\u00ed (\u010desnek, km\u00edn, paprika, olivov\u00fd olej), l\u00e1tka zv\u00fdraz\u0148uj\u00edc\u00ed chu\u0165 [&hellip;]<\/p>\n","protected":false},"featured_media":23000,"template":"","meta":{"_et_pb_use_builder":"","_et_pb_old_content":"","_et_gb_content_width":""},"product_brand":[1057],"product_cat":[2104,1778],"product_tag":[2105],"class_list":{"0":"post-40236","1":"product","2":"type-product","3":"status-publish","4":"has-post-thumbnail","6":"product_brand-la-encajera","7":"product_cat-lilek","8":"product_cat-pickles-cs","9":"product_tag-alinada-cs","11":"first","12":"outofstock","13":"taxable","14":"shipping-taxable","15":"product-type-variable"},"_links":{"self":[{"href":"https:\/\/myspainfood.com\/cs\/wp-json\/wp\/v2\/product\/40236","targetHints":{"allow":["GET"]}}],"collection":[{"href":"https:\/\/myspainfood.com\/cs\/wp-json\/wp\/v2\/product"}],"about":[{"href":"https:\/\/myspainfood.com\/cs\/wp-json\/wp\/v2\/types\/product"}],"wp:featuredmedia":[{"embeddable":true,"href":"https:\/\/myspainfood.com\/cs\/wp-json\/wp\/v2\/media\/23000"}],"wp:attachment":[{"href":"https:\/\/myspainfood.com\/cs\/wp-json\/wp\/v2\/media?parent=40236"}],"wp:term":[{"taxonomy":"product_brand","embeddable":true,"href":"https:\/\/myspainfood.com\/cs\/wp-json\/wp\/v2\/product_brand?post=40236"},{"taxonomy":"product_cat","embeddable":true,"href":"https:\/\/myspainfood.com\/cs\/wp-json\/wp\/v2\/product_cat?post=40236"},{"taxonomy":"product_tag","embeddable":true,"href":"https:\/\/myspainfood.com\/cs\/wp-json\/wp\/v2\/product_tag?post=40236"}],"curies":[{"name":"wp","href":"https:\/\/api.w.org\/{rel}","templated":true}]}}