{"id":41222,"date":"2025-04-10T12:12:29","date_gmt":"2025-04-10T10:12:29","guid":{"rendered":"https:\/\/myspainfood.com\/producto\/la-vieja-fabrica-broskvovy-dzem-diet-280-g\/"},"modified":"2025-04-10T12:12:29","modified_gmt":"2025-04-10T10:12:29","slug":"la-vieja-fabrica-broskvovy-dzem-diet-280-g","status":"publish","type":"product","link":"https:\/\/myspainfood.com\/cs\/producto\/la-vieja-fabrica-broskvovy-dzem-diet-280-g\/","title":{"rendered":"La Vieja F\u00e1brica Broskvov\u00fd d\u017eem DIET 280 g"},"content":{"rendered":"<p>Dietn\u00ed broskvov\u00fd d\u017eem La Vieja F\u00e1brica je lahodnou volbou pro ty, kte\u0159\u00ed si cht\u011bj\u00ed vychutnat autentickou chu\u0165 ovoce bez zbyte\u010dn\u00fdch kalori\u00ed. Tento d\u017eem vyroben\u00fd z vybran\u00fdch broskv\u00ed podle tradi\u010dn\u00edch \u0159emesln\u00fdch receptur spole\u010dnosti La Vieja F\u00e1brica nab\u00edz\u00ed sv\u011b\u017e\u00ed a p\u0159irozenou chu\u0165. <\/p>\n<p><strong>P\u016fvod:<\/strong> \u0160pan\u011blsko V\u00fdrobce: \u00c1ngel Camacho Alimentaci\u00f3n, S.L.<\/p>\n<p><strong>Adresa v\u00fdrobce<\/strong>: Avda. del Pilar, 6 - 41530 Mor\u00f3n de la Frontera (Sevilla)<\/p>\n<p> <strong> P\u016fvod<\/strong>: V\u00fdrobek ze \u0160pan\u011blska<\/p>\n<p><strong>\u010cist\u00e1 hmotnost<\/strong>: 280 g<\/p>\n<p><strong>Dal\u0161\u00ed povinn\u00e9 \u00fadaje na etiket\u011b<\/strong>: Obsahuje 55 g broskv\u00ed ve 100 g.<\/p>\n<p><strong>Celkov\u00fd obsah cukr\u016f<\/strong>: 42 g na 100 g.<\/p>\n","protected":false},"excerpt":{"rendered":"<p>Dietn\u00ed broskvov\u00fd d\u017eem La Vieja F\u00e1brica je lahodnou volbou pro ty, kte\u0159\u00ed si cht\u011bj\u00ed vychutnat autentickou chu\u0165 ovoce bez zbyte\u010dn\u00fdch kalori\u00ed. Tento d\u017eem vyroben\u00fd z vybran\u00fdch broskv\u00ed podle tradi\u010dn\u00edch \u0159emesln\u00fdch receptur spole\u010dnosti La Vieja F\u00e1brica nab\u00edz\u00ed sv\u011b\u017e\u00ed a p\u0159irozenou chu\u0165. P\u016fvod: \u0160pan\u011blsko V\u00fdrobce: \u00c1ngel Camacho Alimentaci\u00f3n, S.L. Adresa v\u00fdrobce: Avda. del Pilar, 6 - 41530 [&hellip;]<\/p>\n","protected":false},"featured_media":41228,"template":"","meta":{"_et_pb_use_builder":"","_et_pb_old_content":"","_et_gb_content_width":""},"product_brand":[1460],"product_cat":[1935],"product_tag":[],"class_list":{"0":"post-41222","1":"product","2":"type-product","3":"status-publish","4":"has-post-thumbnail","6":"product_brand-la-vieja-fabrica","7":"product_cat-zachovava","9":"first","10":"outofstock","11":"taxable","12":"shipping-taxable","13":"product-type-variable"},"_links":{"self":[{"href":"https:\/\/myspainfood.com\/cs\/wp-json\/wp\/v2\/product\/41222","targetHints":{"allow":["GET"]}}],"collection":[{"href":"https:\/\/myspainfood.com\/cs\/wp-json\/wp\/v2\/product"}],"about":[{"href":"https:\/\/myspainfood.com\/cs\/wp-json\/wp\/v2\/types\/product"}],"wp:featuredmedia":[{"embeddable":true,"href":"https:\/\/myspainfood.com\/cs\/wp-json\/wp\/v2\/media\/41228"}],"wp:attachment":[{"href":"https:\/\/myspainfood.com\/cs\/wp-json\/wp\/v2\/media?parent=41222"}],"wp:term":[{"taxonomy":"product_brand","embeddable":true,"href":"https:\/\/myspainfood.com\/cs\/wp-json\/wp\/v2\/product_brand?post=41222"},{"taxonomy":"product_cat","embeddable":true,"href":"https:\/\/myspainfood.com\/cs\/wp-json\/wp\/v2\/product_cat?post=41222"},{"taxonomy":"product_tag","embeddable":true,"href":"https:\/\/myspainfood.com\/cs\/wp-json\/wp\/v2\/product_tag?post=41222"}],"curies":[{"name":"wp","href":"https:\/\/api.w.org\/{rel}","templated":true}]}}