{"id":41331,"date":"2025-04-10T12:12:57","date_gmt":"2025-04-10T10:12:57","guid":{"rendered":"https:\/\/myspainfood.com\/producto\/a-inigo-krajena-mrkev-400-g\/"},"modified":"2025-04-10T12:12:57","modified_gmt":"2025-04-10T10:12:57","slug":"a-inigo-krajena-mrkev-400-g","status":"publish","type":"product","link":"https:\/\/myspainfood.com\/cs\/producto\/a-inigo-krajena-mrkev-400-g\/","title":{"rendered":"A.I\u00f1igo Kr\u00e1jen\u00e1 mrkev 400 g"},"content":{"rendered":"<p>Mrkev A.I\u00f1igo je ide\u00e1ln\u00ed volbou pro ty, kte\u0159\u00ed hledaj\u00ed kvalitu a chu\u0165 sv\u00fdch potravin. Pe\u010dliv\u011b p\u011bstovan\u00e1 a vyb\u00edran\u00e1 mrkev m\u00e1 k\u0159upavou strukturu a sladkou a p\u0159irozenou chu\u0165, kter\u00e1 obohat\u00ed ka\u017ed\u00fd pokrm. <\/p>\n<p>&nbsp;<\/p>\n<p><strong>Energetick\u00e1 hodnota:<\/strong> 71,4 kJ \/ 16,8 kcal<\/p>\n<p><strong>Nasycen\u00e9 tuky<\/strong>: 0 g<\/p>\n<p><strong>Sacharidy<\/strong>: 4,2 g<\/p>\n<p><strong>Z toho cukry<\/strong>: 2,3 g<\/p>\n<p><strong>Vl\u00e1knina<\/strong>: 1,4 g<\/p>\n<p><strong>B\u00edlkoviny<\/strong>: 0 g<\/p>\n<p><strong>S\u016fl<\/strong>: 0,65 g<\/p>\n","protected":false},"excerpt":{"rendered":"<p>Mrkev A.I\u00f1igo je ide\u00e1ln\u00ed volbou pro ty, kte\u0159\u00ed hledaj\u00ed kvalitu a chu\u0165 sv\u00fdch potravin. Pe\u010dliv\u011b p\u011bstovan\u00e1 a vyb\u00edran\u00e1 mrkev m\u00e1 k\u0159upavou strukturu a sladkou a p\u0159irozenou chu\u0165, kter\u00e1 obohat\u00ed ka\u017ed\u00fd pokrm. &nbsp; Energetick\u00e1 hodnota: 71,4 kJ \/ 16,8 kcal Nasycen\u00e9 tuky: 0 g Sacharidy: 4,2 g Z toho cukry: 2,3 g Vl\u00e1knina: 1,4 g B\u00edlkoviny: [&hellip;]<\/p>\n","protected":false},"featured_media":41337,"template":"","meta":{"_et_pb_use_builder":"","_et_pb_old_content":"","_et_gb_content_width":""},"product_brand":[1461],"product_cat":[1935],"product_tag":[],"class_list":{"0":"post-41331","1":"product","2":"type-product","3":"status-publish","4":"has-post-thumbnail","6":"product_brand-a-inigo","7":"product_cat-zachovava","9":"first","10":"outofstock","11":"taxable","12":"shipping-taxable","13":"product-type-variable"},"_links":{"self":[{"href":"https:\/\/myspainfood.com\/cs\/wp-json\/wp\/v2\/product\/41331","targetHints":{"allow":["GET"]}}],"collection":[{"href":"https:\/\/myspainfood.com\/cs\/wp-json\/wp\/v2\/product"}],"about":[{"href":"https:\/\/myspainfood.com\/cs\/wp-json\/wp\/v2\/types\/product"}],"wp:featuredmedia":[{"embeddable":true,"href":"https:\/\/myspainfood.com\/cs\/wp-json\/wp\/v2\/media\/41337"}],"wp:attachment":[{"href":"https:\/\/myspainfood.com\/cs\/wp-json\/wp\/v2\/media?parent=41331"}],"wp:term":[{"taxonomy":"product_brand","embeddable":true,"href":"https:\/\/myspainfood.com\/cs\/wp-json\/wp\/v2\/product_brand?post=41331"},{"taxonomy":"product_cat","embeddable":true,"href":"https:\/\/myspainfood.com\/cs\/wp-json\/wp\/v2\/product_cat?post=41331"},{"taxonomy":"product_tag","embeddable":true,"href":"https:\/\/myspainfood.com\/cs\/wp-json\/wp\/v2\/product_tag?post=41331"}],"curies":[{"name":"wp","href":"https:\/\/api.w.org\/{rel}","templated":true}]}}