{"id":41916,"date":"2025-04-10T12:12:29","date_gmt":"2025-04-10T10:12:29","guid":{"rendered":"https:\/\/myspainfood.com\/producto\/santos-sodupe-rioja-young-red-descuido\/"},"modified":"2026-01-29T12:41:01","modified_gmt":"2026-01-29T11:41:01","slug":"santos-sodupe-rioja-young-red-descuido","status":"publish","type":"product","link":"https:\/\/myspainfood.com\/cs\/producto\/santos-sodupe-rioja-young-red-descuido\/","title":{"rendered":"Santos Sodupe Rioja Young Red DESCUIDO"},"content":{"rendered":"<p>Tradi\u010dn\u00ed karbonick\u00e1 macerace<\/p>\n<p>Macerace za studena<\/p>\n<p>N\u00edzkotlak\u00e9 lisov\u00e1n\u00ed, voln\u011b tekouc\u00ed \u0161\u0165\u00e1va<\/p>\n<p>\u010ci\u0161t\u011bn\u00ed dekantac\u00ed (odkalov\u00e1n\u00ed)<\/p>\n<p>Kva\u0161en\u00ed s \u0159\u00edzenou teplotou<\/p>\n<p>Sklize\u0148 vybran\u00fdch plod\u016f na vinici<\/p>\n<p>Technick\u00e9 specifikace<\/p>\n<p>Mlad\u00e1 \u010derven\u00e1<\/p>\n<p>85% tempranillo, 10% viura, 5% graciano<\/p>\n<p>Bodegas Santos Sodupe<\/p>\n<p>San Asensio, La Rioja<\/p>\n<p>D.O.C. Rioja<\/p>\n<p>75cl \/ 12,5%obj.<\/p>\n<p>Obsahuje si\u0159i\u010ditany<\/p>\n","protected":false},"excerpt":{"rendered":"<p>Tradi\u010dn\u00ed karbonick\u00e1 macerace Macerace za studena N\u00edzkotlak\u00e9 lisov\u00e1n\u00ed, voln\u011b tekouc\u00ed \u0161\u0165\u00e1va \u010ci\u0161t\u011bn\u00ed dekantac\u00ed (odkalov\u00e1n\u00ed) Kva\u0161en\u00ed s \u0159\u00edzenou teplotou Sklize\u0148 vybran\u00fdch plod\u016f na vinici Technick\u00e9 specifikace Mlad\u00e1 \u010derven\u00e1 85% tempranillo, 10% viura, 5% graciano Bodegas Santos Sodupe San Asensio, La Rioja D.O.C. Rioja 75cl \/ 12,5%obj. Obsahuje si\u0159i\u010ditany<\/p>\n","protected":false},"featured_media":41919,"template":"","meta":{"_et_pb_use_builder":"","_et_pb_old_content":"","_et_gb_content_width":""},"product_brand":[1459],"product_cat":[4908,6313],"product_tag":[],"class_list":{"0":"post-41916","1":"product","2":"type-product","3":"status-publish","4":"has-post-thumbnail","6":"product_brand-santos-sodupe","7":"product_cat-napoje-cs","8":"product_cat-vino-cs-3","10":"first","11":"outofstock","12":"taxable","13":"shipping-taxable","14":"product-type-variable"},"_links":{"self":[{"href":"https:\/\/myspainfood.com\/cs\/wp-json\/wp\/v2\/product\/41916","targetHints":{"allow":["GET"]}}],"collection":[{"href":"https:\/\/myspainfood.com\/cs\/wp-json\/wp\/v2\/product"}],"about":[{"href":"https:\/\/myspainfood.com\/cs\/wp-json\/wp\/v2\/types\/product"}],"wp:featuredmedia":[{"embeddable":true,"href":"https:\/\/myspainfood.com\/cs\/wp-json\/wp\/v2\/media\/41919"}],"wp:attachment":[{"href":"https:\/\/myspainfood.com\/cs\/wp-json\/wp\/v2\/media?parent=41916"}],"wp:term":[{"taxonomy":"product_brand","embeddable":true,"href":"https:\/\/myspainfood.com\/cs\/wp-json\/wp\/v2\/product_brand?post=41916"},{"taxonomy":"product_cat","embeddable":true,"href":"https:\/\/myspainfood.com\/cs\/wp-json\/wp\/v2\/product_cat?post=41916"},{"taxonomy":"product_tag","embeddable":true,"href":"https:\/\/myspainfood.com\/cs\/wp-json\/wp\/v2\/product_tag?post=41916"}],"curies":[{"name":"wp","href":"https:\/\/api.w.org\/{rel}","templated":true}]}}