{"id":42065,"date":"2025-04-10T12:11:39","date_gmt":"2025-04-10T10:11:39","guid":{"rendered":"https:\/\/myspainfood.com\/producto\/novozelandske-musle-smazene-v-nakladane-omacce-7-10-kusu-portonovo\/"},"modified":"2025-04-10T12:11:39","modified_gmt":"2025-04-10T10:11:39","slug":"novozelandske-musle-smazene-v-nakladane-omacce-7-10-kusu-portonovo","status":"publish","type":"product","link":"https:\/\/myspainfood.com\/cs\/producto\/novozelandske-musle-smazene-v-nakladane-omacce-7-10-kusu-portonovo\/","title":{"rendered":"Novoz\u00e9landsk\u00e9 mu\u0161le sma\u017een\u00e9 v nakl\u00e1dan\u00e9 om\u00e1\u010dce 7-10 kus\u016f Portonovo"},"content":{"rendered":"<p>Va\u0159en\u00e9 a sma\u017een\u00e9 ve slune\u010dnicov\u00e9m oleji. Byssus se ru\u010dn\u011b odstra\u0148uje a bal\u00ed se po jednom. Doprov\u00e1z\u00ed je jedine\u010dn\u00e1 marin\u00e1da ze zcela p\u0159\u00edrodn\u00edch surovin. Slo\u017een\u00ed: (slune\u010dnicov\u00fd olej, \u010derven\u00fd vinn\u00fd ocet, voda, p\u0159\u00edrodn\u00ed aromata, ko\u0159en\u00ed a s\u016fl).   <\/p>\n","protected":false},"excerpt":{"rendered":"<p>Va\u0159en\u00e9 a sma\u017een\u00e9 ve slune\u010dnicov\u00e9m oleji. Byssus se ru\u010dn\u011b odstra\u0148uje a bal\u00ed se po jednom. Doprov\u00e1z\u00ed je jedine\u010dn\u00e1 marin\u00e1da ze zcela p\u0159\u00edrodn\u00edch surovin. Slo\u017een\u00ed: (slune\u010dnicov\u00fd olej, \u010derven\u00fd vinn\u00fd ocet, voda, p\u0159\u00edrodn\u00ed aromata, ko\u0159en\u00ed a s\u016fl).<\/p>\n","protected":false},"featured_media":42068,"template":"","meta":{"_et_pb_use_builder":"","_et_pb_old_content":"","_et_gb_content_width":""},"product_brand":[1428],"product_cat":[4049,1935],"product_tag":[],"class_list":{"0":"post-42065","1":"product","2":"type-product","3":"status-publish","4":"has-post-thumbnail","6":"product_brand-portonovo","7":"product_cat-musle-cs","8":"product_cat-zachovava","10":"first","11":"instock","12":"taxable","13":"shipping-taxable","14":"purchasable","15":"product-type-variable"},"_links":{"self":[{"href":"https:\/\/myspainfood.com\/cs\/wp-json\/wp\/v2\/product\/42065","targetHints":{"allow":["GET"]}}],"collection":[{"href":"https:\/\/myspainfood.com\/cs\/wp-json\/wp\/v2\/product"}],"about":[{"href":"https:\/\/myspainfood.com\/cs\/wp-json\/wp\/v2\/types\/product"}],"wp:featuredmedia":[{"embeddable":true,"href":"https:\/\/myspainfood.com\/cs\/wp-json\/wp\/v2\/media\/42068"}],"wp:attachment":[{"href":"https:\/\/myspainfood.com\/cs\/wp-json\/wp\/v2\/media?parent=42065"}],"wp:term":[{"taxonomy":"product_brand","embeddable":true,"href":"https:\/\/myspainfood.com\/cs\/wp-json\/wp\/v2\/product_brand?post=42065"},{"taxonomy":"product_cat","embeddable":true,"href":"https:\/\/myspainfood.com\/cs\/wp-json\/wp\/v2\/product_cat?post=42065"},{"taxonomy":"product_tag","embeddable":true,"href":"https:\/\/myspainfood.com\/cs\/wp-json\/wp\/v2\/product_tag?post=42065"}],"curies":[{"name":"wp","href":"https:\/\/api.w.org\/{rel}","templated":true}]}}