{"id":42208,"date":"2025-04-10T12:10:50","date_gmt":"2025-04-10T10:10:50","guid":{"rendered":"https:\/\/myspainfood.com\/producto\/uzena-ancovicka-a-duseny-artycok-35-jednotek\/"},"modified":"2025-09-02T10:48:41","modified_gmt":"2025-09-02T08:48:41","slug":"uzena-ancovicka-a-duseny-artycok-35-jednotek","status":"publish","type":"product","link":"https:\/\/myspainfood.com\/cs\/producto\/uzena-ancovicka-a-duseny-artycok-35-jednotek\/","title":{"rendered":"Uzen\u00e1 an\u010dovi\u010dka a du\u0161en\u00fd arty\u010dok 35 jednotek"},"content":{"rendered":"<p>Olej (85 % slune\u010dnicov\u00fd, 15 % olivov\u00fd), du\u0161en\u00fd arty\u010dok, uzen\u00e9 an\u010dovi\u010dky, olivy pln\u011bn\u00e9 an\u010dovi\u010dkami a \u010derven\u00e1 paprika.<\/p>\n","protected":false},"excerpt":{"rendered":"<p>Olej (85 % slune\u010dnicov\u00fd, 15 % olivov\u00fd), du\u0161en\u00fd arty\u010dok, uzen\u00e9 an\u010dovi\u010dky, olivy pln\u011bn\u00e9 an\u010dovi\u010dkami a \u010derven\u00e1 paprika.<\/p>\n","protected":false},"featured_media":42209,"template":"","meta":{"_et_pb_use_builder":"","_et_pb_old_content":"","_et_gb_content_width":""},"product_brand":[1277],"product_cat":[2814,1869,1868,1780,1778,1870],"product_tag":[],"class_list":{"0":"post-42208","1":"product","2":"type-product","3":"status-publish","4":"has-post-thumbnail","6":"product_brand-bokeo","7":"product_cat-ancovicky-cs-3","8":"product_cat-ancovicky-cs","9":"product_cat-cold-cs","10":"product_cat-olivy-cs","11":"product_cat-pickles-cs","12":"product_cat-pintxos-cs","13":"product_shipping_class-preprava-za-studena","15":"first","16":"outofstock","17":"taxable","18":"shipping-taxable","19":"purchasable","20":"product-type-simple"},"_links":{"self":[{"href":"https:\/\/myspainfood.com\/cs\/wp-json\/wp\/v2\/product\/42208","targetHints":{"allow":["GET"]}}],"collection":[{"href":"https:\/\/myspainfood.com\/cs\/wp-json\/wp\/v2\/product"}],"about":[{"href":"https:\/\/myspainfood.com\/cs\/wp-json\/wp\/v2\/types\/product"}],"wp:featuredmedia":[{"embeddable":true,"href":"https:\/\/myspainfood.com\/cs\/wp-json\/wp\/v2\/media\/42209"}],"wp:attachment":[{"href":"https:\/\/myspainfood.com\/cs\/wp-json\/wp\/v2\/media?parent=42208"}],"wp:term":[{"taxonomy":"product_brand","embeddable":true,"href":"https:\/\/myspainfood.com\/cs\/wp-json\/wp\/v2\/product_brand?post=42208"},{"taxonomy":"product_cat","embeddable":true,"href":"https:\/\/myspainfood.com\/cs\/wp-json\/wp\/v2\/product_cat?post=42208"},{"taxonomy":"product_tag","embeddable":true,"href":"https:\/\/myspainfood.com\/cs\/wp-json\/wp\/v2\/product_tag?post=42208"}],"curies":[{"name":"wp","href":"https:\/\/api.w.org\/{rel}","templated":true}]}}