{"id":42533,"date":"2025-04-10T12:11:27","date_gmt":"2025-04-10T10:11:27","guid":{"rendered":"https:\/\/myspainfood.com\/producto\/roscos-de-vino-y-almenda-sacek-300-gramu-la-ponderosa\/"},"modified":"2025-07-31T16:53:04","modified_gmt":"2025-07-31T14:53:04","slug":"roscos-de-vino-y-almenda-sacek-300-gramu-la-ponderosa","status":"publish","type":"product","link":"https:\/\/myspainfood.com\/cs\/producto\/roscos-de-vino-y-almenda-sacek-300-gramu-la-ponderosa\/","title":{"rendered":"Roscos de vino y almenda s\u00e1\u010dek 300 gram\u016f La Ponderosa"},"content":{"rendered":"<p>V\u00edno a mandlov\u00e9 koblihy jsou sm\u011bs\u00ed produktu, kter\u00fd svou chut\u00ed a jemnou strukturou p\u0159edstavuje tradi\u010dn\u00ed v\u00fdrobek, kter\u00fd pot\u011b\u0161\u00ed i ty nejn\u00e1ro\u010dn\u011bj\u0161\u00ed chu\u0165ov\u00e9 bu\u0148ky.<\/p>\n<p>Slo\u017een\u00ed<\/p>\n<p>P\u0161eni\u010dn\u00e1 mouka, ibersk\u00e9 s\u00e1dlo (antioxidant: E-320), cukr, v\u00edno (obsahuje si\u0159i\u010ditany) (12 %), mandle (5 %), an\u00fdz, sko\u0159ice, sezamov\u00e1 sem\u00ednka, an\u00fdzov\u00e9 a citronov\u00e9 aroma. M\u016f\u017ee obsahovat stopy ara\u0161\u00edd\u016f. <\/p>\n<p>Alergeny<\/p>\n<p>Obsahuje lepek, o\u0159echy, sezam a si\u0159i\u010ditany. M\u016f\u017ee obsahovat stopy ara\u0161\u00edd\u016f. <\/p>\n","protected":false},"excerpt":{"rendered":"<p>V\u00edno a mandlov\u00e9 koblihy jsou sm\u011bs\u00ed produktu, kter\u00fd svou chut\u00ed a jemnou strukturou p\u0159edstavuje tradi\u010dn\u00ed v\u00fdrobek, kter\u00fd pot\u011b\u0161\u00ed i ty nejn\u00e1ro\u010dn\u011bj\u0161\u00ed chu\u0165ov\u00e9 bu\u0148ky. Slo\u017een\u00ed P\u0161eni\u010dn\u00e1 mouka, ibersk\u00e9 s\u00e1dlo (antioxidant: E-320), cukr, v\u00edno (obsahuje si\u0159i\u010ditany) (12 %), mandle (5 %), an\u00fdz, sko\u0159ice, sezamov\u00e1 sem\u00ednka, an\u00fdzov\u00e9 a citronov\u00e9 aroma. M\u016f\u017ee obsahovat stopy ara\u0161\u00edd\u016f. Alergeny Obsahuje lepek, o\u0159echy, [&hellip;]<\/p>\n","protected":false},"featured_media":42539,"template":"","meta":{"_et_pb_use_builder":"","_et_pb_old_content":"","_et_gb_content_width":""},"product_brand":[1417],"product_cat":[7783,1935],"product_tag":[],"class_list":{"0":"post-42533","1":"product","2":"type-product","3":"status-publish","4":"has-post-thumbnail","6":"product_brand-la-ponderosa","7":"product_cat-vanocni-special","8":"product_cat-zachovava","10":"first","11":"outofstock","12":"taxable","13":"shipping-taxable","14":"product-type-variable"},"_links":{"self":[{"href":"https:\/\/myspainfood.com\/cs\/wp-json\/wp\/v2\/product\/42533","targetHints":{"allow":["GET"]}}],"collection":[{"href":"https:\/\/myspainfood.com\/cs\/wp-json\/wp\/v2\/product"}],"about":[{"href":"https:\/\/myspainfood.com\/cs\/wp-json\/wp\/v2\/types\/product"}],"wp:featuredmedia":[{"embeddable":true,"href":"https:\/\/myspainfood.com\/cs\/wp-json\/wp\/v2\/media\/42539"}],"wp:attachment":[{"href":"https:\/\/myspainfood.com\/cs\/wp-json\/wp\/v2\/media?parent=42533"}],"wp:term":[{"taxonomy":"product_brand","embeddable":true,"href":"https:\/\/myspainfood.com\/cs\/wp-json\/wp\/v2\/product_brand?post=42533"},{"taxonomy":"product_cat","embeddable":true,"href":"https:\/\/myspainfood.com\/cs\/wp-json\/wp\/v2\/product_cat?post=42533"},{"taxonomy":"product_tag","embeddable":true,"href":"https:\/\/myspainfood.com\/cs\/wp-json\/wp\/v2\/product_tag?post=42533"}],"curies":[{"name":"wp","href":"https:\/\/api.w.org\/{rel}","templated":true}]}}