{"id":42647,"date":"2025-04-10T12:11:40","date_gmt":"2025-04-10T10:11:40","guid":{"rendered":"https:\/\/myspainfood.com\/producto\/nieva-cojonudos-bily-chrest-extra-13-16-velmi-silny\/"},"modified":"2025-04-10T12:11:40","modified_gmt":"2025-04-10T10:11:40","slug":"nieva-cojonudos-bily-chrest-extra-13-16-velmi-silny","status":"publish","type":"product","link":"https:\/\/myspainfood.com\/cs\/producto\/nieva-cojonudos-bily-chrest-extra-13-16-velmi-silny\/","title":{"rendered":"Nieva &#8220;Cojonudos&#8220; B\u00edl\u00fd ch\u0159est Extra 13\/16 Velmi siln\u00fd"},"content":{"rendered":"<p>Pono\u0159te se do v\u00fdte\u010dnosti velmi hust\u00e9ho b\u00edl\u00e9ho ch\u0159estu Nieva a objevte jedine\u010dn\u00fd kulin\u00e1\u0159sk\u00fd z\u00e1\u017eitek! Ka\u017ed\u00fd ch\u0159est je pe\u010dliv\u011b vyb\u00edr\u00e1n a p\u011bstov\u00e1n na nej\u00farodn\u011bj\u0161\u00edch p\u016fd\u00e1ch, co\u017e zaru\u010duje nejvy\u0161\u0161\u00ed kvalitu a \u010derstvost ka\u017ed\u00e9ho sousta. <\/p>\n<p>B\u00edl\u00fd ch\u0159est zna\u010dky Nieva vynik\u00e1 velkorysou velikost\u00ed a pevnou, \u0161\u0165avnatou strukturou. D\u00edky v\u00fdjime\u010dn\u011b velk\u00e9mu pr\u016fm\u011bru je tento ch\u0159est ide\u00e1ln\u00ed volbou pro ty, kte\u0159\u00ed hledaj\u00ed intenzivn\u00ed chu\u0165 a lahodnou konzistenci ka\u017ed\u00e9 porce. <\/p>\n<p>N\u00e1\u0161 b\u00edl\u00fd ch\u0159est, kter\u00fd poch\u00e1z\u00ed z nejpe\u010dliv\u011bji obd\u011bl\u00e1van\u00fdch pol\u00ed a skl\u00edz\u00ed se v optim\u00e1ln\u00ed zralosti, je pokladem p\u0159\u00edrody, kter\u00fd pot\u011b\u0161\u00ed va\u0161e chu\u0165ov\u00e9 bu\u0148ky a povznese va\u0161e pokrmy do nov\u00fdch gastronomick\u00fdch v\u00fd\u0161in.<\/p>\n<p>Vychutnejte si jejich jemnou, lehce naho\u0159klou chu\u0165 a k\u0159ehkou, ale p\u0159esto tuhou strukturu. A\u0165 u\u017e si je vychutn\u00e1te jako p\u0159\u00edlohu k hlavn\u00edm j\u00eddl\u016fm, p\u0159id\u00e1te je do \u010derstv\u00fdch sal\u00e1t\u016f nebo je zakomponujete do gurm\u00e1nsk\u00fdch recept\u016f, velmi hust\u00fd b\u00edl\u00fd ch\u0159est Nieva je ide\u00e1ln\u00ed volbou pro milovn\u00edky dobr\u00e9 kuchyn\u011b. <\/p>\n<p>P\u0159ekvapte sv\u00e9 hosty gastronomickou dokonalost\u00ed na\u0161eho b\u00edl\u00e9ho ch\u0159estu a prom\u011b\u0148te ka\u017ed\u00e9 j\u00eddlo v nezapomenuteln\u00fd z\u00e1\u017eitek. Po\u0159i\u010fte si je nyn\u00ed a zjist\u011bte, pro\u010d je Nieva synonymem v\u00fdjime\u010dn\u00e9 kvality a chuti v ka\u017ed\u00e9m soustu! <\/p>\n","protected":false},"excerpt":{"rendered":"<p>Pono\u0159te se do v\u00fdte\u010dnosti velmi hust\u00e9ho b\u00edl\u00e9ho ch\u0159estu Nieva a objevte jedine\u010dn\u00fd kulin\u00e1\u0159sk\u00fd z\u00e1\u017eitek! Ka\u017ed\u00fd ch\u0159est je pe\u010dliv\u011b vyb\u00edr\u00e1n a p\u011bstov\u00e1n na nej\u00farodn\u011bj\u0161\u00edch p\u016fd\u00e1ch, co\u017e zaru\u010duje nejvy\u0161\u0161\u00ed kvalitu a \u010derstvost ka\u017ed\u00e9ho sousta. <\/p>\n","protected":false},"featured_media":42651,"template":"","meta":{"_et_pb_use_builder":"","_et_pb_old_content":"","_et_gb_content_width":""},"product_brand":[1458],"product_cat":[6417,1935],"product_tag":[],"class_list":{"0":"post-42647","1":"product","2":"type-product","3":"status-publish","4":"has-post-thumbnail","6":"product_brand-nieva-cojonudos","7":"product_cat-chrest","8":"product_cat-zachovava","10":"first","11":"outofstock","12":"taxable","13":"shipping-taxable","14":"product-type-variable"},"_links":{"self":[{"href":"https:\/\/myspainfood.com\/cs\/wp-json\/wp\/v2\/product\/42647","targetHints":{"allow":["GET"]}}],"collection":[{"href":"https:\/\/myspainfood.com\/cs\/wp-json\/wp\/v2\/product"}],"about":[{"href":"https:\/\/myspainfood.com\/cs\/wp-json\/wp\/v2\/types\/product"}],"wp:featuredmedia":[{"embeddable":true,"href":"https:\/\/myspainfood.com\/cs\/wp-json\/wp\/v2\/media\/42651"}],"wp:attachment":[{"href":"https:\/\/myspainfood.com\/cs\/wp-json\/wp\/v2\/media?parent=42647"}],"wp:term":[{"taxonomy":"product_brand","embeddable":true,"href":"https:\/\/myspainfood.com\/cs\/wp-json\/wp\/v2\/product_brand?post=42647"},{"taxonomy":"product_cat","embeddable":true,"href":"https:\/\/myspainfood.com\/cs\/wp-json\/wp\/v2\/product_cat?post=42647"},{"taxonomy":"product_tag","embeddable":true,"href":"https:\/\/myspainfood.com\/cs\/wp-json\/wp\/v2\/product_tag?post=42647"}],"curies":[{"name":"wp","href":"https:\/\/api.w.org\/{rel}","templated":true}]}}