{"id":43099,"date":"2025-04-10T12:11:37","date_gmt":"2025-04-10T10:11:37","guid":{"rendered":"https:\/\/myspainfood.com\/producto\/medvidci-kreslici-usmevy-1-kg-damel\/"},"modified":"2025-04-10T12:11:37","modified_gmt":"2025-04-10T10:11:37","slug":"medvidci-kreslici-usmevy-1-kg-damel","status":"publish","type":"product","link":"https:\/\/myspainfood.com\/cs\/producto\/medvidci-kreslici-usmevy-1-kg-damel\/","title":{"rendered":"Medv\u00eddci kresl\u00edc\u00ed \u00fasm\u011bvy 1 kg DAMEL"},"content":{"rendered":"","protected":false},"excerpt":{"rendered":"<p>Damel je z\u00e1bavn\u00fd sv\u011bt, ve kter\u00e9m se budete c\u00edtit dob\u0159e. Poka\u017ed\u00e9, kdy\u017e otev\u0159ete s\u00e1\u010dek Damel, vykouzl\u00ed se v\u00e1m na tv\u00e1\u0159i \u00fasm\u011bv spokojenosti a radosti.<\/p>\n<p>U spole\u010dnosti Damel najdete rozs\u00e1hl\u00fd sortiment vysoce kvalitn\u00edch v\u00fdrobk\u016f pln\u00fdch chut\u00ed, barev a textur. Jsou ur\u010deny pro v\u00e1s kdykoli a pro jakoukoli p\u0159\u00edle\u017eitost: od mal\u00fdch s\u00e1\u010dk\u016f, p\u0159es velk\u00e9 form\u00e1ty, m\u00edchan\u00e9 p\u0159\u00edchut\u011b nebo p\u0159\u00edchu\u0165, kterou m\u00e1te nejrad\u011bji! <\/p>\n","protected":false},"featured_media":43100,"template":"","meta":{"_et_pb_use_builder":"","_et_pb_old_content":"","_et_gb_content_width":""},"product_brand":[1435],"product_cat":[7783,1935],"product_tag":[],"class_list":{"0":"post-43099","1":"product","2":"type-product","3":"status-publish","4":"has-post-thumbnail","6":"product_brand-damel","7":"product_cat-vanocni-special","8":"product_cat-zachovava","10":"first","11":"outofstock","12":"taxable","13":"shipping-taxable","14":"purchasable","15":"product-type-simple"},"_links":{"self":[{"href":"https:\/\/myspainfood.com\/cs\/wp-json\/wp\/v2\/product\/43099","targetHints":{"allow":["GET"]}}],"collection":[{"href":"https:\/\/myspainfood.com\/cs\/wp-json\/wp\/v2\/product"}],"about":[{"href":"https:\/\/myspainfood.com\/cs\/wp-json\/wp\/v2\/types\/product"}],"wp:featuredmedia":[{"embeddable":true,"href":"https:\/\/myspainfood.com\/cs\/wp-json\/wp\/v2\/media\/43100"}],"wp:attachment":[{"href":"https:\/\/myspainfood.com\/cs\/wp-json\/wp\/v2\/media?parent=43099"}],"wp:term":[{"taxonomy":"product_brand","embeddable":true,"href":"https:\/\/myspainfood.com\/cs\/wp-json\/wp\/v2\/product_brand?post=43099"},{"taxonomy":"product_cat","embeddable":true,"href":"https:\/\/myspainfood.com\/cs\/wp-json\/wp\/v2\/product_cat?post=43099"},{"taxonomy":"product_tag","embeddable":true,"href":"https:\/\/myspainfood.com\/cs\/wp-json\/wp\/v2\/product_tag?post=43099"}],"curies":[{"name":"wp","href":"https:\/\/api.w.org\/{rel}","templated":true}]}}