{"id":43266,"date":"2025-04-10T12:10:38","date_gmt":"2025-04-10T10:10:38","guid":{"rendered":"https:\/\/myspainfood.com\/producto\/almagrovy-cogollos-de-alinada-de-almagro-salatova-srdce\/"},"modified":"2025-04-10T12:10:38","modified_gmt":"2025-04-10T10:10:38","slug":"almagrovy-cogollos-de-alinada-de-almagro-salatova-srdce","status":"publish","type":"product","link":"https:\/\/myspainfood.com\/cs\/producto\/almagrovy-cogollos-de-alinada-de-almagro-salatova-srdce\/","title":{"rendered":"Almagrovy &#8222;Cogollos de Ali\u00f1ada de Almagro&#8220; (sal\u00e1tov\u00e1 srdce)"},"content":{"rendered":"<p>Lilek s dresinkem Almagro je tradi\u010dn\u00ed produkt z oblasti Campo de Calatrava v srdci La <a href=\"https:\/\/www.laencajera.es\/berenjenas-de-almagro\" target=\"_blank\" rel=\"noopener noreferrer nofollow\">Mancha<\/a>.<\/p>\n<p>Produkt s chr\u00e1n\u011bn\u00fdm zem\u011bpisn\u00fdm ozna\u010den\u00edm, kter\u00fd se stal gastronomickou referenc\u00ed, a\u0165 u\u017e jako aperitiv, tepl\u00e1 nebo studen\u00e1 kuchyn\u011b.<\/p>\n<p>Slo\u017een\u00ed: Voda, s\u016fl, vinn\u00fd ocet, pep\u0159, fenykl, p\u0159\u00edrodn\u00ed ko\u0159en\u00ed (\u010desnek, km\u00edn, paprika, olivov\u00fd olej), l\u00e1tka zv\u00fdraz\u0148uj\u00edc\u00ed chu\u0165 a v\u016fni (E-621), regul\u00e1tory kyselosti (E-330), konzervanty (E-270, E-211, E-202E-223), antioxidant (E-300) a p\u0159\u00edrodn\u00ed aromata.<\/p>\n<p>Uchov\u00e1vejte na chladn\u00e9m a such\u00e9m m\u00edst\u011b p\u0159i teplot\u011b od 3 do 10 \u00b0C.<\/p>\n<p>Chra\u0148te p\u0159ed slune\u010dn\u00edm z\u00e1\u0159en\u00edm a siln\u00fdmi pachy.<\/p>\n<p>Lilek od spole\u010dnosti Almagro po otev\u0159en\u00ed balen\u00ed uchov\u00e1vejte v chladu a spot\u0159ebujte do 30 dn\u016f.<\/p>\n<p>Pokud si chcete koupit olivy nebo jak\u00fdkoli jin\u00fd druh <a href=\"https:\/\/latiendadesami.com\/categoria-producto\/encurtidos\/\" rel=\"noopener noreferrer nofollow\" target=\"_blank\">nakl\u00e1dan\u00e9 zeleniny<\/a>, nev\u00e1hejte se pod\u00edvat do na\u0161eho online katalogu a prohl\u00e9dnout si \u0161irokou nab\u00eddku <a href=\"https:\/\/latiendadesami.com\/categoria-producto\/encurtidos\/berenjenas\/\" target=\"_blank\" rel=\"noopener noreferrer nofollow\">lilk\u016f<\/a>.<\/p>\n<p>Zna\u010dka La Encajonera je rodinn\u00fd podnik zalo\u017een\u00fd v roce 1990, kter\u00fd se nach\u00e1z\u00ed v srdci regionu La Mancha, ve m\u011bst\u011b ALMAGRO v provincii Ciudad Real.<\/p>\n<p>V\u00fdrobn\u00ed proces jej\u00edch produkt\u016f za\u010d\u00edn\u00e1 ve stejn\u00e9 p\u011bstitelsk\u00e9 oblasti, kde se vyb\u00edr\u00e1 ten nejkvalitn\u011bj\u0161\u00ed produkt.<\/p>\n<p>Tov\u00e1rna je vybavena nejmodern\u011bj\u0161\u00edmi technologiemi a z\u00e1rove\u0148 si zachov\u00e1v\u00e1 tradici a know-how sv\u00fdch \u0159emesln\u00edk\u016f.<\/p>\n","protected":false},"excerpt":{"rendered":"<p>Lilek s dresinkem Almagro je tradi\u010dn\u00ed produkt z oblasti Campo de Calatrava v srdci La Mancha. Produkt s chr\u00e1n\u011bn\u00fdm zem\u011bpisn\u00fdm ozna\u010den\u00edm, kter\u00fd se stal gastronomickou referenc\u00ed, a\u0165 u\u017e jako aperitiv, tepl\u00e1 nebo studen\u00e1 kuchyn\u011b. Slo\u017een\u00ed: Voda, s\u016fl, vinn\u00fd ocet, pep\u0159, fenykl, p\u0159\u00edrodn\u00ed ko\u0159en\u00ed (\u010desnek, km\u00edn, paprika, olivov\u00fd olej), l\u00e1tka zv\u00fdraz\u0148uj\u00edc\u00ed chu\u0165 a v\u016fni (E-621), regul\u00e1tory [&hellip;]<\/p>\n","protected":false},"featured_media":43269,"template":"","meta":{"_et_pb_use_builder":"","_et_pb_old_content":"","_et_gb_content_width":""},"product_brand":[],"product_cat":[2104,1778],"product_tag":[2105],"class_list":{"0":"post-43266","1":"product","2":"type-product","3":"status-publish","4":"has-post-thumbnail","6":"product_cat-lilek","7":"product_cat-pickles-cs","8":"product_tag-alinada-cs","10":"first","11":"instock","12":"taxable","13":"shipping-taxable","14":"purchasable","15":"product-type-simple"},"_links":{"self":[{"href":"https:\/\/myspainfood.com\/cs\/wp-json\/wp\/v2\/product\/43266","targetHints":{"allow":["GET"]}}],"collection":[{"href":"https:\/\/myspainfood.com\/cs\/wp-json\/wp\/v2\/product"}],"about":[{"href":"https:\/\/myspainfood.com\/cs\/wp-json\/wp\/v2\/types\/product"}],"wp:featuredmedia":[{"embeddable":true,"href":"https:\/\/myspainfood.com\/cs\/wp-json\/wp\/v2\/media\/43269"}],"wp:attachment":[{"href":"https:\/\/myspainfood.com\/cs\/wp-json\/wp\/v2\/media?parent=43266"}],"wp:term":[{"taxonomy":"product_brand","embeddable":true,"href":"https:\/\/myspainfood.com\/cs\/wp-json\/wp\/v2\/product_brand?post=43266"},{"taxonomy":"product_cat","embeddable":true,"href":"https:\/\/myspainfood.com\/cs\/wp-json\/wp\/v2\/product_cat?post=43266"},{"taxonomy":"product_tag","embeddable":true,"href":"https:\/\/myspainfood.com\/cs\/wp-json\/wp\/v2\/product_tag?post=43266"}],"curies":[{"name":"wp","href":"https:\/\/api.w.org\/{rel}","templated":true}]}}