{"id":43436,"date":"2025-04-10T12:11:14","date_gmt":"2025-04-10T10:11:14","guid":{"rendered":"https:\/\/myspainfood.com\/producto\/pico-mandlovy-nugat-200-gramu-jijona\/"},"modified":"2025-04-10T12:11:14","modified_gmt":"2025-04-10T10:11:14","slug":"pico-mandlovy-nugat-200-gramu-jijona","status":"publish","type":"product","link":"https:\/\/myspainfood.com\/cs\/producto\/pico-mandlovy-nugat-200-gramu-jijona\/","title":{"rendered":"Pic\u00f3 Mandlov\u00fd nug\u00e1t 200 gram\u016f Jijona"},"content":{"rendered":"<p>Med a mandle jsou dv\u011b z\u00e1kladn\u00ed slo\u017eky, z nich\u017e se skl\u00e1d\u00e1 nug\u00e1t vyr\u00e1b\u011bn\u00fd v Jijon\u011b a opat\u0159en\u00fd pe\u010det\u00ed chr\u00e1n\u011bn\u00e9ho zem\u011bpisn\u00e9ho ozna\u010den\u00ed, kterou ud\u011bluje regula\u010dn\u00ed rada. Abychom odhalili jeho p\u016fvod, je t\u0159eba se pod\u00edvat zp\u011bt a dol\u016f, do zem\u011b. Prvn\u00ed turroneros byli vlastn\u011b zem\u011bd\u011blci, kte\u0159\u00ed p\u011bstovali mandlon\u011b a sb\u00edrali med, ale v zim\u011b, kdy\u017e napadl sn\u00edh, museli p\u0159e\u017e\u00edt. Proto p\u0159i\u0161li s n\u00e1padem p\u0159em\u011bnit vyp\u011bstovan\u00e9 suroviny na potravinu, kterou by mohli prod\u00e1vat na tehdej\u0161\u00edch veletrz\u00edch.   <\/p>\n<p>Klimatick\u00e9 a geologick\u00e9 podm\u00ednky v provincii Alicante jsou obzvl\u00e1\u0161t\u011b vhodn\u00e9 pro p\u011bstov\u00e1n\u00ed mandlon\u00ed, kter\u00e9 rostou pouze ve st\u0159edomo\u0159sk\u00e9m klimatu. Dal\u0161\u00ed zvl\u00e1\u0161tnost\u00ed tohoto stromu je, \u017ee pro svou reprodukci mus\u00ed b\u00fdt opylov\u00e1n, a proto je t\u0159eba usnadnit v\u010del\u00e1m jejich funkci a produkci medu. Aby v\u0161ak nug\u00e1t nebyl jen pouhou sm\u011bs\u00ed cukru, mandl\u00ed a medu, je t\u0159eba dodr\u017eovat p\u0159\u00edsn\u00e9 a p\u0159edpotopn\u00ed postupy v\u00fdroby a kvality.  <\/p>\n<p>Slo\u017een\u00ed Pra\u017een\u00e9 mandle 64 %, cukr, med, vaje\u010dn\u00fd b\u00edlek a emulg\u00e1tor e-471.<\/p>\n<p><strong>DATUM UKON\u010cEN\u00cd PLATNOSTI 02\/2024<\/strong><\/p>\n","protected":false},"excerpt":{"rendered":"<p>Med a mandle jsou dv\u011b z\u00e1kladn\u00ed slo\u017eky, z nich\u017e se skl\u00e1d\u00e1 nug\u00e1t vyr\u00e1b\u011bn\u00fd v Jijon\u011b a opat\u0159en\u00fd pe\u010det\u00ed chr\u00e1n\u011bn\u00e9ho zem\u011bpisn\u00e9ho ozna\u010den\u00ed, kterou ud\u011bluje regula\u010dn\u00ed rada. Abychom odhalili jeho p\u016fvod, je t\u0159eba se pod\u00edvat zp\u011bt a dol\u016f, do zem\u011b. Prvn\u00ed turroneros byli vlastn\u011b zem\u011bd\u011blci, kte\u0159\u00ed p\u011bstovali mandlon\u011b a sb\u00edrali med, ale v zim\u011b, kdy\u017e napadl sn\u00edh, [&hellip;]<\/p>\n","protected":false},"featured_media":43442,"template":"","meta":{"_et_pb_use_builder":"","_et_pb_old_content":"","_et_gb_content_width":""},"product_brand":[1414],"product_cat":[7783,1935],"product_tag":[],"class_list":{"0":"post-43436","1":"product","2":"type-product","3":"status-publish","4":"has-post-thumbnail","6":"product_brand-pico","7":"product_cat-vanocni-special","8":"product_cat-zachovava","10":"first","11":"outofstock","12":"taxable","13":"shipping-taxable","14":"product-type-variable"},"_links":{"self":[{"href":"https:\/\/myspainfood.com\/cs\/wp-json\/wp\/v2\/product\/43436","targetHints":{"allow":["GET"]}}],"collection":[{"href":"https:\/\/myspainfood.com\/cs\/wp-json\/wp\/v2\/product"}],"about":[{"href":"https:\/\/myspainfood.com\/cs\/wp-json\/wp\/v2\/types\/product"}],"wp:featuredmedia":[{"embeddable":true,"href":"https:\/\/myspainfood.com\/cs\/wp-json\/wp\/v2\/media\/43442"}],"wp:attachment":[{"href":"https:\/\/myspainfood.com\/cs\/wp-json\/wp\/v2\/media?parent=43436"}],"wp:term":[{"taxonomy":"product_brand","embeddable":true,"href":"https:\/\/myspainfood.com\/cs\/wp-json\/wp\/v2\/product_brand?post=43436"},{"taxonomy":"product_cat","embeddable":true,"href":"https:\/\/myspainfood.com\/cs\/wp-json\/wp\/v2\/product_cat?post=43436"},{"taxonomy":"product_tag","embeddable":true,"href":"https:\/\/myspainfood.com\/cs\/wp-json\/wp\/v2\/product_tag?post=43436"}],"curies":[{"name":"wp","href":"https:\/\/api.w.org\/{rel}","templated":true}]}}