{"id":43555,"date":"2025-04-10T12:12:05","date_gmt":"2025-04-10T10:12:05","guid":{"rendered":"https:\/\/myspainfood.com\/producto\/santos-sodupe-rioja-mlady-titis-rose\/"},"modified":"2026-01-29T12:39:14","modified_gmt":"2026-01-29T11:39:14","slug":"santos-sodupe-rioja-mlady-titis-rose","status":"publish","type":"product","link":"https:\/\/myspainfood.com\/cs\/producto\/santos-sodupe-rioja-mlady-titis-rose\/","title":{"rendered":"Santos Sodupe Rioja mlad\u00fd TITIS ROS\u00c9"},"content":{"rendered":"<p>R\u016f\u017eov\u00e1<\/p>\n<p>Macerace za studena<\/p>\n<p>N\u00edzkotlak\u00e9 lisov\u00e1n\u00ed, voln\u011b tekouc\u00ed \u0161\u0165\u00e1va<\/p>\n<p>\u010ci\u0161t\u011bn\u00ed flotac\u00ed<\/p>\n<p>Kva\u0161en\u00ed s \u0159\u00edzenou teplotou<\/p>\n<p>Technick\u00e9 specifikace<\/p>\n<p>  Mlad\u00e9 r\u016f\u017eov\u00e9<\/p>\n<p>  100% \u010derven\u00e9 grenache<\/p>\n<p>  Bodegas Santos Sodupe<\/p>\n<p>  San Asensio, La Rioja<\/p>\n<p>  D.O.C. Rioja<\/p>\n<p>  75cl \/ 12,5%obj.<\/p>\n<p>  Obsahuje si\u0159i\u010ditany<\/p>\n<p>ochutn\u00e1vka<\/p>\n<p>Sv\u011btle \u010dist\u011b r\u016f\u017eov\u00e1, lososov\u00e9 odlesky<\/p>\n<p>Obklopuj\u00edc\u00ed a elegantn\u00ed, b\u00edl\u00e9 ovoce a citrusov\u00e9 plody<\/p>\n<p>Dlouh\u00e9 a jemn\u00e9, elegantn\u00ed a dlouhotrvaj\u00edc\u00ed kyselost<\/p>\n","protected":false},"excerpt":{"rendered":"<p>R\u016f\u017eov\u00e1 Macerace za studena N\u00edzkotlak\u00e9 lisov\u00e1n\u00ed, voln\u011b tekouc\u00ed \u0161\u0165\u00e1va \u010ci\u0161t\u011bn\u00ed flotac\u00ed Kva\u0161en\u00ed s \u0159\u00edzenou teplotou Technick\u00e9 specifikace Mlad\u00e9 r\u016f\u017eov\u00e9 100% \u010derven\u00e9 grenache Bodegas Santos Sodupe San Asensio, La Rioja D.O.C. Rioja 75cl \/ 12,5%obj. Obsahuje si\u0159i\u010ditany ochutn\u00e1vka Sv\u011btle \u010dist\u011b r\u016f\u017eov\u00e1, lososov\u00e9 odlesky Obklopuj\u00edc\u00ed a elegantn\u00ed, b\u00edl\u00e9 ovoce a citrusov\u00e9 plody Dlouh\u00e9 a jemn\u00e9, elegantn\u00ed a [&hellip;]<\/p>\n","protected":false},"featured_media":43558,"template":"","meta":{"_et_pb_use_builder":"","_et_pb_old_content":"","_et_gb_content_width":""},"product_brand":[1459],"product_cat":[4908,4910],"product_tag":[],"class_list":{"0":"post-43555","1":"product","2":"type-product","3":"status-publish","4":"has-post-thumbnail","6":"product_brand-santos-sodupe","7":"product_cat-napoje-cs","8":"product_cat-vino-cs","10":"first","11":"outofstock","12":"taxable","13":"shipping-taxable","14":"product-type-variable"},"_links":{"self":[{"href":"https:\/\/myspainfood.com\/cs\/wp-json\/wp\/v2\/product\/43555","targetHints":{"allow":["GET"]}}],"collection":[{"href":"https:\/\/myspainfood.com\/cs\/wp-json\/wp\/v2\/product"}],"about":[{"href":"https:\/\/myspainfood.com\/cs\/wp-json\/wp\/v2\/types\/product"}],"wp:featuredmedia":[{"embeddable":true,"href":"https:\/\/myspainfood.com\/cs\/wp-json\/wp\/v2\/media\/43558"}],"wp:attachment":[{"href":"https:\/\/myspainfood.com\/cs\/wp-json\/wp\/v2\/media?parent=43555"}],"wp:term":[{"taxonomy":"product_brand","embeddable":true,"href":"https:\/\/myspainfood.com\/cs\/wp-json\/wp\/v2\/product_brand?post=43555"},{"taxonomy":"product_cat","embeddable":true,"href":"https:\/\/myspainfood.com\/cs\/wp-json\/wp\/v2\/product_cat?post=43555"},{"taxonomy":"product_tag","embeddable":true,"href":"https:\/\/myspainfood.com\/cs\/wp-json\/wp\/v2\/product_tag?post=43555"}],"curies":[{"name":"wp","href":"https:\/\/api.w.org\/{rel}","templated":true}]}}